{"id":1451,"date":"2016-10-20T16:33:41","date_gmt":"2016-10-20T16:33:41","guid":{"rendered":"http:\/\/site.astrofoto.com.pt\/welcome\/?post_type=product&#038;p=1451"},"modified":"2025-07-29T15:30:32","modified_gmt":"2025-07-29T15:30:32","slug":"celestron-nexstar-evolution-6-2","status":"publish","type":"product","link":"https:\/\/site.astrofoto.com.pt\/welcome\/produto\/celestron-nexstar-evolution-6-2\/","title":{"rendered":"Celestron &#8211; Nexstar Evolution 6"},"content":{"rendered":"<p><a href=\"http:\/\/site.astrofoto.com.pt\/welcome\/wp-content\/uploads\/2016\/10\/c15.jpg\"><img fetchpriority=\"high\" decoding=\"async\" class=\"alignleft size-medium wp-image-1452\" src=\"http:\/\/site.astrofoto.com.pt\/welcome\/wp-content\/uploads\/2016\/10\/c15-300x300.jpg\" alt=\"c15\" width=\"300\" height=\"300\" srcset=\"https:\/\/site.astrofoto.com.pt\/welcome\/wp-content\/uploads\/2016\/10\/c15-300x300.jpg 300w, https:\/\/site.astrofoto.com.pt\/welcome\/wp-content\/uploads\/2016\/10\/c15-100x100.jpg 100w, https:\/\/site.astrofoto.com.pt\/welcome\/wp-content\/uploads\/2016\/10\/c15-150x150.jpg 150w, https:\/\/site.astrofoto.com.pt\/welcome\/wp-content\/uploads\/2016\/10\/c15.jpg 400w\" sizes=\"(max-width: 300px) 100vw, 300px\" \/><\/a><\/p>\n<p><strong>\u00a0Telescopio Celestron &#8211; Nexstar Evolution 6<\/strong><\/p>\n<p>\u2022 Schmidt\/Cassegrain<br \/>\n\u2022 Abertura: 150 mm (6&#8243;)<br \/>\n\u2022 Dist\u00e2ncia focal: 1500mm<br \/>\n\u2022 Raz\u00e3o focal: f\/10<br \/>\n\u2022 Tratamento Starbright XLT na \u00f3ptica<br \/>\n\u2022 Porta de entrada para GPS (CN-16)<br \/>\n\u2022 Sistema SkyAlign<br \/>\n\u2022 Trip\u00e9 em a\u00e7o<\/p>\n<p>\u2022 Sistema WiFi<br \/>\n\u2022 Bateria incluida (at\u00e9 10h)<br \/>\n\u2022 Ocular de 40mm<br \/>\n\u2022 Ocular de 13mm<br \/>\n\u2022 Buscador: StarPointer<br \/>\n\u2022 Diagonal 1.25&#8243;<\/p>\n<p>\u25ba<a href=\"https:\/\/www.youtube.com\/watch?v=zUW50j5uqOY\">ver no Youtube<\/a><\/p>\n<p>** os portes dos telesc\u00f3pios n\u00e3o est\u00e3o incluidos na taxa de 7\u20ac<\/p>\n","protected":false},"excerpt":{"rendered":"<p>\u00a0Telescopio Celestron &#8211; Nexstar Evolution 6 \u2022 Schmidt\/Cassegrain \u2022 Abertura: 150 mm (6&#8243;) \u2022 Dist\u00e2ncia focal: 1500mm \u2022 Raz\u00e3o focal: f\/10 \u2022 Tratamento Starbright XLT na \u00f3ptica \u2022 Porta de entrada para GPS (CN-16) \u2022 Sistema SkyAlign \u2022 Trip\u00e9 em a\u00e7o \u2022 Sistema WiFi \u2022 Bateria incluida (at\u00e9 10h) \u2022 Ocular de 40mm \u2022 Ocular<\/p>\n<div class=\"more-link\">\n\t\t\t\t <a href=\"https:\/\/site.astrofoto.com.pt\/welcome\/produto\/celestron-nexstar-evolution-6-2\/\" class=\"btn theme-btn inverted\"><span>Continuar a Ler <\/span><\/a>\n\t\t\t<\/div>\n","protected":false},"featured_media":1452,"comment_status":"open","ping_status":"closed","template":"","meta":[],"product_brand":[],"product_cat":[17,68],"product_tag":[],"class_list":{"0":"post-1451","1":"product","2":"type-product","3":"status-publish","4":"has-post-thumbnail","6":"product_cat-telescopios-catadioptricos","7":"product_cat-wi-fi","9":"first","10":"onbackorder","11":"sale","12":"shipping-taxable","13":"purchasable","14":"product-type-simple"},"_links":{"self":[{"href":"https:\/\/site.astrofoto.com.pt\/welcome\/wp-json\/wp\/v2\/product\/1451","targetHints":{"allow":["GET"]}}],"collection":[{"href":"https:\/\/site.astrofoto.com.pt\/welcome\/wp-json\/wp\/v2\/product"}],"about":[{"href":"https:\/\/site.astrofoto.com.pt\/welcome\/wp-json\/wp\/v2\/types\/product"}],"replies":[{"embeddable":true,"href":"https:\/\/site.astrofoto.com.pt\/welcome\/wp-json\/wp\/v2\/comments?post=1451"}],"wp:featuredmedia":[{"embeddable":true,"href":"https:\/\/site.astrofoto.com.pt\/welcome\/wp-json\/wp\/v2\/media\/1452"}],"wp:attachment":[{"href":"https:\/\/site.astrofoto.com.pt\/welcome\/wp-json\/wp\/v2\/media?parent=1451"}],"wp:term":[{"taxonomy":"product_brand","embeddable":true,"href":"https:\/\/site.astrofoto.com.pt\/welcome\/wp-json\/wp\/v2\/product_brand?post=1451"},{"taxonomy":"product_cat","embeddable":true,"href":"https:\/\/site.astrofoto.com.pt\/welcome\/wp-json\/wp\/v2\/product_cat?post=1451"},{"taxonomy":"product_tag","embeddable":true,"href":"https:\/\/site.astrofoto.com.pt\/welcome\/wp-json\/wp\/v2\/product_tag?post=1451"}],"curies":[{"name":"wp","href":"https:\/\/api.w.org\/{rel}","templated":true}]}}