{"id":1436,"date":"2016-10-20T15:39:02","date_gmt":"2016-10-20T15:39:02","guid":{"rendered":"http:\/\/site.astrofoto.com.pt\/welcome\/?post_type=product&#038;p=1436"},"modified":"2022-10-18T18:03:43","modified_gmt":"2022-10-18T18:03:43","slug":"celestron-nexstar-127slt","status":"publish","type":"product","link":"https:\/\/site.astrofoto.com.pt\/welcome\/produto\/celestron-nexstar-127slt\/","title":{"rendered":"Celestron &#8211; Nexstar127 SLT"},"content":{"rendered":"<p><a href=\"http:\/\/site.astrofoto.com.pt\/welcome\/wp-content\/uploads\/2016\/10\/c19.jpg\"><img fetchpriority=\"high\" decoding=\"async\" class=\"alignleft size-medium wp-image-1460\" src=\"http:\/\/site.astrofoto.com.pt\/welcome\/wp-content\/uploads\/2016\/10\/c19-300x300.jpg\" alt=\"c19\" width=\"300\" height=\"300\" srcset=\"https:\/\/site.astrofoto.com.pt\/welcome\/wp-content\/uploads\/2016\/10\/c19-300x300.jpg 300w, https:\/\/site.astrofoto.com.pt\/welcome\/wp-content\/uploads\/2016\/10\/c19-450x450.jpg 450w, https:\/\/site.astrofoto.com.pt\/welcome\/wp-content\/uploads\/2016\/10\/c19-100x100.jpg 100w, https:\/\/site.astrofoto.com.pt\/welcome\/wp-content\/uploads\/2016\/10\/c19-600x600.jpg 600w, https:\/\/site.astrofoto.com.pt\/welcome\/wp-content\/uploads\/2016\/10\/c19-150x150.jpg 150w, https:\/\/site.astrofoto.com.pt\/welcome\/wp-content\/uploads\/2016\/10\/c19-768x768.jpg 768w, https:\/\/site.astrofoto.com.pt\/welcome\/wp-content\/uploads\/2016\/10\/c19.jpg 800w\" sizes=\"(max-width: 300px) 100vw, 300px\" \/><\/a><\/p>\n<p><strong>\u2022 Catadi\u00f3ptrico Maksutov-Cassegrain de 127 mm (5&#8243;) <\/strong><\/p>\n<p class=\"style1\">\u2022 Abertura: 127 mm<br \/>\n\u2022 Dist\u00e2ncia focal: 1500 mm<br \/>\n\u2022 Rela\u00e7\u00e3o focal: f\/11.8<br \/>\n\u2022 Montagem Nexstar SLT<br \/>\n\u2022 Fun\u00e7\u00e3o GoTo<br \/>\n\u2022 Sistema de computoriza\u00e7\u00e3o integrado SkyAlign<br \/>\n\u2022 Base de dados com mais de 4 000 objetos<br \/>\n\u2022 Fun\u00e7\u00e3o de alinhamento SkyAlign, r\u00e1pido e preciso<br \/>\n\u2022 Programa, unidade de controlo e vers\u00e3o dos motores, actualiz\u00e1veis pela Internet<br \/>\n\u2022 Compartimento interno para pilhas, evitando que os cabos se enrolem<br \/>\n\u2022 Compat\u00edvel com programa opcional NexRemote, &#8211; controlar o telesc\u00f3pio a partir do PC<br \/>\n\u2022 Oculares: 25mm (60x) e 9mm (167x)<br \/>\n\u2022 Buscador Red Dot<br \/>\n\u2022 Peso: 8.16kg<br \/>\n\u2022 Trip\u00e9 em a\u00e7o<br \/>\n\u2022 Diagonal de 90\u00ba 1.25&#8243;<br \/>\n\u2022 CD-ROM &#8220;The Sky n\u00edvel 1&#8221;<\/p>\n<p>** os portes dos telesc\u00f3pios n\u00e3o est\u00e3o incluidos na taxa de 5 \u20ac:<br \/>\n<a href=\"http:\/\/astrofoto.com.pt\/envios.htm\">http:\/\/astrofoto.com.pt\/envios.htm<\/a><\/p>\n","protected":false},"excerpt":{"rendered":"<p>\u2022 Catadi\u00f3ptrico Maksutov-Cassegrain de 127 mm (5&#8243;) \u2022 Abertura: 127 mm \u2022 Dist\u00e2ncia focal: 1500 mm \u2022 Rela\u00e7\u00e3o focal: f\/11.8 \u2022 Montagem Nexstar SLT \u2022 Fun\u00e7\u00e3o GoTo \u2022 Sistema de computoriza\u00e7\u00e3o integrado SkyAlign \u2022 Base de dados com mais de 4 000 objetos \u2022 Fun\u00e7\u00e3o de alinhamento SkyAlign, r\u00e1pido e preciso \u2022 Programa, unidade de<\/p>\n<div class=\"more-link\">\n\t\t\t\t <a href=\"https:\/\/site.astrofoto.com.pt\/welcome\/produto\/celestron-nexstar-127slt\/\" class=\"btn theme-btn inverted\"><span>Continuar a Ler <\/span><\/a>\n\t\t\t<\/div>\n","protected":false},"featured_media":1450,"comment_status":"open","ping_status":"closed","template":"","meta":[],"product_brand":[],"product_cat":[17],"product_tag":[],"class_list":{"0":"post-1436","1":"product","2":"type-product","3":"status-publish","4":"has-post-thumbnail","6":"product_cat-telescopios-catadioptricos","8":"first","9":"onbackorder","10":"shipping-taxable","11":"purchasable","12":"product-type-simple"},"_links":{"self":[{"href":"https:\/\/site.astrofoto.com.pt\/welcome\/wp-json\/wp\/v2\/product\/1436","targetHints":{"allow":["GET"]}}],"collection":[{"href":"https:\/\/site.astrofoto.com.pt\/welcome\/wp-json\/wp\/v2\/product"}],"about":[{"href":"https:\/\/site.astrofoto.com.pt\/welcome\/wp-json\/wp\/v2\/types\/product"}],"replies":[{"embeddable":true,"href":"https:\/\/site.astrofoto.com.pt\/welcome\/wp-json\/wp\/v2\/comments?post=1436"}],"wp:featuredmedia":[{"embeddable":true,"href":"https:\/\/site.astrofoto.com.pt\/welcome\/wp-json\/wp\/v2\/media\/1450"}],"wp:attachment":[{"href":"https:\/\/site.astrofoto.com.pt\/welcome\/wp-json\/wp\/v2\/media?parent=1436"}],"wp:term":[{"taxonomy":"product_brand","embeddable":true,"href":"https:\/\/site.astrofoto.com.pt\/welcome\/wp-json\/wp\/v2\/product_brand?post=1436"},{"taxonomy":"product_cat","embeddable":true,"href":"https:\/\/site.astrofoto.com.pt\/welcome\/wp-json\/wp\/v2\/product_cat?post=1436"},{"taxonomy":"product_tag","embeddable":true,"href":"https:\/\/site.astrofoto.com.pt\/welcome\/wp-json\/wp\/v2\/product_tag?post=1436"}],"curies":[{"name":"wp","href":"https:\/\/api.w.org\/{rel}","templated":true}]}}