{"id":1435,"date":"2016-10-20T15:34:50","date_gmt":"2016-10-20T15:34:50","guid":{"rendered":"http:\/\/site.astrofoto.com.pt\/welcome\/?post_type=product&#038;p=1435"},"modified":"2025-03-06T21:37:58","modified_gmt":"2025-03-06T21:37:58","slug":"celestron-cpc-925-gps","status":"publish","type":"product","link":"https:\/\/site.astrofoto.com.pt\/welcome\/produto\/celestron-cpc-925-gps\/","title":{"rendered":"Celestron &#8211; CPC 925 GPS"},"content":{"rendered":"<p><a href=\"http:\/\/site.astrofoto.com.pt\/welcome\/wp-content\/uploads\/2016\/10\/c9.jpg\"><img fetchpriority=\"high\" decoding=\"async\" class=\"alignleft size-medium wp-image-1434\" src=\"http:\/\/site.astrofoto.com.pt\/welcome\/wp-content\/uploads\/2016\/10\/c9-300x300.jpg\" alt=\"c9\" width=\"300\" height=\"300\" srcset=\"https:\/\/site.astrofoto.com.pt\/welcome\/wp-content\/uploads\/2016\/10\/c9-300x300.jpg 300w, https:\/\/site.astrofoto.com.pt\/welcome\/wp-content\/uploads\/2016\/10\/c9-450x450.jpg 450w, https:\/\/site.astrofoto.com.pt\/welcome\/wp-content\/uploads\/2016\/10\/c9-100x100.jpg 100w, https:\/\/site.astrofoto.com.pt\/welcome\/wp-content\/uploads\/2016\/10\/c9-150x150.jpg 150w, https:\/\/site.astrofoto.com.pt\/welcome\/wp-content\/uploads\/2016\/10\/c9.jpg 500w\" sizes=\"(max-width: 300px) 100vw, 300px\" \/><\/a>Caracter\u00edsticas:<\/p>\n<p>\u2022 Tubo \u00f3ptico de alum\u00ednio<br \/>\n\u2022 Abertura: 235 mm<br \/>\n\u2022 Distancia focal de 2350mm<br \/>\n\u2022 Tratamiento Starbright\u00ae XLT<br \/>\n\u2022 M\u00e9todo de alinhamento SkyAlign<br \/>\n\u2022 Montagem altazimutal<br \/>\n\u2022 Unidade de controlo NexStar com fun\u00e7\u00e3o GoTo<br \/>\n\u2022 GPS de 16 canais incorporados<br \/>\n\u2022 Correc\u00e7\u00e3o do Erro peri\u00f3dico (PEC)<br \/>\n\u2022 Peso 35 kg<br \/>\n\u2022 Trip\u00e9 em a\u00e7o<\/p>\n<p>Acess\u00f3rios:<br \/>\n\u2022 Ocular Pl\u00f6ssl 40 mm (59x)<br \/>\n\u2022 Buscador 8&#215;50 mm<br \/>\n\u2022 Diagonal 90\u00ba 1.25&#8243;<\/p>\n<p class=\"style1\">** os portes dos telesc\u00f3pios n\u00e3o est\u00e3o incluidos na taxa de 5 \u20ac:<br \/>\n<a href=\"http:\/\/astrofoto.com.pt\/envios.htm\">http:\/\/astrofoto.com.pt\/envios.htm<\/a><\/p>\n","protected":false},"excerpt":{"rendered":"<p>Caracter\u00edsticas: \u2022 Tubo \u00f3ptico de alum\u00ednio \u2022 Abertura: 235 mm \u2022 Distancia focal de 2350mm \u2022 Tratamiento Starbright\u00ae XLT \u2022 M\u00e9todo de alinhamento SkyAlign \u2022 Montagem altazimutal \u2022 Unidade de controlo NexStar com fun\u00e7\u00e3o GoTo \u2022 GPS de 16 canais incorporados \u2022 Correc\u00e7\u00e3o do Erro peri\u00f3dico (PEC) \u2022 Peso 35 kg \u2022 Trip\u00e9 em a\u00e7o<\/p>\n<div class=\"more-link\">\n\t\t\t\t <a href=\"https:\/\/site.astrofoto.com.pt\/welcome\/produto\/celestron-cpc-925-gps\/\" class=\"btn theme-btn inverted\"><span>Continuar a Ler <\/span><\/a>\n\t\t\t<\/div>\n","protected":false},"featured_media":1434,"comment_status":"open","ping_status":"closed","template":"","meta":[],"product_brand":[],"product_cat":[17],"product_tag":[],"class_list":{"0":"post-1435","1":"product","2":"type-product","3":"status-publish","4":"has-post-thumbnail","6":"product_cat-telescopios-catadioptricos","8":"first","9":"onbackorder","10":"shipping-taxable","11":"purchasable","12":"product-type-simple"},"_links":{"self":[{"href":"https:\/\/site.astrofoto.com.pt\/welcome\/wp-json\/wp\/v2\/product\/1435","targetHints":{"allow":["GET"]}}],"collection":[{"href":"https:\/\/site.astrofoto.com.pt\/welcome\/wp-json\/wp\/v2\/product"}],"about":[{"href":"https:\/\/site.astrofoto.com.pt\/welcome\/wp-json\/wp\/v2\/types\/product"}],"replies":[{"embeddable":true,"href":"https:\/\/site.astrofoto.com.pt\/welcome\/wp-json\/wp\/v2\/comments?post=1435"}],"wp:featuredmedia":[{"embeddable":true,"href":"https:\/\/site.astrofoto.com.pt\/welcome\/wp-json\/wp\/v2\/media\/1434"}],"wp:attachment":[{"href":"https:\/\/site.astrofoto.com.pt\/welcome\/wp-json\/wp\/v2\/media?parent=1435"}],"wp:term":[{"taxonomy":"product_brand","embeddable":true,"href":"https:\/\/site.astrofoto.com.pt\/welcome\/wp-json\/wp\/v2\/product_brand?post=1435"},{"taxonomy":"product_cat","embeddable":true,"href":"https:\/\/site.astrofoto.com.pt\/welcome\/wp-json\/wp\/v2\/product_cat?post=1435"},{"taxonomy":"product_tag","embeddable":true,"href":"https:\/\/site.astrofoto.com.pt\/welcome\/wp-json\/wp\/v2\/product_tag?post=1435"}],"curies":[{"name":"wp","href":"https:\/\/api.w.org\/{rel}","templated":true}]}}