{"id":1431,"date":"2016-10-20T15:26:47","date_gmt":"2016-10-20T15:26:47","guid":{"rendered":"http:\/\/site.astrofoto.com.pt\/welcome\/?post_type=product&#038;p=1431"},"modified":"2025-03-06T21:38:22","modified_gmt":"2025-03-06T21:38:22","slug":"celestron-cpc-800-gps","status":"publish","type":"product","link":"https:\/\/site.astrofoto.com.pt\/welcome\/produto\/celestron-cpc-800-gps\/","title":{"rendered":"Celestron &#8211; CPC 800 GPS"},"content":{"rendered":"<p><a href=\"http:\/\/site.astrofoto.com.pt\/welcome\/wp-content\/uploads\/2016\/10\/c6.jpg\"><img decoding=\"async\" class=\"alignleft size-full wp-image-1432\" src=\"http:\/\/site.astrofoto.com.pt\/welcome\/wp-content\/uploads\/2016\/10\/c6.jpg\" alt=\"c6\" width=\"220\" height=\"220\" srcset=\"https:\/\/site.astrofoto.com.pt\/welcome\/wp-content\/uploads\/2016\/10\/c6.jpg 220w, https:\/\/site.astrofoto.com.pt\/welcome\/wp-content\/uploads\/2016\/10\/c6-100x100.jpg 100w, https:\/\/site.astrofoto.com.pt\/welcome\/wp-content\/uploads\/2016\/10\/c6-150x150.jpg 150w\" sizes=\"(max-width: 220px) 100vw, 220px\" \/><\/a><\/p>\n<table border=\"0\">\n<tbody>\n<tr>\n<td colspan=\"2\" rowspan=\"1\">\u2022 Tubo \u00f3ptico de alum\u00ednio<br \/>\n\u2022 Abertura: 203mm<br \/>\n\u2022 Distancia focal de 2032mm<br \/>\n\u2022 Tratamento Starbright\u00ae XLT<br \/>\n\u2022 M\u00e9todo de alinhamento SkyAlign<br \/>\n\u2022 Montagem altazimutal<br \/>\n\u2022 Unidade de controlo NexStar com fun\u00e7\u00e3o GoTo<br \/>\n\u2022 GPS de 16 canais incorporados<br \/>\n\u2022 Correc\u00e7\u00e3o do Erro peri\u00f3dico (PEC)<br \/>\n\u2022 Peso 28 kg<br \/>\n\u2022 Trip\u00e9 em a\u00e7oAcess\u00f3rios:<br \/>\n\u2022 Ocular: Pl\u00f6ssl 40 mm (50x)<br \/>\n\u2022 Buscador: 8&#215;50 mm<br \/>\n\u2022 Diagonal 90\u00ba 1.25&#8243;<\/p>\n<p class=\"style1\">** os portes dos telesc\u00f3pios n\u00e3o est\u00e3o incluidos na taxa de 5 \u20ac:<br \/>\n<a href=\"http:\/\/astrofoto.com.pt\/envios.htm\">http:\/\/astrofoto.com.pt\/envios.htm<\/a><\/p>\n<\/td>\n<\/tr>\n<tr>\n<td><\/td>\n<td colspan=\"2\"><\/td>\n<\/tr>\n<\/tbody>\n<\/table>\n","protected":false},"excerpt":{"rendered":"<p>\u2022 Tubo \u00f3ptico de alum\u00ednio \u2022 Abertura: 203mm \u2022 Distancia focal de 2032mm \u2022 Tratamento Starbright\u00ae XLT \u2022 M\u00e9todo de alinhamento SkyAlign \u2022 Montagem altazimutal \u2022 Unidade de controlo NexStar com fun\u00e7\u00e3o GoTo \u2022 GPS de 16 canais incorporados \u2022 Correc\u00e7\u00e3o do Erro peri\u00f3dico (PEC) \u2022 Peso 28 kg \u2022 Trip\u00e9 em a\u00e7oAcess\u00f3rios: \u2022 Ocular:<\/p>\n<div class=\"more-link\">\n\t\t\t\t <a href=\"https:\/\/site.astrofoto.com.pt\/welcome\/produto\/celestron-cpc-800-gps\/\" class=\"btn theme-btn inverted\"><span>Continuar a Ler <\/span><\/a>\n\t\t\t<\/div>\n","protected":false},"featured_media":1432,"comment_status":"open","ping_status":"closed","template":"","meta":[],"product_brand":[],"product_cat":[17],"product_tag":[],"class_list":{"0":"post-1431","1":"product","2":"type-product","3":"status-publish","4":"has-post-thumbnail","6":"product_cat-telescopios-catadioptricos","8":"first","9":"onbackorder","10":"shipping-taxable","11":"purchasable","12":"product-type-simple"},"_links":{"self":[{"href":"https:\/\/site.astrofoto.com.pt\/welcome\/wp-json\/wp\/v2\/product\/1431","targetHints":{"allow":["GET"]}}],"collection":[{"href":"https:\/\/site.astrofoto.com.pt\/welcome\/wp-json\/wp\/v2\/product"}],"about":[{"href":"https:\/\/site.astrofoto.com.pt\/welcome\/wp-json\/wp\/v2\/types\/product"}],"replies":[{"embeddable":true,"href":"https:\/\/site.astrofoto.com.pt\/welcome\/wp-json\/wp\/v2\/comments?post=1431"}],"wp:featuredmedia":[{"embeddable":true,"href":"https:\/\/site.astrofoto.com.pt\/welcome\/wp-json\/wp\/v2\/media\/1432"}],"wp:attachment":[{"href":"https:\/\/site.astrofoto.com.pt\/welcome\/wp-json\/wp\/v2\/media?parent=1431"}],"wp:term":[{"taxonomy":"product_brand","embeddable":true,"href":"https:\/\/site.astrofoto.com.pt\/welcome\/wp-json\/wp\/v2\/product_brand?post=1431"},{"taxonomy":"product_cat","embeddable":true,"href":"https:\/\/site.astrofoto.com.pt\/welcome\/wp-json\/wp\/v2\/product_cat?post=1431"},{"taxonomy":"product_tag","embeddable":true,"href":"https:\/\/site.astrofoto.com.pt\/welcome\/wp-json\/wp\/v2\/product_tag?post=1431"}],"curies":[{"name":"wp","href":"https:\/\/api.w.org\/{rel}","templated":true}]}}