{"id":1423,"date":"2016-10-20T15:07:02","date_gmt":"2016-10-20T15:07:02","guid":{"rendered":"http:\/\/site.astrofoto.com.pt\/welcome\/?post_type=product&#038;p=1423"},"modified":"2017-01-20T18:46:25","modified_gmt":"2017-01-20T18:46:25","slug":"celestron-cgem-1100-hd","status":"publish","type":"product","link":"https:\/\/site.astrofoto.com.pt\/welcome\/produto\/celestron-cgem-1100-hd\/","title":{"rendered":"Celestron &#8211; CGEM 1100 HD"},"content":{"rendered":"<p><a href=\"http:\/\/site.astrofoto.com.pt\/welcome\/wp-content\/uploads\/2016\/10\/c1.jpg\"><img decoding=\"async\" class=\"alignleft size-full wp-image-1424\" src=\"http:\/\/site.astrofoto.com.pt\/welcome\/wp-content\/uploads\/2016\/10\/c1.jpg\" alt=\"c1\" width=\"220\" height=\"220\" srcset=\"https:\/\/site.astrofoto.com.pt\/welcome\/wp-content\/uploads\/2016\/10\/c1.jpg 220w, https:\/\/site.astrofoto.com.pt\/welcome\/wp-content\/uploads\/2016\/10\/c1-100x100.jpg 100w, https:\/\/site.astrofoto.com.pt\/welcome\/wp-content\/uploads\/2016\/10\/c1-150x150.jpg 150w\" sizes=\"(max-width: 220px) 100vw, 220px\" \/><\/a>Caracter\u00edsticas:<\/p>\n<p>&#8211; Tratamento XLT<br \/>\n&#8211; Tubo em fibra de carbono<br \/>\n&#8211; Buscador 9&#215;50 mm<br \/>\n&#8211; Ocular Pl\u00f6ssl 1.25&#8243; 40 mm (70x)<br \/>\n&#8211; Prisma diagonal 1.25&#8243;<br \/>\n&#8211; Montagem Equatorial Alem\u00e3 com raquete com controlo GoTo e 40.000 objectos em mem\u00f3ria<br \/>\n&#8211; Trip\u00e9 met\u00e1lico<br \/>\n&#8211; Cabo de liga\u00e7\u00e3o \u00e0 bateria do carro e tranformador de 12Volts.<br \/>\n&#8211; M\u00f3dulo GPS CN16 opcional<\/p>\n<p class=\"style1\">** os portes dos telesc\u00f3pios n\u00e3o est\u00e3o incluidos na taxa de 5 \u20ac:<br \/>\n<a href=\"http:\/\/astrofoto.com.pt\/envios.htm\">http:\/\/astrofoto.com.pt\/envios.htm<\/a><\/p>\n","protected":false},"excerpt":{"rendered":"<p>Caracter\u00edsticas: &#8211; Tratamento XLT &#8211; Tubo em fibra de carbono &#8211; Buscador 9&#215;50 mm &#8211; Ocular Pl\u00f6ssl 1.25&#8243; 40 mm (70x) &#8211; Prisma diagonal 1.25&#8243; &#8211; Montagem Equatorial Alem\u00e3 com raquete com controlo GoTo e 40.000 objectos em mem\u00f3ria &#8211; Trip\u00e9 met\u00e1lico &#8211; Cabo de liga\u00e7\u00e3o \u00e0 bateria do carro e tranformador de 12Volts. &#8211;<\/p>\n<div class=\"more-link\">\n\t\t\t\t <a href=\"https:\/\/site.astrofoto.com.pt\/welcome\/produto\/celestron-cgem-1100-hd\/\" class=\"btn theme-btn inverted\"><span>Continuar a Ler <\/span><\/a>\n\t\t\t<\/div>\n","protected":false},"featured_media":1424,"comment_status":"open","ping_status":"closed","template":"","meta":[],"product_brand":[],"product_cat":[17],"product_tag":[],"class_list":{"0":"post-1423","1":"product","2":"type-product","3":"status-publish","4":"has-post-thumbnail","6":"product_cat-telescopios-catadioptricos","8":"first","9":"onbackorder","10":"shipping-taxable","11":"purchasable","12":"product-type-simple"},"_links":{"self":[{"href":"https:\/\/site.astrofoto.com.pt\/welcome\/wp-json\/wp\/v2\/product\/1423","targetHints":{"allow":["GET"]}}],"collection":[{"href":"https:\/\/site.astrofoto.com.pt\/welcome\/wp-json\/wp\/v2\/product"}],"about":[{"href":"https:\/\/site.astrofoto.com.pt\/welcome\/wp-json\/wp\/v2\/types\/product"}],"replies":[{"embeddable":true,"href":"https:\/\/site.astrofoto.com.pt\/welcome\/wp-json\/wp\/v2\/comments?post=1423"}],"wp:featuredmedia":[{"embeddable":true,"href":"https:\/\/site.astrofoto.com.pt\/welcome\/wp-json\/wp\/v2\/media\/1424"}],"wp:attachment":[{"href":"https:\/\/site.astrofoto.com.pt\/welcome\/wp-json\/wp\/v2\/media?parent=1423"}],"wp:term":[{"taxonomy":"product_brand","embeddable":true,"href":"https:\/\/site.astrofoto.com.pt\/welcome\/wp-json\/wp\/v2\/product_brand?post=1423"},{"taxonomy":"product_cat","embeddable":true,"href":"https:\/\/site.astrofoto.com.pt\/welcome\/wp-json\/wp\/v2\/product_cat?post=1423"},{"taxonomy":"product_tag","embeddable":true,"href":"https:\/\/site.astrofoto.com.pt\/welcome\/wp-json\/wp\/v2\/product_tag?post=1423"}],"curies":[{"name":"wp","href":"https:\/\/api.w.org\/{rel}","templated":true}]}}