{"id":1411,"date":"2016-10-18T15:25:12","date_gmt":"2016-10-18T15:25:12","guid":{"rendered":"http:\/\/site.astrofoto.com.pt\/welcome\/?post_type=product&#038;p=1411"},"modified":"2025-11-17T21:37:31","modified_gmt":"2025-11-17T21:37:31","slug":"celestron-c8-edge-hd-ota","status":"publish","type":"product","link":"https:\/\/site.astrofoto.com.pt\/welcome\/produto\/celestron-c8-edge-hd-ota\/","title":{"rendered":"Celestron &#8211; C8 EDGE HD OTA"},"content":{"rendered":"<p>&nbsp;<\/p>\n<p><strong>C8 EDGE HD OTA <\/strong><\/p>\n<p>\u2022 Schmidt-Cassegrain<br \/>\n\u2022 Abertura 203mm (8,0\u201d)<br \/>\n\u2022 Dist\u00e2ncia focal 2032mm<br \/>\n\u2022 Raz\u00e3o focal f\/10<br \/>\n\u2022 Ocular Pl\u00f6ssl 1.25\u201d 25mm<br \/>\n\u2022 Buscador 9X50<br \/>\n\u2022 Diagonal 1.25\u201d<\/p>\n<p><strong>Telesc\u00f3pio Celestron EdgeHD: Imagem corrigida \u2013 n\u00edtida at\u00e9 as bordas!<\/strong><\/p>\n<p>EdgeHD \u00e9 o nome do telesc\u00f3pio Schmidt-Cassegrain corrigido da Celestron. Ap\u00f3s mais de 50 anos de sucesso, a Celestron revolucionou o cl\u00e1ssico telesc\u00f3pio Schmidt-Cassegrain.<\/p>\n<p>Os telesc\u00f3pios EdgeHD (\u201cEdge High Definition\u201d) s\u00e3o verdadeiros astr\u00f3grafos. Este sistema \u00f3ptico proporciona imagens n\u00edtidas e sem distor\u00e7\u00e3o at\u00e9 a borda do campo visual. Isso significa que n\u00e3o apenas a coma fora do eixo \u00f3ptico \u00e9 corrigida, mas tamb\u00e9m a curvatura de campo.<\/p>\n<p>Muitos sistemas \u00f3pticos s\u00e3o anunciados como \u201castr\u00f3grafos\u201d. Como desejado, eles exibem estrelas com nitidez excepcional, mas ao longo de um plano de imagem curvo. Fotografar isso com uma c\u00e2mara resulta numa curvatura de campo percept\u00edvel que aumenta em dire\u00e7\u00e3o \u00e0 borda do campo, resultando em um aumento do tamanho das estrelas e aberra\u00e7\u00f5es com sensores maiores. As estrelas na borda se expandem em pequenos an\u00e9is (\u201cdoughnuts\u201d). Al\u00e9m da corre\u00e7\u00e3o de coma, os telesc\u00f3pios Celestron Edge HD corrigem a curvatura de campo at\u00e9 as bordas da imagem.<\/p>\n<p>O revestimento multicamadas XLT contribui para um aumento significativo no desempenho dos telesc\u00f3pios Edge HD em compara\u00e7\u00e3o com sistemas similares no mercado.<\/p>\n<p>Os mecanismos e o tubo da lente dos telesc\u00f3pios Edge HD foram completamente reformulados:<\/p>\n<p>Bra\u00e7adeiras fixam o espelho prim\u00e1rio com seguran\u00e7a em qualquer posi\u00e7\u00e3o desejada, sem exercer press\u00e3o sobre os elementos \u00f3pticos. A imagem permanece est\u00e1vel, mesmo durante longos tempos de exposi\u00e7\u00e3o.<\/p>\n<p>As entradas de ar atr\u00e1s do espelho prim\u00e1rio proporcionam uma r\u00e1pida troca de ar, permitindo que a lente resfrie de forma surpreendentemente r\u00e1pida. Gra\u00e7as a um sistema de filtro de ar, a entrada de poeira no tubo da lente \u00e9 impedida.<\/p>\n","protected":false},"excerpt":{"rendered":"<p>&nbsp; C8 EDGE HD OTA \u2022 Schmidt-Cassegrain \u2022 Abertura 203mm (8,0\u201d) \u2022 Dist\u00e2ncia focal 2032mm \u2022 Raz\u00e3o focal f\/10 \u2022 Ocular Pl\u00f6ssl 1.25\u201d 25mm \u2022 Buscador 9X50 \u2022 Diagonal 1.25\u201d Telesc\u00f3pio Celestron EdgeHD: Imagem corrigida \u2013 n\u00edtida at\u00e9 as bordas! EdgeHD \u00e9 o nome do telesc\u00f3pio Schmidt-Cassegrain corrigido da Celestron. Ap\u00f3s mais de 50 anos<\/p>\n<div class=\"more-link\">\n\t\t\t\t <a href=\"https:\/\/site.astrofoto.com.pt\/welcome\/produto\/celestron-c8-edge-hd-ota\/\" class=\"btn theme-btn inverted\"><span>Continuar a Ler <\/span><\/a>\n\t\t\t<\/div>\n","protected":false},"featured_media":1412,"comment_status":"open","ping_status":"closed","template":"","meta":[],"product_brand":[],"product_cat":[17],"product_tag":[],"class_list":{"0":"post-1411","1":"product","2":"type-product","3":"status-publish","4":"has-post-thumbnail","6":"product_cat-telescopios-catadioptricos","8":"first","9":"onbackorder","10":"shipping-taxable","11":"purchasable","12":"product-type-simple"},"_links":{"self":[{"href":"https:\/\/site.astrofoto.com.pt\/welcome\/wp-json\/wp\/v2\/product\/1411","targetHints":{"allow":["GET"]}}],"collection":[{"href":"https:\/\/site.astrofoto.com.pt\/welcome\/wp-json\/wp\/v2\/product"}],"about":[{"href":"https:\/\/site.astrofoto.com.pt\/welcome\/wp-json\/wp\/v2\/types\/product"}],"replies":[{"embeddable":true,"href":"https:\/\/site.astrofoto.com.pt\/welcome\/wp-json\/wp\/v2\/comments?post=1411"}],"wp:featuredmedia":[{"embeddable":true,"href":"https:\/\/site.astrofoto.com.pt\/welcome\/wp-json\/wp\/v2\/media\/1412"}],"wp:attachment":[{"href":"https:\/\/site.astrofoto.com.pt\/welcome\/wp-json\/wp\/v2\/media?parent=1411"}],"wp:term":[{"taxonomy":"product_brand","embeddable":true,"href":"https:\/\/site.astrofoto.com.pt\/welcome\/wp-json\/wp\/v2\/product_brand?post=1411"},{"taxonomy":"product_cat","embeddable":true,"href":"https:\/\/site.astrofoto.com.pt\/welcome\/wp-json\/wp\/v2\/product_cat?post=1411"},{"taxonomy":"product_tag","embeddable":true,"href":"https:\/\/site.astrofoto.com.pt\/welcome\/wp-json\/wp\/v2\/product_tag?post=1411"}],"curies":[{"name":"wp","href":"https:\/\/api.w.org\/{rel}","templated":true}]}}