{"id":1404,"date":"2016-10-18T15:03:38","date_gmt":"2016-10-18T15:03:38","guid":{"rendered":"http:\/\/site.astrofoto.com.pt\/welcome\/?post_type=product&#038;p=1404"},"modified":"2021-04-01T15:53:41","modified_gmt":"2021-04-01T15:53:41","slug":"celestron-c6-avx","status":"publish","type":"product","link":"https:\/\/site.astrofoto.com.pt\/welcome\/produto\/celestron-c6-avx\/","title":{"rendered":"Celestron &#8211; C6 AVX"},"content":{"rendered":"<p><a href=\"http:\/\/site.astrofoto.com.pt\/welcome\/wp-content\/uploads\/2016\/10\/t4.jpg\"><img fetchpriority=\"high\" decoding=\"async\" class=\"alignleft size-medium wp-image-1405\" src=\"http:\/\/site.astrofoto.com.pt\/welcome\/wp-content\/uploads\/2016\/10\/t4-300x300.jpg\" alt=\"t4\" width=\"300\" height=\"300\" srcset=\"https:\/\/site.astrofoto.com.pt\/welcome\/wp-content\/uploads\/2016\/10\/t4-300x300.jpg 300w, https:\/\/site.astrofoto.com.pt\/welcome\/wp-content\/uploads\/2016\/10\/t4-450x450.jpg 450w, https:\/\/site.astrofoto.com.pt\/welcome\/wp-content\/uploads\/2016\/10\/t4-100x100.jpg 100w, https:\/\/site.astrofoto.com.pt\/welcome\/wp-content\/uploads\/2016\/10\/t4-150x150.jpg 150w, https:\/\/site.astrofoto.com.pt\/welcome\/wp-content\/uploads\/2016\/10\/t4.jpg 500w\" sizes=\"(max-width: 300px) 100vw, 300px\" \/><\/a>\u2022 Abertura: 150 mm<br \/>\n\u2022 Dist\u00e2ncia focal 1500 mm<br \/>\n\u2022 Rela\u00e7\u00e3o focal: f\/10<br \/>\n\u2022 Montagem equatorial CG-5\/GT<br \/>\n\u2022 Trip\u00e9 de a\u00e7o<br \/>\n\u2022 Buscador: 6&#215;30 mm<br \/>\n\u2022 Diagonal 90\u00ba 1.25&#8243;<br \/>\n\u2022 Ocular Pl\u00f6ssl 25 mm (60x)<br \/>\n\u2022 CD ROM &#8221; The Sky Level1 &#8221;<\/p>\n<p><strong>Montagem AVX: <\/strong><\/p>\n<p>\u2022 Motores: Servomotores DC<br \/>\n\u2022 Velocidades : 9 velocidades; m\u00e1xima 4\u00ba\/seg<br \/>\n\u2022 Modos de seguimento: Sideral, Lunar, Solar<br \/>\n\u2022 Alinhamento: Alinhamento por 2 estrelas, 1 estrela, r\u00e1pido, ultimo alinhamento e com o Sistema Solar.<br \/>\n\u2022 Portas de comunica\u00e7\u00e3o: 2 portas AUX, 1 Porta para Autoguiagem, 1 Porta RS-232<br \/>\n\u2022 Controlador: Nexstar + Computorizado, com LCD e 19 teclas retro-iluminadas<br \/>\n\u2022 Base de dados: Mais de 40 000 objetos, 100 objetos program\u00e1veisr e\u00a0 200 mais populares<br \/>\n\u2022 Requisitos da alimenta\u00e7\u00e3o: 12V DC\/ 3,5A<br \/>\n\u2022 Fun\u00e7\u00e3o PEC. Integrada e program\u00e1vel<br \/>\n\u2022 Rel\u00f3gio Interno<\/p>\n<p>\u2022 Carga max carga: 14kg<br \/>\n\u2022 Trip\u00e9 de a\u00e7o<br \/>\n\u2022 Altura do trip\u00e9: 112cm a 163cm<br \/>\n\u2022 Di\u00e2metro das sapatas do trip\u00e9: 50,8mm<br \/>\n\u2022 Peso do trip\u00e9: 8kg<br \/>\n\u2022 Peso da montagem: 7kg<br \/>\n\u2022 Contrapesos: 1 de 5kg<br \/>\n\u2022 Alimenta\u00e7\u00e3o: Cabo de liga\u00e7\u00e3o a Isqueiro<br \/>\n\u2022 Escala de Latitude:\u00a0 7\u00ba a 77\u00ba<\/p>\n<p>&#8212;- GPS: M\u00f3dulo opcional SkySync<\/p>\n<p class=\"style1\">** os portes dos telesc\u00f3pios n\u00e3o est\u00e3o incluidos na taxa de 5 \u20ac:<br \/>\n<a href=\"http:\/\/astrofoto.com.pt\/envios.htm\">http:\/\/astrofoto.com.pt\/envios.htm<\/a><\/p>\n","protected":false},"excerpt":{"rendered":"<p>\u2022 Abertura: 150 mm \u2022 Dist\u00e2ncia focal 1500 mm \u2022 Rela\u00e7\u00e3o focal: f\/10 \u2022 Montagem equatorial CG-5\/GT \u2022 Trip\u00e9 de a\u00e7o \u2022 Buscador: 6&#215;30 mm \u2022 Diagonal 90\u00ba 1.25&#8243; \u2022 Ocular Pl\u00f6ssl 25 mm (60x) \u2022 CD ROM &#8221; The Sky Level1 &#8221; Montagem AVX: \u2022 Motores: Servomotores DC \u2022 Velocidades : 9 velocidades; m\u00e1xima<\/p>\n<div class=\"more-link\">\n\t\t\t\t <a href=\"https:\/\/site.astrofoto.com.pt\/welcome\/produto\/celestron-c6-avx\/\" class=\"btn theme-btn inverted\"><span>Continuar a Ler <\/span><\/a>\n\t\t\t<\/div>\n","protected":false},"featured_media":1405,"comment_status":"open","ping_status":"closed","template":"","meta":[],"product_brand":[],"product_cat":[17],"product_tag":[],"class_list":{"0":"post-1404","1":"product","2":"type-product","3":"status-publish","4":"has-post-thumbnail","6":"product_cat-telescopios-catadioptricos","8":"first","9":"onbackorder","10":"shipping-taxable","11":"purchasable","12":"product-type-simple"},"_links":{"self":[{"href":"https:\/\/site.astrofoto.com.pt\/welcome\/wp-json\/wp\/v2\/product\/1404","targetHints":{"allow":["GET"]}}],"collection":[{"href":"https:\/\/site.astrofoto.com.pt\/welcome\/wp-json\/wp\/v2\/product"}],"about":[{"href":"https:\/\/site.astrofoto.com.pt\/welcome\/wp-json\/wp\/v2\/types\/product"}],"replies":[{"embeddable":true,"href":"https:\/\/site.astrofoto.com.pt\/welcome\/wp-json\/wp\/v2\/comments?post=1404"}],"wp:featuredmedia":[{"embeddable":true,"href":"https:\/\/site.astrofoto.com.pt\/welcome\/wp-json\/wp\/v2\/media\/1405"}],"wp:attachment":[{"href":"https:\/\/site.astrofoto.com.pt\/welcome\/wp-json\/wp\/v2\/media?parent=1404"}],"wp:term":[{"taxonomy":"product_brand","embeddable":true,"href":"https:\/\/site.astrofoto.com.pt\/welcome\/wp-json\/wp\/v2\/product_brand?post=1404"},{"taxonomy":"product_cat","embeddable":true,"href":"https:\/\/site.astrofoto.com.pt\/welcome\/wp-json\/wp\/v2\/product_cat?post=1404"},{"taxonomy":"product_tag","embeddable":true,"href":"https:\/\/site.astrofoto.com.pt\/welcome\/wp-json\/wp\/v2\/product_tag?post=1404"}],"curies":[{"name":"wp","href":"https:\/\/api.w.org\/{rel}","templated":true}]}}