{"id":1349,"date":"2016-10-13T14:57:51","date_gmt":"2016-10-13T14:57:51","guid":{"rendered":"http:\/\/site.astrofoto.com.pt\/welcome\/?post_type=product&#038;p=1349"},"modified":"2024-08-07T12:48:57","modified_gmt":"2024-08-07T12:48:57","slug":"erector-de-imagem-45o","status":"publish","type":"product","link":"https:\/\/site.astrofoto.com.pt\/welcome\/produto\/erector-de-imagem-45o\/","title":{"rendered":"Erector de imagem 45\u00ba"},"content":{"rendered":"<p><a href=\"http:\/\/site.astrofoto.com.pt\/welcome\/wp-content\/uploads\/2016\/10\/Erect45g.jpg\"><img fetchpriority=\"high\" decoding=\"async\" class=\"alignleft size-medium wp-image-1350\" src=\"http:\/\/site.astrofoto.com.pt\/welcome\/wp-content\/uploads\/2016\/10\/Erect45g-300x206.jpg\" alt=\"erect45g\" width=\"300\" height=\"206\" srcset=\"https:\/\/site.astrofoto.com.pt\/welcome\/wp-content\/uploads\/2016\/10\/Erect45g-300x206.jpg 300w, https:\/\/site.astrofoto.com.pt\/welcome\/wp-content\/uploads\/2016\/10\/Erect45g-150x103.jpg 150w, https:\/\/site.astrofoto.com.pt\/welcome\/wp-content\/uploads\/2016\/10\/Erect45g.jpg 430w\" sizes=\"(max-width: 300px) 100vw, 300px\" \/><\/a>\u2022 Prisma duplo erector a 45\u00ba 1,25&#8243;<br \/>\n\u2022 Produz imagem terrestre em telesc\u00f3pios refractores e catadi\u00f3ptricos<br \/>\n\u2022 C\u00f3modo \u00e3ngulo de vis\u00e3o (45\u00ba)<br \/>\n\u2022 Juntamente com uma barlow pode aplicar-se a telesc\u00f3pios reflectores<\/p>\n","protected":false},"excerpt":{"rendered":"<p>\u2022 Prisma duplo erector a 45\u00ba 1,25&#8243; \u2022 Produz imagem terrestre em telesc\u00f3pios refractores e catadi\u00f3ptricos \u2022 C\u00f3modo \u00e3ngulo de vis\u00e3o (45\u00ba) \u2022 Juntamente com uma barlow pode aplicar-se a telesc\u00f3pios reflectores<\/p>\n","protected":false},"featured_media":1350,"comment_status":"open","ping_status":"closed","template":"","meta":[],"product_brand":[],"product_cat":[29,95],"product_tag":[],"class_list":{"0":"post-1349","1":"product","2":"type-product","3":"status-publish","4":"has-post-thumbnail","6":"product_cat-acessorios","7":"product_cat-stock-off","9":"first","10":"instock","11":"sale","12":"shipping-taxable","13":"purchasable","14":"product-type-simple"},"_links":{"self":[{"href":"https:\/\/site.astrofoto.com.pt\/welcome\/wp-json\/wp\/v2\/product\/1349","targetHints":{"allow":["GET"]}}],"collection":[{"href":"https:\/\/site.astrofoto.com.pt\/welcome\/wp-json\/wp\/v2\/product"}],"about":[{"href":"https:\/\/site.astrofoto.com.pt\/welcome\/wp-json\/wp\/v2\/types\/product"}],"replies":[{"embeddable":true,"href":"https:\/\/site.astrofoto.com.pt\/welcome\/wp-json\/wp\/v2\/comments?post=1349"}],"wp:featuredmedia":[{"embeddable":true,"href":"https:\/\/site.astrofoto.com.pt\/welcome\/wp-json\/wp\/v2\/media\/1350"}],"wp:attachment":[{"href":"https:\/\/site.astrofoto.com.pt\/welcome\/wp-json\/wp\/v2\/media?parent=1349"}],"wp:term":[{"taxonomy":"product_brand","embeddable":true,"href":"https:\/\/site.astrofoto.com.pt\/welcome\/wp-json\/wp\/v2\/product_brand?post=1349"},{"taxonomy":"product_cat","embeddable":true,"href":"https:\/\/site.astrofoto.com.pt\/welcome\/wp-json\/wp\/v2\/product_cat?post=1349"},{"taxonomy":"product_tag","embeddable":true,"href":"https:\/\/site.astrofoto.com.pt\/welcome\/wp-json\/wp\/v2\/product_tag?post=1349"}],"curies":[{"name":"wp","href":"https:\/\/api.w.org\/{rel}","templated":true}]}}