{"id":134,"date":"2015-04-21T17:36:32","date_gmt":"2015-04-21T17:36:32","guid":{"rendered":"http:\/\/site.astrofoto.com.pt\/welcome\/?post_type=product&#038;p=134"},"modified":"2025-08-15T00:14:34","modified_gmt":"2025-08-15T00:14:34","slug":"celestron-nexstar-evolution-9-25","status":"publish","type":"product","link":"https:\/\/site.astrofoto.com.pt\/welcome\/produto\/celestron-nexstar-evolution-9-25\/","title":{"rendered":"Celestron Nexstar Evolution 9.25"},"content":{"rendered":"<p><strong><a href=\"http:\/\/site.astrofoto.com.pt\/welcome\/wp-content\/uploads\/2015\/04\/c925.jpg\"><img fetchpriority=\"high\" decoding=\"async\" class=\"alignleft size-medium wp-image-135\" src=\"http:\/\/site.astrofoto.com.pt\/welcome\/wp-content\/uploads\/2015\/04\/c925-300x300.jpg\" alt=\"c925\" width=\"300\" height=\"300\" srcset=\"https:\/\/site.astrofoto.com.pt\/welcome\/wp-content\/uploads\/2015\/04\/c925-300x300.jpg 300w, https:\/\/site.astrofoto.com.pt\/welcome\/wp-content\/uploads\/2015\/04\/c925-450x450.jpg 450w, https:\/\/site.astrofoto.com.pt\/welcome\/wp-content\/uploads\/2015\/04\/c925-100x100.jpg 100w, https:\/\/site.astrofoto.com.pt\/welcome\/wp-content\/uploads\/2015\/04\/c925-150x150.jpg 150w, https:\/\/site.astrofoto.com.pt\/welcome\/wp-content\/uploads\/2015\/04\/c925.jpg 500w\" sizes=\"(max-width: 300px) 100vw, 300px\" \/><\/a>\u00a0Telescopio Celestron &#8211; Nexstar Evolution 9.25<\/strong><\/p>\n<p>\u2022 Sistema \u00f3ptico: Schmidt-Cassegrain<br \/>\n\u2022 Abertura: 235mm<br \/>\n\u2022 Dist\u00e2ncia focal: 2350mm<br \/>\n\u2022 Rela\u00e7\u00e3o focal: 10<br \/>\n\u2022 Sistema WiFi<br \/>\n\u2022 Bateria incluida (at\u00e9 10h)<br \/>\n\u2022 Ocular de 40mm<br \/>\n\u2022 Ocular de 13mm<br \/>\n\u2022 Buscador: StarPointer<br \/>\n\u2022 Diagonal 1.25&#8243;<br \/>\n\u2022 Peso total: 22kg<\/p>\n<p>\u25ba<a href=\"https:\/\/www.youtube.com\/watch?v=zUW50j5uqOY\">ver no Youtube<\/a><br \/>\n** os portes dos telesc\u00f3pios n\u00e3o est\u00e3o incluidos na taxa de 7 \u20ac<\/p>\n","protected":false},"excerpt":{"rendered":"<p>\u00a0Telescopio Celestron &#8211; Nexstar Evolution 9.25 \u2022 Sistema \u00f3ptico: Schmidt-Cassegrain \u2022 Abertura: 235mm \u2022 Dist\u00e2ncia focal: 2350mm \u2022 Rela\u00e7\u00e3o focal: 10 \u2022 Sistema WiFi \u2022 Bateria incluida (at\u00e9 10h) \u2022 Ocular de 40mm \u2022 Ocular de 13mm \u2022 Buscador: StarPointer \u2022 Diagonal 1.25&#8243; \u2022 Peso total: 22kg \u25baver no Youtube ** os portes dos telesc\u00f3pios<\/p>\n<div class=\"more-link\">\n\t\t\t\t <a href=\"https:\/\/site.astrofoto.com.pt\/welcome\/produto\/celestron-nexstar-evolution-9-25\/\" class=\"btn theme-btn inverted\"><span>Continuar a Ler <\/span><\/a>\n\t\t\t<\/div>\n","protected":false},"featured_media":135,"comment_status":"open","ping_status":"closed","template":"","meta":[],"product_brand":[],"product_cat":[17,68],"product_tag":[],"class_list":{"0":"post-134","1":"product","2":"type-product","3":"status-publish","4":"has-post-thumbnail","6":"product_cat-telescopios-catadioptricos","7":"product_cat-wi-fi","8":"product_shipping_class-taxa-media","10":"first","11":"onbackorder","12":"sale","13":"shipping-taxable","14":"purchasable","15":"product-type-simple"},"_links":{"self":[{"href":"https:\/\/site.astrofoto.com.pt\/welcome\/wp-json\/wp\/v2\/product\/134","targetHints":{"allow":["GET"]}}],"collection":[{"href":"https:\/\/site.astrofoto.com.pt\/welcome\/wp-json\/wp\/v2\/product"}],"about":[{"href":"https:\/\/site.astrofoto.com.pt\/welcome\/wp-json\/wp\/v2\/types\/product"}],"replies":[{"embeddable":true,"href":"https:\/\/site.astrofoto.com.pt\/welcome\/wp-json\/wp\/v2\/comments?post=134"}],"wp:featuredmedia":[{"embeddable":true,"href":"https:\/\/site.astrofoto.com.pt\/welcome\/wp-json\/wp\/v2\/media\/135"}],"wp:attachment":[{"href":"https:\/\/site.astrofoto.com.pt\/welcome\/wp-json\/wp\/v2\/media?parent=134"}],"wp:term":[{"taxonomy":"product_brand","embeddable":true,"href":"https:\/\/site.astrofoto.com.pt\/welcome\/wp-json\/wp\/v2\/product_brand?post=134"},{"taxonomy":"product_cat","embeddable":true,"href":"https:\/\/site.astrofoto.com.pt\/welcome\/wp-json\/wp\/v2\/product_cat?post=134"},{"taxonomy":"product_tag","embeddable":true,"href":"https:\/\/site.astrofoto.com.pt\/welcome\/wp-json\/wp\/v2\/product_tag?post=134"}],"curies":[{"name":"wp","href":"https:\/\/api.w.org\/{rel}","templated":true}]}}