{"id":1338,"date":"2016-10-12T16:55:21","date_gmt":"2016-10-12T16:55:21","guid":{"rendered":"http:\/\/site.astrofoto.com.pt\/welcome\/?post_type=product&#038;p=1338"},"modified":"2022-10-24T12:32:00","modified_gmt":"2022-10-24T12:32:00","slug":"omegon-visao-nocturna-5x40-ir","status":"publish","type":"product","link":"https:\/\/site.astrofoto.com.pt\/welcome\/produto\/omegon-visao-nocturna-5x40-ir\/","title":{"rendered":"Omegon Alpheon Vis\u00e3o Nocturna 5&#215;40 IR"},"content":{"rendered":"<p><a href=\"http:\/\/site.astrofoto.com.pt\/welcome\/wp-content\/uploads\/2016\/10\/A4.jpg\"><img fetchpriority=\"high\" decoding=\"async\" class=\"alignleft size-medium wp-image-1339\" src=\"http:\/\/site.astrofoto.com.pt\/welcome\/wp-content\/uploads\/2016\/10\/A4-300x252.jpg\" alt=\"a4\" width=\"300\" height=\"252\" srcset=\"https:\/\/site.astrofoto.com.pt\/welcome\/wp-content\/uploads\/2016\/10\/A4-300x252.jpg 300w, https:\/\/site.astrofoto.com.pt\/welcome\/wp-content\/uploads\/2016\/10\/A4-450x378.jpg 450w, https:\/\/site.astrofoto.com.pt\/welcome\/wp-content\/uploads\/2016\/10\/A4-600x504.jpg 600w, https:\/\/site.astrofoto.com.pt\/welcome\/wp-content\/uploads\/2016\/10\/A4-768x645.jpg 768w, https:\/\/site.astrofoto.com.pt\/welcome\/wp-content\/uploads\/2016\/10\/A4.jpg 803w\" sizes=\"(max-width: 300px) 100vw, 300px\" \/><\/a><strong>Monoculo de vis\u00e3o nocturna digital Omegon alpheon vis\u00e3o nocturna 5\u00d740 IR<br \/>\n<\/strong>\u2022Aumento: 5x<br \/>\n\u2022Di\u00e2metro da lente frontal: 40mm<br \/>\n\u2022Alcance m\u00e1ximo: 200m<br \/>\n\u2022Dura\u00e7\u00e3o da bateria: 1,5h<br \/>\n\u2022Tipo de Bateria: CR123A<br \/>\n<em>\u25babateria RCR123A recarreg\u00e1vel incluida<br \/>\ncom carregador 220V<\/em><\/p>\n<p><strong>\u25baIluminador de infra vermelhos (IR) ajust\u00e1vel<\/strong><br \/>\n\u2022<strong>Imagem digital <\/strong><br \/>\n\u2022<strong>Sa\u00edda de video <\/strong><\/p>\n<p>\u2022Prote\u00e7\u00e3o contra sobrexposi\u00e7\u00e3o<br \/>\n\u2022\u00c0 prova de respingos<br \/>\n\u2022Rosca para trip\u00e9<br \/>\n\u2022Campo de vis\u00e3o real 5\u00ba x 3,75\u00ba<br \/>\n\u2022Focagem a partir de 2m<\/p>\n<p>\u2022Comprimento: 200mm<br \/>\n\u2022Largura: 86mm<br \/>\n\u2022Altura:\u00a0\u00a0 \u00a056mm<br \/>\n\u2022Peso: 400gr<br \/>\n\u2022Cor: preto<\/p>\n<p>\u25baExtra: Lanterna Zoom de IR para aumentar o alcance <a href=\"http:\/\/site.astrofoto.com.pt\/welcome\/produto\/lanterna-de-infra-vermelhos-visao-nocturna\/\"><em>Ver<\/em><\/a><\/p>\n","protected":false},"excerpt":{"rendered":"<p>Monoculo de vis\u00e3o nocturna digital Omegon alpheon vis\u00e3o nocturna 5\u00d740 IR \u2022Aumento: 5x \u2022Di\u00e2metro da lente frontal: 40mm \u2022Alcance m\u00e1ximo: 200m \u2022Dura\u00e7\u00e3o da bateria: 1,5h \u2022Tipo de Bateria: CR123A \u25babateria RCR123A recarreg\u00e1vel incluida com carregador 220V \u25baIluminador de infra vermelhos (IR) ajust\u00e1vel \u2022Imagem digital \u2022Sa\u00edda de video \u2022Prote\u00e7\u00e3o contra sobrexposi\u00e7\u00e3o \u2022\u00c0 prova de respingos \u2022Rosca<\/p>\n<div class=\"more-link\">\n\t\t\t\t <a href=\"https:\/\/site.astrofoto.com.pt\/welcome\/produto\/omegon-visao-nocturna-5x40-ir\/\" class=\"btn theme-btn inverted\"><span>Continuar a Ler <\/span><\/a>\n\t\t\t<\/div>\n","protected":false},"featured_media":1339,"comment_status":"open","ping_status":"closed","template":"","meta":[],"product_brand":[],"product_cat":[21],"product_tag":[],"class_list":{"0":"post-1338","1":"product","2":"type-product","3":"status-publish","4":"has-post-thumbnail","6":"product_cat-visao-nocturna","8":"first","9":"onbackorder","10":"sale","11":"shipping-taxable","12":"purchasable","13":"product-type-simple"},"_links":{"self":[{"href":"https:\/\/site.astrofoto.com.pt\/welcome\/wp-json\/wp\/v2\/product\/1338","targetHints":{"allow":["GET"]}}],"collection":[{"href":"https:\/\/site.astrofoto.com.pt\/welcome\/wp-json\/wp\/v2\/product"}],"about":[{"href":"https:\/\/site.astrofoto.com.pt\/welcome\/wp-json\/wp\/v2\/types\/product"}],"replies":[{"embeddable":true,"href":"https:\/\/site.astrofoto.com.pt\/welcome\/wp-json\/wp\/v2\/comments?post=1338"}],"wp:featuredmedia":[{"embeddable":true,"href":"https:\/\/site.astrofoto.com.pt\/welcome\/wp-json\/wp\/v2\/media\/1339"}],"wp:attachment":[{"href":"https:\/\/site.astrofoto.com.pt\/welcome\/wp-json\/wp\/v2\/media?parent=1338"}],"wp:term":[{"taxonomy":"product_brand","embeddable":true,"href":"https:\/\/site.astrofoto.com.pt\/welcome\/wp-json\/wp\/v2\/product_brand?post=1338"},{"taxonomy":"product_cat","embeddable":true,"href":"https:\/\/site.astrofoto.com.pt\/welcome\/wp-json\/wp\/v2\/product_cat?post=1338"},{"taxonomy":"product_tag","embeddable":true,"href":"https:\/\/site.astrofoto.com.pt\/welcome\/wp-json\/wp\/v2\/product_tag?post=1338"}],"curies":[{"name":"wp","href":"https:\/\/api.w.org\/{rel}","templated":true}]}}