{"id":1292,"date":"2016-10-07T18:40:48","date_gmt":"2016-10-07T18:40:48","guid":{"rendered":"http:\/\/site.astrofoto.com.pt\/welcome\/?post_type=product&#038;p=1292"},"modified":"2021-04-01T15:55:17","modified_gmt":"2021-04-01T15:55:17","slug":"montagem-celestron-avx-goto","status":"publish","type":"product","link":"https:\/\/site.astrofoto.com.pt\/welcome\/produto\/montagem-celestron-avx-goto\/","title":{"rendered":"Montagem Celestron AVX GOTO"},"content":{"rendered":"<p><a href=\"http:\/\/site.astrofoto.com.pt\/welcome\/wp-content\/uploads\/2016\/10\/T19.jpg\"><img fetchpriority=\"high\" decoding=\"async\" class=\"alignleft size-medium wp-image-1293\" src=\"http:\/\/site.astrofoto.com.pt\/welcome\/wp-content\/uploads\/2016\/10\/T19-300x259.jpg\" alt=\"t19\" width=\"300\" height=\"259\" srcset=\"https:\/\/site.astrofoto.com.pt\/welcome\/wp-content\/uploads\/2016\/10\/T19-300x259.jpg 300w, https:\/\/site.astrofoto.com.pt\/welcome\/wp-content\/uploads\/2016\/10\/T19-450x389.jpg 450w, https:\/\/site.astrofoto.com.pt\/welcome\/wp-content\/uploads\/2016\/10\/T19.jpg 509w\" sizes=\"(max-width: 300px) 100vw, 300px\" \/><\/a><\/p>\n<table border=\"0\">\n<tbody>\n<tr>\n<td colspan=\"2\" rowspan=\"1\">\n<hr \/>\n<p><strong>Montagem AVX: <\/strong><\/p>\n<p>\u2022 Motores: Servomotores DC<br \/>\n\u2022 Velocidades : 9 velocidades; m\u00e1xima 4\u00ba\/seg<br \/>\n\u2022 Modos de seguimento: Sideral, Lunar, Solar<br \/>\n\u2022 Alinhamento: Alinhamento por 2 estrelas, 1 estrela, r\u00e1pido, ultimo alinhamento e com o Sistema Solar.<br \/>\n\u2022 Portas de comunica\u00e7\u00e3o: 2 portas AUX, 1 Porta para Autoguiagem, 1 Porta RS-232<br \/>\n\u2022 Controlador: Nexstar + Computorizado, com LCD e 19 teclas retro-iluminadas<br \/>\n\u2022 Base de dados: Mais de 40 000 objetos, 100 objetos program\u00e1veisr e\u00a0 200 mais populares<br \/>\n\u2022 Requisitos da alimenta\u00e7\u00e3o: 12V DC\/ 3,5A<br \/>\n\u2022 Fun\u00e7\u00e3o PEC. Integrada e program\u00e1vel<br \/>\n\u2022 Rel\u00f3gio Interno<br \/>\n\u2022 Capacidade m\u00e1xima: 13,5Kg<\/p>\n<p>\u2022 Carga max carga: 14kg<br \/>\n\u2022 Trip\u00e9 de a\u00e7o<br \/>\n\u2022 Altura do trip\u00e9: 112cm a 163cm<br \/>\n\u2022 Di\u00e2metro das sapatas do trip\u00e9: 50,8mm<br \/>\n\u2022 Peso do trip\u00e9: 8kg<br \/>\n\u2022 Peso da montagem: 7kg<br \/>\n\u2022 Contrapesos: 1 de 5kg<br \/>\n\u2022 Alimenta\u00e7\u00e3o: Cabo de liga\u00e7\u00e3o a Isqueiro<br \/>\n\u2022 Escala de Latitude:\u00a0 7\u00ba a 77\u00ba<\/p>\n<p>&#8212;- GPS: M\u00f3dulo opcional SkySync<\/p>\n<p class=\"style1\">** os portes dos telesc\u00f3pios n\u00e3o est\u00e3o incluidos na taxa de 5 \u20ac:<br \/>\n<a href=\"http:\/\/astrofoto.com.pt\/envios.htm\">http:\/\/astrofoto.com.pt\/envios.htm<\/a><\/p>\n<\/td>\n<\/tr>\n<tr>\n<td><\/td>\n<td colspan=\"2\"><\/td>\n<\/tr>\n<\/tbody>\n<\/table>\n","protected":false},"excerpt":{"rendered":"<p>Montagem AVX: \u2022 Motores: Servomotores DC \u2022 Velocidades : 9 velocidades; m\u00e1xima 4\u00ba\/seg \u2022 Modos de seguimento: Sideral, Lunar, Solar \u2022 Alinhamento: Alinhamento por 2 estrelas, 1 estrela, r\u00e1pido, ultimo alinhamento e com o Sistema Solar. \u2022 Portas de comunica\u00e7\u00e3o: 2 portas AUX, 1 Porta para Autoguiagem, 1 Porta RS-232 \u2022 Controlador: Nexstar + Computorizado,<\/p>\n<div class=\"more-link\">\n\t\t\t\t <a href=\"https:\/\/site.astrofoto.com.pt\/welcome\/produto\/montagem-celestron-avx-goto\/\" class=\"btn theme-btn inverted\"><span>Continuar a Ler <\/span><\/a>\n\t\t\t<\/div>\n","protected":false},"featured_media":1293,"comment_status":"open","ping_status":"closed","template":"","meta":[],"product_brand":[],"product_cat":[14],"product_tag":[],"class_list":{"0":"post-1292","1":"product","2":"type-product","3":"status-publish","4":"has-post-thumbnail","6":"product_cat-montagens","8":"first","9":"onbackorder","10":"shipping-taxable","11":"purchasable","12":"product-type-simple"},"_links":{"self":[{"href":"https:\/\/site.astrofoto.com.pt\/welcome\/wp-json\/wp\/v2\/product\/1292","targetHints":{"allow":["GET"]}}],"collection":[{"href":"https:\/\/site.astrofoto.com.pt\/welcome\/wp-json\/wp\/v2\/product"}],"about":[{"href":"https:\/\/site.astrofoto.com.pt\/welcome\/wp-json\/wp\/v2\/types\/product"}],"replies":[{"embeddable":true,"href":"https:\/\/site.astrofoto.com.pt\/welcome\/wp-json\/wp\/v2\/comments?post=1292"}],"wp:featuredmedia":[{"embeddable":true,"href":"https:\/\/site.astrofoto.com.pt\/welcome\/wp-json\/wp\/v2\/media\/1293"}],"wp:attachment":[{"href":"https:\/\/site.astrofoto.com.pt\/welcome\/wp-json\/wp\/v2\/media?parent=1292"}],"wp:term":[{"taxonomy":"product_brand","embeddable":true,"href":"https:\/\/site.astrofoto.com.pt\/welcome\/wp-json\/wp\/v2\/product_brand?post=1292"},{"taxonomy":"product_cat","embeddable":true,"href":"https:\/\/site.astrofoto.com.pt\/welcome\/wp-json\/wp\/v2\/product_cat?post=1292"},{"taxonomy":"product_tag","embeddable":true,"href":"https:\/\/site.astrofoto.com.pt\/welcome\/wp-json\/wp\/v2\/product_tag?post=1292"}],"curies":[{"name":"wp","href":"https:\/\/api.w.org\/{rel}","templated":true}]}}