{"id":1290,"date":"2016-10-07T18:33:52","date_gmt":"2016-10-07T18:33:52","guid":{"rendered":"http:\/\/site.astrofoto.com.pt\/welcome\/?post_type=product&#038;p=1290"},"modified":"2023-05-29T18:55:32","modified_gmt":"2023-05-29T18:55:32","slug":"buscador-polar-polemaster","status":"publish","type":"product","link":"https:\/\/site.astrofoto.com.pt\/welcome\/produto\/buscador-polar-polemaster\/","title":{"rendered":"Buscador Polar PoleMaster"},"content":{"rendered":"<p><a href=\"http:\/\/site.astrofoto.com.pt\/welcome\/wp-content\/uploads\/2016\/10\/T17.jpg\"><img fetchpriority=\"high\" decoding=\"async\" class=\"alignleft size-medium wp-image-1291\" src=\"http:\/\/site.astrofoto.com.pt\/welcome\/wp-content\/uploads\/2016\/10\/T17-300x248.jpg\" alt=\"t17\" width=\"300\" height=\"248\" srcset=\"https:\/\/site.astrofoto.com.pt\/welcome\/wp-content\/uploads\/2016\/10\/T17-300x248.jpg 300w, https:\/\/site.astrofoto.com.pt\/welcome\/wp-content\/uploads\/2016\/10\/T17-150x124.jpg 150w, https:\/\/site.astrofoto.com.pt\/welcome\/wp-content\/uploads\/2016\/10\/T17.jpg 433w\" sizes=\"(max-width: 300px) 100vw, 300px\" \/><\/a><\/p>\n<p><strong>PoleMaster \u2013 o buscador polar electr\u00f3nico de alta precis\u00e3o e f\u00e1cil de usar.<\/strong><\/p>\n<p>&nbsp;<\/p>\n<p>Acabaram as complica\u00e7\u00f5es de alinhar \u00e0 polar . Com PoleMaster e seguindo alguns passos simples voc\u00ea pode alinhar \u00e0 polar em 2 ou 3 minutos com uma precis\u00e3o de at\u00e9 30 &#8220;arco.<\/p>\n<p>Como funciona PoleMaster? A teoria \u00e9 simples. Localiza-se o Norte alinha-se\u00a0 o eixo de rota\u00e7\u00e3o mec\u00e2nica da montagem e ambos os pontos devem coincidir. Realmente, at\u00e9 agora, por em pr\u00e1tica esta teoria era muito complicado.<\/p>\n<p>PoleMaster trata de simplificar as coisas, porque ele usa uma c\u00e2mara super sens\u00edvel de grande campo no eixo RA para acompanhar a regi\u00e3o polar em tempo real (isto permite al\u00e9m da estrela polar detectar outras estrelas vizinhas menos intensas). A partir da posi\u00e7\u00e3o destas estrelas, PoleMaster pode determinar a posi\u00e7\u00e3o do polo verdadeiro\u00a0 e compar\u00e1-lo com o eixo mec\u00e2nico de rota\u00e7\u00e3o RA, desta forma o alinhamento consistir\u00e1 apenas em mover os dois centros de rota\u00e7\u00e3o afim de que se sobreponham. Fac\u00edlimo!<\/p>\n<p><strong>vantagens PoleMaster<\/strong>:<\/p>\n<p><strong>Rapidez e comodidade<\/strong>: N\u00e3o mais tem que mover o telesc\u00f3pio, ajoelhar ou contorcer-se de encontrar o polar, procurar um lugar totalmente escuro, nivelar a montagem, localizar a posi\u00e7\u00e3o exata da estrela por data e hora &#8230; Tudo isto acabou!<\/p>\n<p><strong>\u00a0\u00a0\u00a0 Precis\u00e3o<\/strong>: Gra\u00e7as \u00e0 c\u00e2mara de precis\u00e3o incluida no PoleMaster, com uma resolu\u00e7\u00e3o de 30 segundos de arco, o melhor alinhamento que pode ser alcan\u00e7ado tamb\u00e9m ser\u00e3o aqueles 30 segundos de arco.<\/p>\n<p><strong>Amplo \u00e2ngulo de vis\u00e3o da regi\u00e3o polar<\/strong>: Com um campo de vis\u00e3o amplo como\u00a0 11&#215;8 graus \u00e9 muito f\u00e1cil de localizar o estrela polar.<\/p>\n<p><strong>F\u00e1cil instala\u00e7\u00e3o<\/strong>: PoleMaster \u00e9 facilmente instalado em qualquer montagem equatorial com os adaptadores incluidos mesmo em montagens sem buscador polar!<\/p>\n<p>Verifique e ajuste o alinhamento em tempo real: Com PoleMaster voc\u00ea pode monitorizar o alinhamento em tempo real. E se o alinhamento se perder, \u00e9 t\u00e3o f\u00e1cil como traz\u00ea-la de volta sem recome\u00e7ar a partir do zero.<\/p>\n<p>J\u00e1 n\u00e3o \u00e9 necess\u00e1rio o alinhamento por tr\u00eas estrelas: \u00a0Uma estrela\u00a0 permite o alinhamento com a economia de tempo que isso implica.<\/p>\n<p>O companheiro perfeito para montagens de eixo simples: e maximizar o seu desempenho j\u00e1 que um bom alinhamento reduz o deslocamento no eixo DEC<\/p>\n<p><u><em>***escolha o adaptador para a sua montagem <\/em><\/u><\/p>\n<p><a href=\"https:\/\/www.qhyccd.com\/polemaster\/\">mais info <\/a><\/p>\n","protected":false},"excerpt":{"rendered":"<p>PoleMaster \u2013 o buscador polar electr\u00f3nico de alta precis\u00e3o e f\u00e1cil de usar. &nbsp; Acabaram as complica\u00e7\u00f5es de alinhar \u00e0 polar . Com PoleMaster e seguindo alguns passos simples voc\u00ea pode alinhar \u00e0 polar em 2 ou 3 minutos com uma precis\u00e3o de at\u00e9 30 &#8220;arco. Como funciona PoleMaster? A teoria \u00e9 simples. Localiza-se o<\/p>\n<div class=\"more-link\">\n\t\t\t\t <a href=\"https:\/\/site.astrofoto.com.pt\/welcome\/produto\/buscador-polar-polemaster\/\" class=\"btn theme-btn inverted\"><span>Continuar a Ler <\/span><\/a>\n\t\t\t<\/div>\n","protected":false},"featured_media":1291,"comment_status":"open","ping_status":"closed","template":"","meta":[],"product_brand":[],"product_cat":[29,34,31,14],"product_tag":[],"class_list":{"0":"post-1290","1":"product","2":"type-product","3":"status-publish","4":"has-post-thumbnail","6":"product_cat-acessorios","7":"product_cat-acessoriosfotografia","8":"product_cat-miscelanea","9":"product_cat-montagens","11":"first","12":"onbackorder","13":"shipping-taxable","14":"purchasable","15":"product-type-simple"},"_links":{"self":[{"href":"https:\/\/site.astrofoto.com.pt\/welcome\/wp-json\/wp\/v2\/product\/1290","targetHints":{"allow":["GET"]}}],"collection":[{"href":"https:\/\/site.astrofoto.com.pt\/welcome\/wp-json\/wp\/v2\/product"}],"about":[{"href":"https:\/\/site.astrofoto.com.pt\/welcome\/wp-json\/wp\/v2\/types\/product"}],"replies":[{"embeddable":true,"href":"https:\/\/site.astrofoto.com.pt\/welcome\/wp-json\/wp\/v2\/comments?post=1290"}],"wp:featuredmedia":[{"embeddable":true,"href":"https:\/\/site.astrofoto.com.pt\/welcome\/wp-json\/wp\/v2\/media\/1291"}],"wp:attachment":[{"href":"https:\/\/site.astrofoto.com.pt\/welcome\/wp-json\/wp\/v2\/media?parent=1290"}],"wp:term":[{"taxonomy":"product_brand","embeddable":true,"href":"https:\/\/site.astrofoto.com.pt\/welcome\/wp-json\/wp\/v2\/product_brand?post=1290"},{"taxonomy":"product_cat","embeddable":true,"href":"https:\/\/site.astrofoto.com.pt\/welcome\/wp-json\/wp\/v2\/product_cat?post=1290"},{"taxonomy":"product_tag","embeddable":true,"href":"https:\/\/site.astrofoto.com.pt\/welcome\/wp-json\/wp\/v2\/product_tag?post=1290"}],"curies":[{"name":"wp","href":"https:\/\/api.w.org\/{rel}","templated":true}]}}