{"id":1286,"date":"2016-10-07T18:26:50","date_gmt":"2016-10-07T18:26:50","guid":{"rendered":"http:\/\/site.astrofoto.com.pt\/welcome\/?post_type=product&#038;p=1286"},"modified":"2022-10-24T12:34:38","modified_gmt":"2022-10-24T12:34:38","slug":"omegon-visao-nocturna-5x50-ir","status":"publish","type":"product","link":"https:\/\/site.astrofoto.com.pt\/welcome\/produto\/omegon-visao-nocturna-5x50-ir\/","title":{"rendered":"Omegon Vis\u00e3o Nocturna 5&#215;50 IR"},"content":{"rendered":"<p><a href=\"http:\/\/site.astrofoto.com.pt\/welcome\/wp-content\/uploads\/2016\/10\/T14.jpg\"><img fetchpriority=\"high\" decoding=\"async\" class=\"alignleft size-medium wp-image-1287\" src=\"http:\/\/site.astrofoto.com.pt\/welcome\/wp-content\/uploads\/2016\/10\/T14-300x241.jpg\" alt=\"t14\" width=\"300\" height=\"241\" srcset=\"https:\/\/site.astrofoto.com.pt\/welcome\/wp-content\/uploads\/2016\/10\/T14-300x241.jpg 300w, https:\/\/site.astrofoto.com.pt\/welcome\/wp-content\/uploads\/2016\/10\/T14-450x362.jpg 450w, https:\/\/site.astrofoto.com.pt\/welcome\/wp-content\/uploads\/2016\/10\/T14-600x482.jpg 600w, https:\/\/site.astrofoto.com.pt\/welcome\/wp-content\/uploads\/2016\/10\/T14-768x617.jpg 768w, https:\/\/site.astrofoto.com.pt\/welcome\/wp-content\/uploads\/2016\/10\/T14.jpg 811w\" sizes=\"(max-width: 300px) 100vw, 300px\" \/><\/a>MONOCULO DE VIS\u00c3O NOCTURNA OMEGON 5X50<\/p>\n<p>Intensificador de 1\u00aa gera\u00e7\u00e3o<br \/>\nAumento:\u00a0\u00a0\u00a0 5x<br \/>\nDi\u00e2metro da lente frontal: 50mm<br \/>\nAlcance m\u00e1ximo (m)\u00a0\u00a0\u00a0\u00a0 220m<br \/>\nIluminador de infra vermelho<\/p>\n<p>\u00c0 prova de respingos<br \/>\nRosca de conex\u00e3o ao trip\u00e9<br \/>\nCampo de vis\u00e3o a 100m: 16m<br \/>\nFocagem a partir de 1m<\/p>\n<p>Comprimento 195mm<br \/>\nLargura 65mm<br \/>\nPeso 535gr<br \/>\nCor preto<br \/>\nTipo de pilha\u00a0 CR2 (n\u00e3o\u00a0 inclu\u00edda)<\/p>\n<p>\u25baExtra: Lanterna Zoom de IR para aumentar o alcance <a href=\"http:\/\/site.astrofoto.com.pt\/welcome\/produto\/lanterna-de-infra-vermelhos-visao-nocturna\/\"><em>Ver<\/em><\/a><\/p>\n","protected":false},"excerpt":{"rendered":"<p>MONOCULO DE VIS\u00c3O NOCTURNA OMEGON 5X50 Intensificador de 1\u00aa gera\u00e7\u00e3o Aumento:\u00a0\u00a0\u00a0 5x Di\u00e2metro da lente frontal: 50mm Alcance m\u00e1ximo (m)\u00a0\u00a0\u00a0\u00a0 220m Iluminador de infra vermelho \u00c0 prova de respingos Rosca de conex\u00e3o ao trip\u00e9 Campo de vis\u00e3o a 100m: 16m Focagem a partir de 1m Comprimento 195mm Largura 65mm Peso 535gr Cor preto Tipo de<\/p>\n<div class=\"more-link\">\n\t\t\t\t <a href=\"https:\/\/site.astrofoto.com.pt\/welcome\/produto\/omegon-visao-nocturna-5x50-ir\/\" class=\"btn theme-btn inverted\"><span>Continuar a Ler <\/span><\/a>\n\t\t\t<\/div>\n","protected":false},"featured_media":1287,"comment_status":"open","ping_status":"closed","template":"","meta":[],"product_brand":[],"product_cat":[21],"product_tag":[],"class_list":{"0":"post-1286","1":"product","2":"type-product","3":"status-publish","4":"has-post-thumbnail","6":"product_cat-visao-nocturna","8":"first","9":"onbackorder","10":"shipping-taxable","11":"purchasable","12":"product-type-simple"},"_links":{"self":[{"href":"https:\/\/site.astrofoto.com.pt\/welcome\/wp-json\/wp\/v2\/product\/1286","targetHints":{"allow":["GET"]}}],"collection":[{"href":"https:\/\/site.astrofoto.com.pt\/welcome\/wp-json\/wp\/v2\/product"}],"about":[{"href":"https:\/\/site.astrofoto.com.pt\/welcome\/wp-json\/wp\/v2\/types\/product"}],"replies":[{"embeddable":true,"href":"https:\/\/site.astrofoto.com.pt\/welcome\/wp-json\/wp\/v2\/comments?post=1286"}],"wp:featuredmedia":[{"embeddable":true,"href":"https:\/\/site.astrofoto.com.pt\/welcome\/wp-json\/wp\/v2\/media\/1287"}],"wp:attachment":[{"href":"https:\/\/site.astrofoto.com.pt\/welcome\/wp-json\/wp\/v2\/media?parent=1286"}],"wp:term":[{"taxonomy":"product_brand","embeddable":true,"href":"https:\/\/site.astrofoto.com.pt\/welcome\/wp-json\/wp\/v2\/product_brand?post=1286"},{"taxonomy":"product_cat","embeddable":true,"href":"https:\/\/site.astrofoto.com.pt\/welcome\/wp-json\/wp\/v2\/product_cat?post=1286"},{"taxonomy":"product_tag","embeddable":true,"href":"https:\/\/site.astrofoto.com.pt\/welcome\/wp-json\/wp\/v2\/product_tag?post=1286"}],"curies":[{"name":"wp","href":"https:\/\/api.w.org\/{rel}","templated":true}]}}