{"id":1270,"date":"2016-10-07T17:40:12","date_gmt":"2016-10-07T17:40:12","guid":{"rendered":"http:\/\/site.astrofoto.com.pt\/welcome\/?post_type=product&#038;p=1270"},"modified":"2026-02-03T13:21:58","modified_gmt":"2026-02-03T13:21:58","slug":"montagem-omegon-push","status":"publish","type":"product","link":"https:\/\/site.astrofoto.com.pt\/welcome\/produto\/montagem-omegon-push\/","title":{"rendered":"Montagem Omegon MiniPush+"},"content":{"rendered":"<p><a href=\"http:\/\/site.astrofoto.com.pt\/welcome\/wp-content\/uploads\/2016\/10\/T7.jpg\"><img fetchpriority=\"high\" decoding=\"async\" class=\"alignleft size-medium wp-image-1271\" src=\"http:\/\/site.astrofoto.com.pt\/welcome\/wp-content\/uploads\/2016\/10\/T7-271x300.jpg\" alt=\"t7\" width=\"271\" height=\"300\" srcset=\"https:\/\/site.astrofoto.com.pt\/welcome\/wp-content\/uploads\/2016\/10\/T7-271x300.jpg 271w, https:\/\/site.astrofoto.com.pt\/welcome\/wp-content\/uploads\/2016\/10\/T7-450x498.jpg 450w, https:\/\/site.astrofoto.com.pt\/welcome\/wp-content\/uploads\/2016\/10\/T7-300x332.jpg 300w, https:\/\/site.astrofoto.com.pt\/welcome\/wp-content\/uploads\/2016\/10\/T7.jpg 597w\" sizes=\"(max-width: 271px) 100vw, 271px\" \/><\/a><strong>Montagem Omegon MiniPush+<\/strong><\/p>\n<p><em>O Telescopio \u00e9 &#8220;conduzido&#8221; pelos &#8220;encoders&#8221; at\u00e9 ao objecto sinalizado no Smartphone<\/em><\/p>\n<p>\u25ba Condu\u00e7\u00e3o manual<br \/>\n\u2022 Tipo Dobson Inteligente<br \/>\n\u2022 Controlada por Smartphone<br \/>\n\u2022 Suporte para Smartphone at\u00e9 largura de 77mm<br \/>\n\u2022 Capacidade de carga m\u00e1xima 7Kg<br \/>\n\u2022 Precis\u00e3o da posi\u00e7\u00e3o: 1800<br \/>\n\u2022 Desloca\u00e7\u00e3o do eixo por: Teflon<br \/>\n\u2022 Temperatura de funcionamento -30\u00ba a +40\u00ba<br \/>\n\u2022 Alimenta\u00e7\u00e3o 9V-18V<br \/>\n\u2022 Consumo de energia em ponto morto 150mA<br \/>\n\u2022 Dovetail tipo vixen\u00ae<br \/>\n\u25ba Condu\u00e7\u00e3o manual<br \/>\n\u2022 Comprimento 350mm<br \/>\n\u2022 Largura: 350mm<br \/>\n\u2022 Altura: 420mm<br \/>\n\u2022 Peso: 5,3Kg<\/p>\n<p>Software: pode controlar o telesc\u00f3pio com a App SkySafari\u00ae 4 Plus para Android,<br \/>\nou usar outros programas para PC como por exemplo Cartes du Ciel\u00ae ou Stellarium\u00ae<\/p>\n","protected":false},"excerpt":{"rendered":"<p>Montagem Omegon MiniPush+ O Telescopio \u00e9 &#8220;conduzido&#8221; pelos &#8220;encoders&#8221; at\u00e9 ao objecto sinalizado no Smartphone \u25ba Condu\u00e7\u00e3o manual \u2022 Tipo Dobson Inteligente \u2022 Controlada por Smartphone \u2022 Suporte para Smartphone at\u00e9 largura de 77mm \u2022 Capacidade de carga m\u00e1xima 7Kg \u2022 Precis\u00e3o da posi\u00e7\u00e3o: 1800 \u2022 Desloca\u00e7\u00e3o do eixo por: Teflon \u2022 Temperatura de funcionamento<\/p>\n<div class=\"more-link\">\n\t\t\t\t <a href=\"https:\/\/site.astrofoto.com.pt\/welcome\/produto\/montagem-omegon-push\/\" class=\"btn theme-btn inverted\"><span>Continuar a Ler <\/span><\/a>\n\t\t\t<\/div>\n","protected":false},"featured_media":1271,"comment_status":"open","ping_status":"closed","template":"","meta":[],"product_brand":[],"product_cat":[14],"product_tag":[],"class_list":{"0":"post-1270","1":"product","2":"type-product","3":"status-publish","4":"has-post-thumbnail","6":"product_cat-montagens","8":"first","9":"onbackorder","10":"shipping-taxable","11":"purchasable","12":"product-type-simple"},"_links":{"self":[{"href":"https:\/\/site.astrofoto.com.pt\/welcome\/wp-json\/wp\/v2\/product\/1270","targetHints":{"allow":["GET"]}}],"collection":[{"href":"https:\/\/site.astrofoto.com.pt\/welcome\/wp-json\/wp\/v2\/product"}],"about":[{"href":"https:\/\/site.astrofoto.com.pt\/welcome\/wp-json\/wp\/v2\/types\/product"}],"replies":[{"embeddable":true,"href":"https:\/\/site.astrofoto.com.pt\/welcome\/wp-json\/wp\/v2\/comments?post=1270"}],"wp:featuredmedia":[{"embeddable":true,"href":"https:\/\/site.astrofoto.com.pt\/welcome\/wp-json\/wp\/v2\/media\/1271"}],"wp:attachment":[{"href":"https:\/\/site.astrofoto.com.pt\/welcome\/wp-json\/wp\/v2\/media?parent=1270"}],"wp:term":[{"taxonomy":"product_brand","embeddable":true,"href":"https:\/\/site.astrofoto.com.pt\/welcome\/wp-json\/wp\/v2\/product_brand?post=1270"},{"taxonomy":"product_cat","embeddable":true,"href":"https:\/\/site.astrofoto.com.pt\/welcome\/wp-json\/wp\/v2\/product_cat?post=1270"},{"taxonomy":"product_tag","embeddable":true,"href":"https:\/\/site.astrofoto.com.pt\/welcome\/wp-json\/wp\/v2\/product_tag?post=1270"}],"curies":[{"name":"wp","href":"https:\/\/api.w.org\/{rel}","templated":true}]}}