{"id":1178,"date":"2015-10-19T18:28:40","date_gmt":"2015-10-19T18:28:40","guid":{"rendered":"http:\/\/site.astrofoto.com.pt\/welcome\/?post_type=product&#038;p=1178"},"modified":"2025-02-24T20:37:24","modified_gmt":"2025-02-24T20:37:24","slug":"binoculo-helios-fieldmaster-10x50-2","status":"publish","type":"product","link":"https:\/\/site.astrofoto.com.pt\/welcome\/produto\/binoculo-helios-fieldmaster-10x50-2\/","title":{"rendered":"Bin\u00f3culo Helios Fieldmaster 10&#215;50"},"content":{"rendered":"<p>&nbsp;<\/p>\n<p><strong>Bin\u00f3culo Helios Fieldmaster 10&#215;50<\/strong><\/p>\n<p>\u2022 Amplia\u00e7\u00e3o:10x<br \/>\n\u2022 Di\u00e2metro da objectiva: 50mm<br \/>\n\u2022 Fully Multicoated<br \/>\n\u2022 <strong>Prismas: Bak4<\/strong><br \/>\n\u2022 Di\u00e2metro de pupila de sa\u00edda: 5mm<br \/>\n\u2022 Campo de Vis\u00e3o: 5,5\u00ba<br \/>\n\u2022 Oculares com prote\u00e7\u00e3o male\u00e1vel<br \/>\n\u2022 Rosca para adaptador a trip\u00e9<br \/>\n\u2022 Peso: 825g<br \/>\n\u2022 Estojo e al\u00e7a<\/p>\n<p>\u25ba Distinguido com o pr\u00e9mio Sky&amp;Night test<\/p>\n","protected":false},"excerpt":{"rendered":"<p>&nbsp; Bin\u00f3culo Helios Fieldmaster 10&#215;50 \u2022 Amplia\u00e7\u00e3o:10x \u2022 Di\u00e2metro da objectiva: 50mm \u2022 Fully Multicoated \u2022 Prismas: Bak4 \u2022 Di\u00e2metro de pupila de sa\u00edda: 5mm \u2022 Campo de Vis\u00e3o: 5,5\u00ba \u2022 Oculares com prote\u00e7\u00e3o male\u00e1vel \u2022 Rosca para adaptador a trip\u00e9 \u2022 Peso: 825g \u2022 Estojo e al\u00e7a \u25ba Distinguido com o pr\u00e9mio Sky&amp;Night test<\/p>\n","protected":false},"featured_media":1179,"comment_status":"open","ping_status":"closed","template":"","meta":[],"product_brand":[],"product_cat":[13,87,48,63,95],"product_tag":[],"class_list":{"0":"post-1178","1":"product","2":"type-product","3":"status-publish","4":"has-post-thumbnail","6":"product_cat-binoculos","7":"product_cat-binoculosp","8":"product_cat-natal","9":"product_cat-promocoes","10":"product_cat-stock-off","11":"product_shipping_class-taxa-minima","13":"first","14":"instock","15":"sale","16":"shipping-taxable","17":"purchasable","18":"product-type-simple"},"_links":{"self":[{"href":"https:\/\/site.astrofoto.com.pt\/welcome\/wp-json\/wp\/v2\/product\/1178","targetHints":{"allow":["GET"]}}],"collection":[{"href":"https:\/\/site.astrofoto.com.pt\/welcome\/wp-json\/wp\/v2\/product"}],"about":[{"href":"https:\/\/site.astrofoto.com.pt\/welcome\/wp-json\/wp\/v2\/types\/product"}],"replies":[{"embeddable":true,"href":"https:\/\/site.astrofoto.com.pt\/welcome\/wp-json\/wp\/v2\/comments?post=1178"}],"wp:featuredmedia":[{"embeddable":true,"href":"https:\/\/site.astrofoto.com.pt\/welcome\/wp-json\/wp\/v2\/media\/1179"}],"wp:attachment":[{"href":"https:\/\/site.astrofoto.com.pt\/welcome\/wp-json\/wp\/v2\/media?parent=1178"}],"wp:term":[{"taxonomy":"product_brand","embeddable":true,"href":"https:\/\/site.astrofoto.com.pt\/welcome\/wp-json\/wp\/v2\/product_brand?post=1178"},{"taxonomy":"product_cat","embeddable":true,"href":"https:\/\/site.astrofoto.com.pt\/welcome\/wp-json\/wp\/v2\/product_cat?post=1178"},{"taxonomy":"product_tag","embeddable":true,"href":"https:\/\/site.astrofoto.com.pt\/welcome\/wp-json\/wp\/v2\/product_tag?post=1178"}],"curies":[{"name":"wp","href":"https:\/\/api.w.org\/{rel}","templated":true}]}}