{"id":1122,"date":"2015-10-14T17:13:27","date_gmt":"2015-10-14T17:13:27","guid":{"rendered":"http:\/\/site.astrofoto.com.pt\/welcome\/?post_type=product&#038;p=1122"},"modified":"2018-04-09T17:52:53","modified_gmt":"2018-04-09T17:52:53","slug":"esfera-armilar-grande","status":"publish","type":"product","link":"https:\/\/site.astrofoto.com.pt\/welcome\/produto\/esfera-armilar-grande\/","title":{"rendered":"Esfera Armilar Grande"},"content":{"rendered":"<p><a href=\"http:\/\/site.astrofoto.com.pt\/welcome\/wp-content\/uploads\/2015\/10\/r8.jpg\"><img fetchpriority=\"high\" decoding=\"async\" class=\"alignleft size-medium wp-image-1123\" src=\"http:\/\/site.astrofoto.com.pt\/welcome\/wp-content\/uploads\/2015\/10\/r8-300x250.jpg\" alt=\"r8\" width=\"300\" height=\"250\" srcset=\"https:\/\/site.astrofoto.com.pt\/welcome\/wp-content\/uploads\/2015\/10\/r8.jpg 300w, https:\/\/site.astrofoto.com.pt\/welcome\/wp-content\/uploads\/2015\/10\/r8-150x125.jpg 150w\" sizes=\"(max-width: 300px) 100vw, 300px\" \/><\/a>Esfera Armilar Grande<\/p>\n<p>Tamanho: 460x260mm<\/p>\n<p>&nbsp;<\/p>\n<p>A esfera armilar foi usada pelos astr\u00f3nomos\u00e1rabes, Hiparco e Ptolomeo, e tiveram uma grande evolu\u00e7\u00e3o nos s\u00e9c. XV e XVI. A r\u00e9plica apresentada \u00e9 uma reprodu\u00e7\u00e3o do modelo<br \/>\nfabricado pelo astr\u00f3nomo Dinamarqu\u00eas Tycho de Brahe (1576-1601<\/p>\n","protected":false},"excerpt":{"rendered":"<p>Esfera Armilar Grande Tamanho: 460x260mm &nbsp; A esfera armilar foi usada pelos astr\u00f3nomos\u00e1rabes, Hiparco e Ptolomeo, e tiveram uma grande evolu\u00e7\u00e3o nos s\u00e9c. XV e XVI. A r\u00e9plica apresentada \u00e9 uma reprodu\u00e7\u00e3o do modelo fabricado pelo astr\u00f3nomo Dinamarqu\u00eas Tycho de Brahe (1576-1601<\/p>\n","protected":false},"featured_media":1123,"comment_status":"open","ping_status":"closed","template":"","meta":[],"product_brand":[],"product_cat":[36],"product_tag":[],"class_list":{"0":"post-1122","1":"product","2":"type-product","3":"status-publish","4":"has-post-thumbnail","6":"product_cat-replicas","8":"first","9":"onbackorder","10":"shipping-taxable","11":"purchasable","12":"product-type-simple"},"_links":{"self":[{"href":"https:\/\/site.astrofoto.com.pt\/welcome\/wp-json\/wp\/v2\/product\/1122","targetHints":{"allow":["GET"]}}],"collection":[{"href":"https:\/\/site.astrofoto.com.pt\/welcome\/wp-json\/wp\/v2\/product"}],"about":[{"href":"https:\/\/site.astrofoto.com.pt\/welcome\/wp-json\/wp\/v2\/types\/product"}],"replies":[{"embeddable":true,"href":"https:\/\/site.astrofoto.com.pt\/welcome\/wp-json\/wp\/v2\/comments?post=1122"}],"wp:featuredmedia":[{"embeddable":true,"href":"https:\/\/site.astrofoto.com.pt\/welcome\/wp-json\/wp\/v2\/media\/1123"}],"wp:attachment":[{"href":"https:\/\/site.astrofoto.com.pt\/welcome\/wp-json\/wp\/v2\/media?parent=1122"}],"wp:term":[{"taxonomy":"product_brand","embeddable":true,"href":"https:\/\/site.astrofoto.com.pt\/welcome\/wp-json\/wp\/v2\/product_brand?post=1122"},{"taxonomy":"product_cat","embeddable":true,"href":"https:\/\/site.astrofoto.com.pt\/welcome\/wp-json\/wp\/v2\/product_cat?post=1122"},{"taxonomy":"product_tag","embeddable":true,"href":"https:\/\/site.astrofoto.com.pt\/welcome\/wp-json\/wp\/v2\/product_tag?post=1122"}],"curies":[{"name":"wp","href":"https:\/\/api.w.org\/{rel}","templated":true}]}}