{"id":1118,"date":"2015-10-14T16:53:45","date_gmt":"2015-10-14T16:53:45","guid":{"rendered":"http:\/\/site.astrofoto.com.pt\/welcome\/?post_type=product&#038;p=1118"},"modified":"2018-04-09T17:51:39","modified_gmt":"2018-04-09T17:51:39","slug":"astrolabio-nautico","status":"publish","type":"product","link":"https:\/\/site.astrofoto.com.pt\/welcome\/produto\/astrolabio-nautico\/","title":{"rendered":"Astrol\u00e1bio N\u00e1utico"},"content":{"rendered":"<p><a href=\"http:\/\/site.astrofoto.com.pt\/welcome\/wp-content\/uploads\/2015\/10\/r6.jpg\"><img decoding=\"async\" class=\"alignleft size-full wp-image-1119\" src=\"http:\/\/site.astrofoto.com.pt\/welcome\/wp-content\/uploads\/2015\/10\/r6.jpg\" alt=\"r6\" width=\"90\" height=\"78\" \/><\/a><\/p>\n<h1>Astrol\u00e1bio N\u00e1utico<\/h1>\n<div align=\"left\"><span class=\"style16\">Astrol\u00e1bio N\u00e1utico<br \/>\n#900229<\/span><\/div>\n<div align=\"left\"><span class=\"style16\"><br \/>\n\u2022 Tamanho: \u00d843mm<br \/>\n\u2022 porta-chaves <\/span><\/div>\n","protected":false},"excerpt":{"rendered":"<p>Astrol\u00e1bio N\u00e1utico Astrol\u00e1bio N\u00e1utico #900229 \u2022 Tamanho: \u00d843mm \u2022 porta-chaves<\/p>\n","protected":false},"featured_media":1119,"comment_status":"open","ping_status":"closed","template":"","meta":[],"product_brand":[],"product_cat":[36],"product_tag":[],"class_list":{"0":"post-1118","1":"product","2":"type-product","3":"status-publish","4":"has-post-thumbnail","6":"product_cat-replicas","8":"first","9":"onbackorder","10":"shipping-taxable","11":"purchasable","12":"product-type-simple"},"_links":{"self":[{"href":"https:\/\/site.astrofoto.com.pt\/welcome\/wp-json\/wp\/v2\/product\/1118","targetHints":{"allow":["GET"]}}],"collection":[{"href":"https:\/\/site.astrofoto.com.pt\/welcome\/wp-json\/wp\/v2\/product"}],"about":[{"href":"https:\/\/site.astrofoto.com.pt\/welcome\/wp-json\/wp\/v2\/types\/product"}],"replies":[{"embeddable":true,"href":"https:\/\/site.astrofoto.com.pt\/welcome\/wp-json\/wp\/v2\/comments?post=1118"}],"wp:featuredmedia":[{"embeddable":true,"href":"https:\/\/site.astrofoto.com.pt\/welcome\/wp-json\/wp\/v2\/media\/1119"}],"wp:attachment":[{"href":"https:\/\/site.astrofoto.com.pt\/welcome\/wp-json\/wp\/v2\/media?parent=1118"}],"wp:term":[{"taxonomy":"product_brand","embeddable":true,"href":"https:\/\/site.astrofoto.com.pt\/welcome\/wp-json\/wp\/v2\/product_brand?post=1118"},{"taxonomy":"product_cat","embeddable":true,"href":"https:\/\/site.astrofoto.com.pt\/welcome\/wp-json\/wp\/v2\/product_cat?post=1118"},{"taxonomy":"product_tag","embeddable":true,"href":"https:\/\/site.astrofoto.com.pt\/welcome\/wp-json\/wp\/v2\/product_tag?post=1118"}],"curies":[{"name":"wp","href":"https:\/\/api.w.org\/{rel}","templated":true}]}}