{"id":1114,"date":"2015-10-14T16:35:43","date_gmt":"2015-10-14T16:35:43","guid":{"rendered":"http:\/\/site.astrofoto.com.pt\/welcome\/?post_type=product&#038;p=1114"},"modified":"2018-04-09T17:50:32","modified_gmt":"2018-04-09T17:50:32","slug":"astrolabio-asineus-10-2","status":"publish","type":"product","link":"https:\/\/site.astrofoto.com.pt\/welcome\/produto\/astrolabio-asineus-10-2\/","title":{"rendered":"Astrol\u00e1bio Asineus 10"},"content":{"rendered":"<p><a href=\"http:\/\/site.astrofoto.com.pt\/welcome\/wp-content\/uploads\/2015\/10\/r4.jpg\"><img fetchpriority=\"high\" decoding=\"async\" class=\"alignleft size-medium wp-image-1115\" src=\"http:\/\/site.astrofoto.com.pt\/welcome\/wp-content\/uploads\/2015\/10\/r4-300x250.jpg\" alt=\"r4\" width=\"300\" height=\"250\" srcset=\"https:\/\/site.astrofoto.com.pt\/welcome\/wp-content\/uploads\/2015\/10\/r4.jpg 300w, https:\/\/site.astrofoto.com.pt\/welcome\/wp-content\/uploads\/2015\/10\/r4-150x125.jpg 150w\" sizes=\"(max-width: 300px) 100vw, 300px\" \/><\/a><\/p>\n<h1>Astrol\u00e1bio Asineus 10<\/h1>\n<p>#900402<br \/>\nTamanho: 135x100x8mm<\/p>\n<p>&nbsp;<\/p>\n<p><span class=\"style12\">O invento do astrol\u00e1bio atribui-se a Di\u00f3genes La\u00e9rcio.<\/span><\/p>\n<p>Outros estudiosos por\u00e9m dizem ter sido Ptolomeo o inventor do astrol\u00e1bio plano.<\/p>\n<p>Depois de ter ca\u00eddo em desuso, o astrol\u00e1bio tornou a ser usado por astr\u00f3nomos \u00e1rabes, que o califa Al Mamun reunia em sua casa em Bagdad na primeira metade do s\u00e9c. X.<\/p>\n","protected":false},"excerpt":{"rendered":"<p>Astrol\u00e1bio Asineus 10 #900402 Tamanho: 135x100x8mm &nbsp; O invento do astrol\u00e1bio atribui-se a Di\u00f3genes La\u00e9rcio. Outros estudiosos por\u00e9m dizem ter sido Ptolomeo o inventor do astrol\u00e1bio plano. Depois de ter ca\u00eddo em desuso, o astrol\u00e1bio tornou a ser usado por astr\u00f3nomos \u00e1rabes, que o califa Al Mamun reunia em sua casa em Bagdad na primeira<\/p>\n<div class=\"more-link\">\n\t\t\t\t <a href=\"https:\/\/site.astrofoto.com.pt\/welcome\/produto\/astrolabio-asineus-10-2\/\" class=\"btn theme-btn inverted\"><span>Continuar a Ler <\/span><\/a>\n\t\t\t<\/div>\n","protected":false},"featured_media":1115,"comment_status":"open","ping_status":"closed","template":"","meta":[],"product_brand":[],"product_cat":[36],"product_tag":[],"class_list":{"0":"post-1114","1":"product","2":"type-product","3":"status-publish","4":"has-post-thumbnail","6":"product_cat-replicas","8":"first","9":"onbackorder","10":"shipping-taxable","11":"purchasable","12":"product-type-simple"},"_links":{"self":[{"href":"https:\/\/site.astrofoto.com.pt\/welcome\/wp-json\/wp\/v2\/product\/1114","targetHints":{"allow":["GET"]}}],"collection":[{"href":"https:\/\/site.astrofoto.com.pt\/welcome\/wp-json\/wp\/v2\/product"}],"about":[{"href":"https:\/\/site.astrofoto.com.pt\/welcome\/wp-json\/wp\/v2\/types\/product"}],"replies":[{"embeddable":true,"href":"https:\/\/site.astrofoto.com.pt\/welcome\/wp-json\/wp\/v2\/comments?post=1114"}],"wp:featuredmedia":[{"embeddable":true,"href":"https:\/\/site.astrofoto.com.pt\/welcome\/wp-json\/wp\/v2\/media\/1115"}],"wp:attachment":[{"href":"https:\/\/site.astrofoto.com.pt\/welcome\/wp-json\/wp\/v2\/media?parent=1114"}],"wp:term":[{"taxonomy":"product_brand","embeddable":true,"href":"https:\/\/site.astrofoto.com.pt\/welcome\/wp-json\/wp\/v2\/product_brand?post=1114"},{"taxonomy":"product_cat","embeddable":true,"href":"https:\/\/site.astrofoto.com.pt\/welcome\/wp-json\/wp\/v2\/product_cat?post=1114"},{"taxonomy":"product_tag","embeddable":true,"href":"https:\/\/site.astrofoto.com.pt\/welcome\/wp-json\/wp\/v2\/product_tag?post=1114"}],"curies":[{"name":"wp","href":"https:\/\/api.w.org\/{rel}","templated":true}]}}