{"id":1110,"date":"2015-10-14T15:56:30","date_gmt":"2015-10-14T15:56:30","guid":{"rendered":"http:\/\/site.astrofoto.com.pt\/welcome\/?post_type=product&#038;p=1110"},"modified":"2018-04-09T17:43:18","modified_gmt":"2018-04-09T17:43:18","slug":"anel-de-altura","status":"publish","type":"product","link":"https:\/\/site.astrofoto.com.pt\/welcome\/produto\/anel-de-altura\/","title":{"rendered":"Anel de Altura"},"content":{"rendered":"<p><a href=\"http:\/\/site.astrofoto.com.pt\/welcome\/wp-content\/uploads\/2015\/10\/r2.jpg\"><img fetchpriority=\"high\" decoding=\"async\" class=\"alignleft size-medium wp-image-1111\" src=\"http:\/\/site.astrofoto.com.pt\/welcome\/wp-content\/uploads\/2015\/10\/r2-300x250.jpg\" alt=\"r2\" width=\"300\" height=\"250\" srcset=\"https:\/\/site.astrofoto.com.pt\/welcome\/wp-content\/uploads\/2015\/10\/r2.jpg 300w, https:\/\/site.astrofoto.com.pt\/welcome\/wp-content\/uploads\/2015\/10\/r2-150x125.jpg 150w\" sizes=\"(max-width: 300px) 100vw, 300px\" \/><\/a>Anel de Altura<br \/>\n#90C429<\/p>\n<p>Tamanho: \u00d830mm<br \/>\n<span class=\"style16\">porta-chaves<\/span><\/p>\n<p><span class=\"style16\">rel\u00f3gio solar de altura cuja utiliza\u00e7\u00e3o foi muito generalizada durante os s\u00e9culos XVI, XVII e XVIII.<\/span><\/p>\n<p>Esta \u00e9 uma r\u00e9plica do fabricado pelo astr\u00f3nomo alem\u00e3o<br \/>\nH.S. Thorn em 1700.<\/p>\n<p>&nbsp;<\/p>\n","protected":false},"excerpt":{"rendered":"<p>Anel de Altura #90C429 Tamanho: \u00d830mm porta-chaves rel\u00f3gio solar de altura cuja utiliza\u00e7\u00e3o foi muito generalizada durante os s\u00e9culos XVI, XVII e XVIII. Esta \u00e9 uma r\u00e9plica do fabricado pelo astr\u00f3nomo alem\u00e3o H.S. Thorn em 1700. &nbsp;<\/p>\n","protected":false},"featured_media":1111,"comment_status":"open","ping_status":"closed","template":"","meta":[],"product_brand":[],"product_cat":[36],"product_tag":[],"class_list":{"0":"post-1110","1":"product","2":"type-product","3":"status-publish","4":"has-post-thumbnail","6":"product_cat-replicas","8":"first","9":"onbackorder","10":"shipping-taxable","11":"purchasable","12":"product-type-simple"},"_links":{"self":[{"href":"https:\/\/site.astrofoto.com.pt\/welcome\/wp-json\/wp\/v2\/product\/1110","targetHints":{"allow":["GET"]}}],"collection":[{"href":"https:\/\/site.astrofoto.com.pt\/welcome\/wp-json\/wp\/v2\/product"}],"about":[{"href":"https:\/\/site.astrofoto.com.pt\/welcome\/wp-json\/wp\/v2\/types\/product"}],"replies":[{"embeddable":true,"href":"https:\/\/site.astrofoto.com.pt\/welcome\/wp-json\/wp\/v2\/comments?post=1110"}],"wp:featuredmedia":[{"embeddable":true,"href":"https:\/\/site.astrofoto.com.pt\/welcome\/wp-json\/wp\/v2\/media\/1111"}],"wp:attachment":[{"href":"https:\/\/site.astrofoto.com.pt\/welcome\/wp-json\/wp\/v2\/media?parent=1110"}],"wp:term":[{"taxonomy":"product_brand","embeddable":true,"href":"https:\/\/site.astrofoto.com.pt\/welcome\/wp-json\/wp\/v2\/product_brand?post=1110"},{"taxonomy":"product_cat","embeddable":true,"href":"https:\/\/site.astrofoto.com.pt\/welcome\/wp-json\/wp\/v2\/product_cat?post=1110"},{"taxonomy":"product_tag","embeddable":true,"href":"https:\/\/site.astrofoto.com.pt\/welcome\/wp-json\/wp\/v2\/product_tag?post=1110"}],"curies":[{"name":"wp","href":"https:\/\/api.w.org\/{rel}","templated":true}]}}