{"id":1108,"date":"2015-10-14T15:47:14","date_gmt":"2015-10-14T15:47:14","guid":{"rendered":"http:\/\/site.astrofoto.com.pt\/welcome\/?post_type=product&#038;p=1108"},"modified":"2018-04-09T17:45:40","modified_gmt":"2018-04-09T17:45:40","slug":"astrolabio-nautico-miniatura","status":"publish","type":"product","link":"https:\/\/site.astrofoto.com.pt\/welcome\/produto\/astrolabio-nautico-miniatura\/","title":{"rendered":"Astrol\u00e1bio N\u00e1utico Miniatura"},"content":{"rendered":"<p><a href=\"http:\/\/site.astrofoto.com.pt\/welcome\/wp-content\/uploads\/2015\/10\/r1.jpg\"><img fetchpriority=\"high\" decoding=\"async\" class=\"alignleft size-medium wp-image-1109\" src=\"http:\/\/site.astrofoto.com.pt\/welcome\/wp-content\/uploads\/2015\/10\/r1-300x250.jpg\" alt=\"r1\" width=\"300\" height=\"250\" srcset=\"https:\/\/site.astrofoto.com.pt\/welcome\/wp-content\/uploads\/2015\/10\/r1.jpg 300w, https:\/\/site.astrofoto.com.pt\/welcome\/wp-content\/uploads\/2015\/10\/r1-150x125.jpg 150w\" sizes=\"(max-width: 300px) 100vw, 300px\" \/><\/a><\/p>\n<h1>Astrol\u00e1bio N\u00e1utico Miniatura<\/h1>\n<p>#900209<br \/>\nTamanho: \u00d843&#215;100 mm<\/p>\n<p>&nbsp;<\/p>\n<p>foi um instrumento muito utilizado pelos navegadores dos s\u00e9culos XVI e XVII, para encontrar a latitude a bordo. A r\u00e9plica apresentada \u00e9 baseada numa pe\u00e7a encontrada num navio espanhol pertencente \u00e0 Armada Invenc\u00edvel.<\/p>\n","protected":false},"excerpt":{"rendered":"<p>Astrol\u00e1bio N\u00e1utico Miniatura #900209 Tamanho: \u00d843&#215;100 mm &nbsp; foi um instrumento muito utilizado pelos navegadores dos s\u00e9culos XVI e XVII, para encontrar a latitude a bordo. A r\u00e9plica apresentada \u00e9 baseada numa pe\u00e7a encontrada num navio espanhol pertencente \u00e0 Armada Invenc\u00edvel.<\/p>\n","protected":false},"featured_media":1109,"comment_status":"open","ping_status":"closed","template":"","meta":[],"product_brand":[],"product_cat":[36],"product_tag":[],"class_list":{"0":"post-1108","1":"product","2":"type-product","3":"status-publish","4":"has-post-thumbnail","6":"product_cat-replicas","8":"first","9":"onbackorder","10":"shipping-taxable","11":"purchasable","12":"product-type-simple"},"_links":{"self":[{"href":"https:\/\/site.astrofoto.com.pt\/welcome\/wp-json\/wp\/v2\/product\/1108","targetHints":{"allow":["GET"]}}],"collection":[{"href":"https:\/\/site.astrofoto.com.pt\/welcome\/wp-json\/wp\/v2\/product"}],"about":[{"href":"https:\/\/site.astrofoto.com.pt\/welcome\/wp-json\/wp\/v2\/types\/product"}],"replies":[{"embeddable":true,"href":"https:\/\/site.astrofoto.com.pt\/welcome\/wp-json\/wp\/v2\/comments?post=1108"}],"wp:featuredmedia":[{"embeddable":true,"href":"https:\/\/site.astrofoto.com.pt\/welcome\/wp-json\/wp\/v2\/media\/1109"}],"wp:attachment":[{"href":"https:\/\/site.astrofoto.com.pt\/welcome\/wp-json\/wp\/v2\/media?parent=1108"}],"wp:term":[{"taxonomy":"product_brand","embeddable":true,"href":"https:\/\/site.astrofoto.com.pt\/welcome\/wp-json\/wp\/v2\/product_brand?post=1108"},{"taxonomy":"product_cat","embeddable":true,"href":"https:\/\/site.astrofoto.com.pt\/welcome\/wp-json\/wp\/v2\/product_cat?post=1108"},{"taxonomy":"product_tag","embeddable":true,"href":"https:\/\/site.astrofoto.com.pt\/welcome\/wp-json\/wp\/v2\/product_tag?post=1108"}],"curies":[{"name":"wp","href":"https:\/\/api.w.org\/{rel}","templated":true}]}}