{"id":1097,"date":"2015-10-13T17:39:25","date_gmt":"2015-10-13T17:39:25","guid":{"rendered":"http:\/\/site.astrofoto.com.pt\/welcome\/?post_type=product&#038;p=1097"},"modified":"2025-06-05T16:55:40","modified_gmt":"2025-06-05T16:55:40","slug":"observar-o-ceu-profundo","status":"publish","type":"product","link":"https:\/\/site.astrofoto.com.pt\/welcome\/produto\/observar-o-ceu-profundo\/","title":{"rendered":"Observar o C\u00e9u Profundo"},"content":{"rendered":"<p><a href=\"http:\/\/site.astrofoto.com.pt\/welcome\/wp-content\/uploads\/2015\/10\/l32.png\"><img decoding=\"async\" class=\"alignleft size-full wp-image-1098\" src=\"http:\/\/site.astrofoto.com.pt\/welcome\/wp-content\/uploads\/2015\/10\/l32.png\" alt=\"l32\" width=\"140\" height=\"196\" \/><\/a><\/p>\n<p>\u2022 Pedro R\u00e9 e Guilherme de Almeida<br \/>\n\u2022um desenvolvimento de t\u00e9cnicas de observa\u00e7\u00e3o a partir de telesc\u00f3pios comuns (114mm x 900mm)<\/p>\n<p>\u2022<a title=\"Observar o C\u00e9u Profundo\" href=\"http:\/\/astrofoto.com.pt\/livrosGA\/ObsoCeuProfundoInt.pdf\" target=\"_self\" rel=\"noopener noreferrer\">Introdu\u00e7\u00e3o<\/a><br \/>\n\u2022<a title=\"Observar o C\u00e9u Profundo\" href=\"http:\/\/astrofoto.com.pt\/livrosGA\/ObsoCeuProfundoInd.pdf\" target=\"_self\" rel=\"noopener noreferrer\">\u00edndice<\/a><\/p>\n","protected":false},"excerpt":{"rendered":"<p>\u2022 Pedro R\u00e9 e Guilherme de Almeida \u2022um desenvolvimento de t\u00e9cnicas de observa\u00e7\u00e3o a partir de telesc\u00f3pios comuns (114mm x 900mm) \u2022Introdu\u00e7\u00e3o \u2022\u00edndice<\/p>\n","protected":false},"featured_media":6336,"comment_status":"open","ping_status":"closed","template":"","meta":[],"product_brand":[],"product_cat":[35,48],"product_tag":[],"class_list":{"0":"post-1097","1":"product","2":"type-product","3":"status-publish","4":"has-post-thumbnail","6":"product_cat-livro-e-dvd","7":"product_cat-natal","8":"product_shipping_class-taxa-minima","10":"first","11":"outofstock","12":"shipping-taxable","13":"purchasable","14":"product-type-simple"},"_links":{"self":[{"href":"https:\/\/site.astrofoto.com.pt\/welcome\/wp-json\/wp\/v2\/product\/1097","targetHints":{"allow":["GET"]}}],"collection":[{"href":"https:\/\/site.astrofoto.com.pt\/welcome\/wp-json\/wp\/v2\/product"}],"about":[{"href":"https:\/\/site.astrofoto.com.pt\/welcome\/wp-json\/wp\/v2\/types\/product"}],"replies":[{"embeddable":true,"href":"https:\/\/site.astrofoto.com.pt\/welcome\/wp-json\/wp\/v2\/comments?post=1097"}],"wp:featuredmedia":[{"embeddable":true,"href":"https:\/\/site.astrofoto.com.pt\/welcome\/wp-json\/wp\/v2\/media\/6336"}],"wp:attachment":[{"href":"https:\/\/site.astrofoto.com.pt\/welcome\/wp-json\/wp\/v2\/media?parent=1097"}],"wp:term":[{"taxonomy":"product_brand","embeddable":true,"href":"https:\/\/site.astrofoto.com.pt\/welcome\/wp-json\/wp\/v2\/product_brand?post=1097"},{"taxonomy":"product_cat","embeddable":true,"href":"https:\/\/site.astrofoto.com.pt\/welcome\/wp-json\/wp\/v2\/product_cat?post=1097"},{"taxonomy":"product_tag","embeddable":true,"href":"https:\/\/site.astrofoto.com.pt\/welcome\/wp-json\/wp\/v2\/product_tag?post=1097"}],"curies":[{"name":"wp","href":"https:\/\/api.w.org\/{rel}","templated":true}]}}