{"id":1095,"date":"2015-10-13T17:36:34","date_gmt":"2015-10-13T17:36:34","guid":{"rendered":"http:\/\/site.astrofoto.com.pt\/welcome\/?post_type=product&#038;p=1095"},"modified":"2025-12-01T18:32:32","modified_gmt":"2025-12-01T18:32:32","slug":"o-ceu-nas-pontas-dos-dedos-guilherme-de-almeida","status":"publish","type":"product","link":"https:\/\/site.astrofoto.com.pt\/welcome\/produto\/o-ceu-nas-pontas-dos-dedos-guilherme-de-almeida\/","title":{"rendered":"O Ceu nas Pontas dos Dedos &#8211; Guilherme de Almeida"},"content":{"rendered":"<p><a href=\"http:\/\/site.astrofoto.com.pt\/welcome\/wp-content\/uploads\/2015\/10\/l31.jpg\"><img fetchpriority=\"high\" decoding=\"async\" class=\"alignleft size-medium wp-image-1096\" src=\"http:\/\/site.astrofoto.com.pt\/welcome\/wp-content\/uploads\/2015\/10\/l31-300x222.jpg\" alt=\"l31\" width=\"300\" height=\"222\" srcset=\"https:\/\/site.astrofoto.com.pt\/welcome\/wp-content\/uploads\/2015\/10\/l31-300x222.jpg 300w, https:\/\/site.astrofoto.com.pt\/welcome\/wp-content\/uploads\/2015\/10\/l31-450x333.jpg 450w, https:\/\/site.astrofoto.com.pt\/welcome\/wp-content\/uploads\/2015\/10\/l31-600x443.jpg 600w, https:\/\/site.astrofoto.com.pt\/welcome\/wp-content\/uploads\/2015\/10\/l31.jpg 851w\" sizes=\"(max-width: 300px) 100vw, 300px\" \/><\/a><\/p>\n<hr \/>\n<p><span style=\"font-family: Verdana,Arial,Helvetica,sans-serif; font-size: xx-small;\"><span style=\"font-size: small;\">Este livro apresenta o c\u00e9u noturno ao leitor, partindo de uma inicia\u00e7\u00e3o breve e eficaz, evoluindo rapidamente para situa\u00e7\u00f5es pr\u00e1ticas. Seguem-se os conselhos e apoio \u00e0 intera\u00e7\u00e3o direta do leitor com o c\u00e9u, utilizando literalmente as pontas dos seus dedos, manejando o planisf\u00e9rio celeste que acompanha a obra. A obra n\u00e3o requer conhecimentos iniciais.<br \/>\nO leitor poder\u00e1 ajustar facilmente o planisf\u00e9rio celeste para que este mostre o c\u00e9u na data e hora pretendidas, presentes, passadas ou futuras, mas permite fazer muito mais do que isso (incluem-se 24 modos de utiliza\u00e7\u00e3o explicados passo a passo). V\u00e1lido por largas dezenas de anos. O novo livro\u00a0 vai ao encontro das pessoas que est\u00e3o mesmo a come\u00e7ar e que querem ir mais directas aos assuntos.<br \/>\nO leitor \u00e9 convidado a praticar e a aventurar-se no conhecimento progressivo do firmamento. Isto tamb\u00e9m se aplica \u00e0s pessoas que dizem nada conhecer do c\u00e9u noturno. Mas quem j\u00e1 o conhece pode usar as capacidades do planisf\u00e9rio celeste para planear as suas oportunidades de observa\u00e7\u00e3o. A obra foi concebida a de uma forma sugestiva e evolutiva, de modo a permitir progress\u00e3o e diferentes n\u00edveis de utiliza\u00e7\u00e3o de acordo com o perfil, a idade e a experi\u00eancia gradualmente adquirida de cada leitor. Aventure-se!<\/span><\/span><\/p>\n<p>Formato 28,5 cm \uf0b4 28,5 cm \u2022 48 p\u00e1ginas \u2022 49 figuras + planisf\u00e9rio celeste de 274 mm de di\u00e2metro<br \/>\ncapa dura \u2022 4 cap\u00edtulos \u2022 Totalmente a\u00a0 cores \u2022 ISBN: 978-972-770-928-1<\/p>\n<div><span style=\"font-family: Arial; font-size: small;\">\u00a0<\/span><\/div>\n<div><span style=\"font-family: Arial; font-size: small;\"><em>anexos:<\/em><\/span><\/div>\n<div><span style=\"font-family: Arial; font-size: small;\"><a href=\"http:\/\/astrofoto.com.pt\/livrosGA\/Folheto_CPD.pdf\">Folhetos (PDF)<\/a><\/span><\/div>\n<div><span style=\"font-family: Arial; font-size: small;\"><a href=\"http:\/\/astrofoto.com.pt\/livrosGA\/planisferio_celeste_GA.pdf\">Como aproveitar o Planisferio<\/a><\/span><\/div>\n<p>&nbsp;<\/p>\n","protected":false},"excerpt":{"rendered":"<p>Este livro apresenta o c\u00e9u noturno ao leitor, partindo de uma inicia\u00e7\u00e3o breve e eficaz, evoluindo rapidamente para situa\u00e7\u00f5es pr\u00e1ticas. Seguem-se os conselhos e apoio \u00e0 intera\u00e7\u00e3o direta do leitor com o c\u00e9u, utilizando literalmente as pontas dos seus dedos, manejando o planisf\u00e9rio celeste que acompanha a obra. A obra n\u00e3o requer conhecimentos iniciais. O<\/p>\n<div class=\"more-link\">\n\t\t\t\t <a href=\"https:\/\/site.astrofoto.com.pt\/welcome\/produto\/o-ceu-nas-pontas-dos-dedos-guilherme-de-almeida\/\" class=\"btn theme-btn inverted\"><span>Continuar a Ler <\/span><\/a>\n\t\t\t<\/div>\n","protected":false},"featured_media":1096,"comment_status":"open","ping_status":"closed","template":"","meta":[],"product_brand":[],"product_cat":[35,48],"product_tag":[],"class_list":{"0":"post-1095","1":"product","2":"type-product","3":"status-publish","4":"has-post-thumbnail","6":"product_cat-livro-e-dvd","7":"product_cat-natal","8":"product_shipping_class-taxa-minima","10":"first","11":"instock","12":"shipping-taxable","13":"purchasable","14":"product-type-simple"},"_links":{"self":[{"href":"https:\/\/site.astrofoto.com.pt\/welcome\/wp-json\/wp\/v2\/product\/1095","targetHints":{"allow":["GET"]}}],"collection":[{"href":"https:\/\/site.astrofoto.com.pt\/welcome\/wp-json\/wp\/v2\/product"}],"about":[{"href":"https:\/\/site.astrofoto.com.pt\/welcome\/wp-json\/wp\/v2\/types\/product"}],"replies":[{"embeddable":true,"href":"https:\/\/site.astrofoto.com.pt\/welcome\/wp-json\/wp\/v2\/comments?post=1095"}],"wp:featuredmedia":[{"embeddable":true,"href":"https:\/\/site.astrofoto.com.pt\/welcome\/wp-json\/wp\/v2\/media\/1096"}],"wp:attachment":[{"href":"https:\/\/site.astrofoto.com.pt\/welcome\/wp-json\/wp\/v2\/media?parent=1095"}],"wp:term":[{"taxonomy":"product_brand","embeddable":true,"href":"https:\/\/site.astrofoto.com.pt\/welcome\/wp-json\/wp\/v2\/product_brand?post=1095"},{"taxonomy":"product_cat","embeddable":true,"href":"https:\/\/site.astrofoto.com.pt\/welcome\/wp-json\/wp\/v2\/product_cat?post=1095"},{"taxonomy":"product_tag","embeddable":true,"href":"https:\/\/site.astrofoto.com.pt\/welcome\/wp-json\/wp\/v2\/product_tag?post=1095"}],"curies":[{"name":"wp","href":"https:\/\/api.w.org\/{rel}","templated":true}]}}