{"id":1087,"date":"2015-10-13T17:33:06","date_gmt":"2015-10-13T17:33:06","guid":{"rendered":"http:\/\/site.astrofoto.com.pt\/welcome\/?post_type=product&#038;p=1087"},"modified":"2025-08-07T15:05:18","modified_gmt":"2025-08-07T15:05:18","slug":"o-ceu-3","status":"publish","type":"product","link":"https:\/\/site.astrofoto.com.pt\/welcome\/produto\/o-ceu-3\/","title":{"rendered":"O C\u00e9u"},"content":{"rendered":"<p><strong>O C\u00e9u<\/strong><\/p>\n<p>Este guia de campo pretende ser uma ajuda eficaz para a observa\u00e7\u00e3o do c\u00e9u nocturno, ao aproximar-nos do espantoso mundo dos cometas, meteoros, planetas, estrelas, gal\u00e1xias e outros fen\u00f3menos do Universo. Al\u00e9m disso, fornece conselhos simples sobre a utiliza\u00e7\u00e3o de bin\u00f3culos e telesc\u00f3pios, e mostra-nos como \u00e9 um observat\u00f3rio astron\u00f3mico de investiga\u00e7\u00e3o.<\/p>\n<p>&nbsp;<\/p>\n<ul>\n<li>Autor: Parram\u00f3n Ediciones, S.A.<\/li>\n<li>Editora: Pl\u00e1tano Editora<\/li>\n<li>Acabamento: Cartonado<\/li>\n<li>Formato : 27.5 x 0,7 x 24,5<\/li>\n<li>N.\u00ba de P\u00e1g .: 32<\/li>\n<\/ul>\n","protected":false},"excerpt":{"rendered":"<p>O C\u00e9u Este guia de campo pretende ser uma ajuda eficaz para a observa\u00e7\u00e3o do c\u00e9u nocturno, ao aproximar-nos do espantoso mundo dos cometas, meteoros, planetas, estrelas, gal\u00e1xias e outros fen\u00f3menos do Universo. Al\u00e9m disso, fornece conselhos simples sobre a utiliza\u00e7\u00e3o de bin\u00f3culos e telesc\u00f3pios, e mostra-nos como \u00e9 um observat\u00f3rio astron\u00f3mico de investiga\u00e7\u00e3o. &nbsp;<\/p>\n<div class=\"more-link\">\n\t\t\t\t <a href=\"https:\/\/site.astrofoto.com.pt\/welcome\/produto\/o-ceu-3\/\" class=\"btn theme-btn inverted\"><span>Continuar a Ler <\/span><\/a>\n\t\t\t<\/div>\n","protected":false},"featured_media":1094,"comment_status":"open","ping_status":"closed","template":"","meta":[],"product_brand":[],"product_cat":[35],"product_tag":[],"class_list":{"0":"post-1087","1":"product","2":"type-product","3":"status-publish","4":"has-post-thumbnail","6":"product_cat-livro-e-dvd","7":"product_shipping_class-taxa-minima","9":"first","10":"instock","11":"shipping-taxable","12":"purchasable","13":"product-type-simple"},"_links":{"self":[{"href":"https:\/\/site.astrofoto.com.pt\/welcome\/wp-json\/wp\/v2\/product\/1087","targetHints":{"allow":["GET"]}}],"collection":[{"href":"https:\/\/site.astrofoto.com.pt\/welcome\/wp-json\/wp\/v2\/product"}],"about":[{"href":"https:\/\/site.astrofoto.com.pt\/welcome\/wp-json\/wp\/v2\/types\/product"}],"replies":[{"embeddable":true,"href":"https:\/\/site.astrofoto.com.pt\/welcome\/wp-json\/wp\/v2\/comments?post=1087"}],"wp:featuredmedia":[{"embeddable":true,"href":"https:\/\/site.astrofoto.com.pt\/welcome\/wp-json\/wp\/v2\/media\/1094"}],"wp:attachment":[{"href":"https:\/\/site.astrofoto.com.pt\/welcome\/wp-json\/wp\/v2\/media?parent=1087"}],"wp:term":[{"taxonomy":"product_brand","embeddable":true,"href":"https:\/\/site.astrofoto.com.pt\/welcome\/wp-json\/wp\/v2\/product_brand?post=1087"},{"taxonomy":"product_cat","embeddable":true,"href":"https:\/\/site.astrofoto.com.pt\/welcome\/wp-json\/wp\/v2\/product_cat?post=1087"},{"taxonomy":"product_tag","embeddable":true,"href":"https:\/\/site.astrofoto.com.pt\/welcome\/wp-json\/wp\/v2\/product_tag?post=1087"}],"curies":[{"name":"wp","href":"https:\/\/api.w.org\/{rel}","templated":true}]}}