{"id":1069,"date":"2015-10-13T16:07:02","date_gmt":"2015-10-13T16:07:02","guid":{"rendered":"http:\/\/site.astrofoto.com.pt\/welcome\/?post_type=product&#038;p=1069"},"modified":"2020-11-05T15:12:55","modified_gmt":"2020-11-05T15:12:55","slug":"cacadores-de-eclipes","status":"publish","type":"product","link":"https:\/\/site.astrofoto.com.pt\/welcome\/produto\/cacadores-de-eclipes\/","title":{"rendered":"Ca\u00e7adores de eclipses"},"content":{"rendered":"<p><a href=\"http:\/\/site.astrofoto.com.pt\/welcome\/wp-content\/uploads\/2015\/10\/l1.png\"><img decoding=\"async\" class=\"alignleft size-full wp-image-1070\" src=\"http:\/\/site.astrofoto.com.pt\/welcome\/wp-content\/uploads\/2015\/10\/l1.png\" alt=\"l1\" width=\"78\" height=\"100\" \/><\/a>Ca\u00e7adores de eclipses<br \/>\nLivro<\/p>\n<ul>\n<li><span style=\"font-family: Verdana,Arial,Helvetica,sans-serif; font-size: xx-small;\">de Zeca Bamboo<\/span><\/li>\n<li><span style=\"color: #000000; font-family: Verdana,Arial,Helvetica,sans-serif; font-size: xx-small;\">Um abordagem africana aos eclipses e \u00e0 sua hist\u00f3ria<\/span><\/li>\n<\/ul>\n<p>&nbsp;<\/p>\n","protected":false},"excerpt":{"rendered":"<p>Ca\u00e7adores de eclipses Livro de Zeca Bamboo Um abordagem africana aos eclipses e \u00e0 sua hist\u00f3ria &nbsp;<\/p>\n","protected":false},"featured_media":1070,"comment_status":"open","ping_status":"closed","template":"","meta":[],"product_brand":[],"product_cat":[35],"product_tag":[],"class_list":{"0":"post-1069","1":"product","2":"type-product","3":"status-publish","4":"has-post-thumbnail","6":"product_cat-livro-e-dvd","7":"product_shipping_class-taxa-minima","9":"first","10":"outofstock","11":"shipping-taxable","12":"purchasable","13":"product-type-simple"},"_links":{"self":[{"href":"https:\/\/site.astrofoto.com.pt\/welcome\/wp-json\/wp\/v2\/product\/1069","targetHints":{"allow":["GET"]}}],"collection":[{"href":"https:\/\/site.astrofoto.com.pt\/welcome\/wp-json\/wp\/v2\/product"}],"about":[{"href":"https:\/\/site.astrofoto.com.pt\/welcome\/wp-json\/wp\/v2\/types\/product"}],"replies":[{"embeddable":true,"href":"https:\/\/site.astrofoto.com.pt\/welcome\/wp-json\/wp\/v2\/comments?post=1069"}],"wp:featuredmedia":[{"embeddable":true,"href":"https:\/\/site.astrofoto.com.pt\/welcome\/wp-json\/wp\/v2\/media\/1070"}],"wp:attachment":[{"href":"https:\/\/site.astrofoto.com.pt\/welcome\/wp-json\/wp\/v2\/media?parent=1069"}],"wp:term":[{"taxonomy":"product_brand","embeddable":true,"href":"https:\/\/site.astrofoto.com.pt\/welcome\/wp-json\/wp\/v2\/product_brand?post=1069"},{"taxonomy":"product_cat","embeddable":true,"href":"https:\/\/site.astrofoto.com.pt\/welcome\/wp-json\/wp\/v2\/product_cat?post=1069"},{"taxonomy":"product_tag","embeddable":true,"href":"https:\/\/site.astrofoto.com.pt\/welcome\/wp-json\/wp\/v2\/product_tag?post=1069"}],"curies":[{"name":"wp","href":"https:\/\/api.w.org\/{rel}","templated":true}]}}