{"id":10671,"date":"2026-03-13T20:25:41","date_gmt":"2026-03-13T20:25:41","guid":{"rendered":"https:\/\/site.astrofoto.com.pt\/welcome\/?post_type=product&#038;p=10671"},"modified":"2026-03-13T20:25:41","modified_gmt":"2026-03-13T20:25:41","slug":"takahashi-fsq-80fc","status":"publish","type":"product","link":"https:\/\/site.astrofoto.com.pt\/welcome\/produto\/takahashi-fsq-80fc\/","title":{"rendered":"Takahashi FSQ-80FC"},"content":{"rendered":"<p>&nbsp;<\/p>\n<p><strong>Takahashi FSQ-80FC<br \/>\n<em>\u25bapre\u00e7o de lan\u00e7amento!<\/em><\/strong><\/p>\n<p>O FSQ-80FC apresenta objetiva de 5 elementos em 5 grupos.<br \/>\n\u25baDois elementos de fluorite s\u00e3o usados \u200b\u200bno grupo tripleto frontal para suprimir a aberra\u00e7\u00e3o crom\u00e1tica,<br \/>\n\u25ba o grupo dupleto traseiro atua como um sistema \u00f3ptico de aplanamento de campo.<br \/>\nEste design avan\u00e7ado combina a excelente qualidade visual no eixo da s\u00e9rie TOA com a caracter\u00edstica de campo amplo e plano da s\u00e9rie FSQ.<\/p>\n<p><strong>\u25baFSQ stands for Flat-field Supreme Quintuplet:<\/strong><\/p>\n<p><em>Although the FSQ-80FC is designed as a high-performance astrograph, it also delivers <\/em><em>outstanding visual performance.<\/em><br \/>\n<em>Despite its relatively fast F5.6 optical system, the telescope achieves an on-axis visual <\/em><em>Strehl ratio of 99.7%, exceeding even the TOA series flagship models in this metric.<\/em><br \/>\n<em>Both chromatic aberration and spherical aberration are corrected to an extremely high <\/em><em>level, producing an image quality that can effectively be described as aberration-free.<\/em><br \/>\n<em>Even at very high magnifications, there is no detectable color fringing caused by the <\/em><em>telescope optics, allowing high-contrast observation of bright objects such as the lunar <\/em><em>limb and planets.<br \/>\nIn addition, the optical system maintains excellent correction across <\/em><em>the entire field of a 2-inch eyepiece, ensuring sharp and clean views from low to high <\/em><em>magnifications.<\/em><br \/>\n<em>To support visual use, the telescope provides 159 mm of back focal length from rear end <\/em><em>of focuser, allowing infinity focus even when using the optional 50.8 mm diagonal mirror.<\/em><\/p>\n<p>&nbsp;<\/p>\n","protected":false},"excerpt":{"rendered":"<p>&nbsp; Takahashi FSQ-80FC \u25bapre\u00e7o de lan\u00e7amento! O FSQ-80FC apresenta objetiva de 5 elementos em 5 grupos. \u25baDois elementos de fluorite s\u00e3o usados \u200b\u200bno grupo tripleto frontal para suprimir a aberra\u00e7\u00e3o crom\u00e1tica, \u25ba o grupo dupleto traseiro atua como um sistema \u00f3ptico de aplanamento de campo. Este design avan\u00e7ado combina a excelente qualidade visual no eixo<\/p>\n<div class=\"more-link\">\n\t\t\t\t <a href=\"https:\/\/site.astrofoto.com.pt\/welcome\/produto\/takahashi-fsq-80fc\/\" class=\"btn theme-btn inverted\"><span>Continuar a Ler <\/span><\/a>\n\t\t\t<\/div>\n","protected":false},"featured_media":10672,"comment_status":"closed","ping_status":"closed","template":"","meta":[],"product_brand":[],"product_cat":[16],"product_tag":[],"class_list":{"0":"post-10671","1":"product","2":"type-product","3":"status-publish","4":"has-post-thumbnail","6":"product_cat-telescopios-refractores","8":"first","9":"onbackorder","10":"shipping-taxable","11":"purchasable","12":"product-type-simple"},"_links":{"self":[{"href":"https:\/\/site.astrofoto.com.pt\/welcome\/wp-json\/wp\/v2\/product\/10671","targetHints":{"allow":["GET"]}}],"collection":[{"href":"https:\/\/site.astrofoto.com.pt\/welcome\/wp-json\/wp\/v2\/product"}],"about":[{"href":"https:\/\/site.astrofoto.com.pt\/welcome\/wp-json\/wp\/v2\/types\/product"}],"replies":[{"embeddable":true,"href":"https:\/\/site.astrofoto.com.pt\/welcome\/wp-json\/wp\/v2\/comments?post=10671"}],"wp:featuredmedia":[{"embeddable":true,"href":"https:\/\/site.astrofoto.com.pt\/welcome\/wp-json\/wp\/v2\/media\/10672"}],"wp:attachment":[{"href":"https:\/\/site.astrofoto.com.pt\/welcome\/wp-json\/wp\/v2\/media?parent=10671"}],"wp:term":[{"taxonomy":"product_brand","embeddable":true,"href":"https:\/\/site.astrofoto.com.pt\/welcome\/wp-json\/wp\/v2\/product_brand?post=10671"},{"taxonomy":"product_cat","embeddable":true,"href":"https:\/\/site.astrofoto.com.pt\/welcome\/wp-json\/wp\/v2\/product_cat?post=10671"},{"taxonomy":"product_tag","embeddable":true,"href":"https:\/\/site.astrofoto.com.pt\/welcome\/wp-json\/wp\/v2\/product_tag?post=10671"}],"curies":[{"name":"wp","href":"https:\/\/api.w.org\/{rel}","templated":true}]}}