{"id":10665,"date":"2026-03-12T13:56:28","date_gmt":"2026-03-12T13:56:28","guid":{"rendered":"https:\/\/site.astrofoto.com.pt\/welcome\/?post_type=product&#038;p=10665"},"modified":"2026-03-12T13:56:28","modified_gmt":"2026-03-12T13:56:28","slug":"telescopio-solar-acuter-luma-x-40-ed","status":"publish","type":"product","link":"https:\/\/site.astrofoto.com.pt\/welcome\/produto\/telescopio-solar-acuter-luma-x-40-ed\/","title":{"rendered":"Telescopio Solar ACUTER LUMA-X 40 ED"},"content":{"rendered":"<p><strong>Telescopio Solar ACUTER LUMA-X 40 ED<\/strong><\/p>\n<p><span class=\"HwtZe\" lang=\"pt-PT\"><span class=\"jCAhz ChMk0b\"><span class=\"ryNqvb\">O seu corpo quadrado aloja uma lente ED de 40 mm, que proporciona imagens detalhadas e de alto contraste.<\/span><\/span><span class=\"jCAhz ChMk0b\"><span class=\"ryNqvb\"> O filtro H-Alfa com um etalon de 0,6 \u00c5ngstr\u00f6m permite observar os detalhes da cromosfera e das protuber\u00e2ncias solares em todo o seu esplendor.<\/span><\/span> <\/span><\/p>\n<p><span class=\"HwtZe\" lang=\"pt-PT\"><span class=\"jCAhz ChMk0b\"><span class=\"ryNqvb\">Al\u00e9m disso, a diagonal est\u00e1 equipada com um sistema de dupla comuta\u00e7\u00e3o que permite alternar entre a observa\u00e7\u00e3o de protuber\u00e2ncias solares e manchas solares em luz branca.<\/span><\/span><\/span><\/p>\n<table>\n<tbody>\n<tr>\n<td width=\"256\"><strong>\u00f3ptica<\/strong><\/td>\n<td width=\"256\">Refractor ED<\/td>\n<\/tr>\n<tr>\n<td width=\"256\"><strong>Di\u00e1metro \/ Focal<\/strong><\/td>\n<td width=\"256\">40 mm \/ 250 mm<\/td>\n<\/tr>\n<tr>\n<td width=\"256\"><strong>Filtro etal\u00f3n frontal<\/strong><\/td>\n<td width=\"256\">Di\u00e1metro 40 mm, 0.6 \u00c5ngstrom<\/td>\n<\/tr>\n<tr>\n<td width=\"256\"><strong>Sintoniza\u00e7\u00e3o<\/strong><\/td>\n<td width=\"256\">Pressure tuning<\/td>\n<\/tr>\n<tr>\n<td width=\"256\"><strong>Blocking filter<\/strong><\/td>\n<td width=\"256\">8 mm<\/td>\n<\/tr>\n<tr>\n<td width=\"256\"><strong>Filtros para protuberancias<\/strong><\/td>\n<td width=\"256\">ND \/ Verde<\/td>\n<\/tr>\n<tr>\n<td width=\"256\"><strong>Focador<\/strong><\/td>\n<td width=\"256\">Crayford<\/td>\n<\/tr>\n<tr>\n<td width=\"256\"><strong>Acess\u00f3rios incluidos<\/strong><\/td>\n<td width=\"256\">Diagonal solar 90\u00b0, buscador solar, janela solar, ocular zoom 5\u201316 mm, bolsa de transporte<\/td>\n<\/tr>\n<tr>\n<td width=\"256\"><strong>Certifica\u00e7\u00e3o<\/strong><\/td>\n<td width=\"256\">ISO12312-2:2015<\/td>\n<\/tr>\n<\/tbody>\n<\/table>\n","protected":false},"excerpt":{"rendered":"<p>Telescopio Solar ACUTER LUMA-X 40 ED O seu corpo quadrado aloja uma lente ED de 40 mm, que proporciona imagens detalhadas e de alto contraste. O filtro H-Alfa com um etalon de 0,6 \u00c5ngstr\u00f6m permite observar os detalhes da cromosfera e das protuber\u00e2ncias solares em todo o seu esplendor. Al\u00e9m disso, a diagonal est\u00e1 equipada<\/p>\n<div class=\"more-link\">\n\t\t\t\t <a href=\"https:\/\/site.astrofoto.com.pt\/welcome\/produto\/telescopio-solar-acuter-luma-x-40-ed\/\" class=\"btn theme-btn inverted\"><span>Continuar a Ler <\/span><\/a>\n\t\t\t<\/div>\n","protected":false},"featured_media":10670,"comment_status":"closed","ping_status":"closed","template":"","meta":[],"product_brand":[],"product_cat":[19],"product_tag":[],"class_list":{"0":"post-10665","1":"product","2":"type-product","3":"status-publish","4":"has-post-thumbnail","6":"product_cat-telescopios-solares","8":"first","9":"onbackorder","10":"shipping-taxable","11":"purchasable","12":"product-type-simple"},"_links":{"self":[{"href":"https:\/\/site.astrofoto.com.pt\/welcome\/wp-json\/wp\/v2\/product\/10665","targetHints":{"allow":["GET"]}}],"collection":[{"href":"https:\/\/site.astrofoto.com.pt\/welcome\/wp-json\/wp\/v2\/product"}],"about":[{"href":"https:\/\/site.astrofoto.com.pt\/welcome\/wp-json\/wp\/v2\/types\/product"}],"replies":[{"embeddable":true,"href":"https:\/\/site.astrofoto.com.pt\/welcome\/wp-json\/wp\/v2\/comments?post=10665"}],"wp:featuredmedia":[{"embeddable":true,"href":"https:\/\/site.astrofoto.com.pt\/welcome\/wp-json\/wp\/v2\/media\/10670"}],"wp:attachment":[{"href":"https:\/\/site.astrofoto.com.pt\/welcome\/wp-json\/wp\/v2\/media?parent=10665"}],"wp:term":[{"taxonomy":"product_brand","embeddable":true,"href":"https:\/\/site.astrofoto.com.pt\/welcome\/wp-json\/wp\/v2\/product_brand?post=10665"},{"taxonomy":"product_cat","embeddable":true,"href":"https:\/\/site.astrofoto.com.pt\/welcome\/wp-json\/wp\/v2\/product_cat?post=10665"},{"taxonomy":"product_tag","embeddable":true,"href":"https:\/\/site.astrofoto.com.pt\/welcome\/wp-json\/wp\/v2\/product_tag?post=10665"}],"curies":[{"name":"wp","href":"https:\/\/api.w.org\/{rel}","templated":true}]}}