{"id":10659,"date":"2026-02-21T22:08:47","date_gmt":"2026-02-21T22:08:47","guid":{"rendered":"https:\/\/site.astrofoto.com.pt\/welcome\/?post_type=product&#038;p=10659"},"modified":"2026-02-21T22:09:05","modified_gmt":"2026-02-21T22:09:05","slug":"samyang-85mm-f-1-4-para-canon-ef-usada","status":"publish","type":"product","link":"https:\/\/site.astrofoto.com.pt\/welcome\/produto\/samyang-85mm-f-1-4-para-canon-ef-usada\/","title":{"rendered":"Samyang 85mm f\/1.4 para Canon EF usada"},"content":{"rendered":"<p><strong>Samyang 85mm f\/1.4 para Canon EF usada<\/strong><\/p>\n<p><em>\u25baAs negocia\u00e7\u00f5es ser\u00e3o diretas entre vendedor e comprador<br \/>\n<\/em><em>Apenas garantimos o estado do equipamento e, neste caso, a idoneidade do vendedor.<\/em><br \/>\n<em>\u25ba<strong>N\u00e3o efetue pagamentos antes da conclus\u00e3o das negocia\u00e7\u00f5es<\/strong><\/em><strong>.<\/strong><\/p>\n<p>Lente Manual, tanto foco como abertura<br \/>\nAbsolutamente nova. Nunca usada. Estado perfeito. Vendida pelo comprador original.<br \/>\nCaixa e todos os acess\u00f3rios originais incluidos.<br \/>\nTudo como recebido da loja online hi-techwonder.<\/p>\n<p>&nbsp;<\/p>\n<p>*PSantos<\/p>\n","protected":false},"excerpt":{"rendered":"<p>Samyang 85mm f\/1.4 para Canon EF usada \u25baAs negocia\u00e7\u00f5es ser\u00e3o diretas entre vendedor e comprador Apenas garantimos o estado do equipamento e, neste caso, a idoneidade do vendedor. \u25baN\u00e3o efetue pagamentos antes da conclus\u00e3o das negocia\u00e7\u00f5es. Lente Manual, tanto foco como abertura Absolutamente nova. Nunca usada. Estado perfeito. Vendida pelo comprador original. Caixa e todos<\/p>\n<div class=\"more-link\">\n\t\t\t\t <a href=\"https:\/\/site.astrofoto.com.pt\/welcome\/produto\/samyang-85mm-f-1-4-para-canon-ef-usada\/\" class=\"btn theme-btn inverted\"><span>Continuar a Ler <\/span><\/a>\n\t\t\t<\/div>\n","protected":false},"featured_media":10654,"comment_status":"closed","ping_status":"closed","template":"","meta":[],"product_brand":[],"product_cat":[97],"product_tag":[],"class_list":{"0":"post-10659","1":"product","2":"type-product","3":"status-publish","4":"has-post-thumbnail","6":"product_cat-teleobjetivas","8":"first","9":"instock","10":"sale","11":"shipping-taxable","12":"purchasable","13":"product-type-simple"},"_links":{"self":[{"href":"https:\/\/site.astrofoto.com.pt\/welcome\/wp-json\/wp\/v2\/product\/10659","targetHints":{"allow":["GET"]}}],"collection":[{"href":"https:\/\/site.astrofoto.com.pt\/welcome\/wp-json\/wp\/v2\/product"}],"about":[{"href":"https:\/\/site.astrofoto.com.pt\/welcome\/wp-json\/wp\/v2\/types\/product"}],"replies":[{"embeddable":true,"href":"https:\/\/site.astrofoto.com.pt\/welcome\/wp-json\/wp\/v2\/comments?post=10659"}],"wp:featuredmedia":[{"embeddable":true,"href":"https:\/\/site.astrofoto.com.pt\/welcome\/wp-json\/wp\/v2\/media\/10654"}],"wp:attachment":[{"href":"https:\/\/site.astrofoto.com.pt\/welcome\/wp-json\/wp\/v2\/media?parent=10659"}],"wp:term":[{"taxonomy":"product_brand","embeddable":true,"href":"https:\/\/site.astrofoto.com.pt\/welcome\/wp-json\/wp\/v2\/product_brand?post=10659"},{"taxonomy":"product_cat","embeddable":true,"href":"https:\/\/site.astrofoto.com.pt\/welcome\/wp-json\/wp\/v2\/product_cat?post=10659"},{"taxonomy":"product_tag","embeddable":true,"href":"https:\/\/site.astrofoto.com.pt\/welcome\/wp-json\/wp\/v2\/product_tag?post=10659"}],"curies":[{"name":"wp","href":"https:\/\/api.w.org\/{rel}","templated":true}]}}