{"id":10652,"date":"2026-02-21T22:02:20","date_gmt":"2026-02-21T22:02:20","guid":{"rendered":"https:\/\/site.astrofoto.com.pt\/welcome\/?post_type=product&#038;p=10652"},"modified":"2026-02-21T22:09:45","modified_gmt":"2026-02-21T22:09:45","slug":"canon-ef-400mm-f-5-6-l-usm-usada","status":"publish","type":"product","link":"https:\/\/site.astrofoto.com.pt\/welcome\/produto\/canon-ef-400mm-f-5-6-l-usm-usada\/","title":{"rendered":"Canon EF 400mm f\/5.6 L USM usada"},"content":{"rendered":"<p><strong>Canon EF 400mm f\/5.6 L USM usada<\/strong><\/p>\n<p><em>\u25baAs negocia\u00e7\u00f5es ser\u00e3o diretas entre vendedor e comprador<br \/>\n<\/em><em>Apenas garantimos o estado do equipamento e, neste caso, a idoneidade do vendedor.<\/em><br \/>\n<strong><em>\u25baN\u00e3o\u00a0 efetue pagamentos antes da conclus\u00e3o das negocia\u00e7\u00f5es<\/em>.<\/strong><\/p>\n<p><strong><br \/>\n<\/strong>Estado perfeito. Vendida pelo comprador original. Pouco uso.<br \/>\nVidro nunca foi tocado ou limpo. Portanto vidro perfeito sem qualquer risco, mesmo microsc\u00f3pico.<br \/>\nMetal tamb\u00e9m perfeito sem qualquer risco.<br \/>\nCaixa e todos acess\u00f3rios originais incluidos.<strong><br \/>\n<\/strong><\/p>\n<p>&nbsp;<\/p>\n<p>*PSantos<\/p>\n<p>&nbsp;<\/p>\n","protected":false},"excerpt":{"rendered":"<p>Canon EF 400mm f\/5.6 L USM usada \u25baAs negocia\u00e7\u00f5es ser\u00e3o diretas entre vendedor e comprador Apenas garantimos o estado do equipamento e, neste caso, a idoneidade do vendedor. \u25baN\u00e3o\u00a0 efetue pagamentos antes da conclus\u00e3o das negocia\u00e7\u00f5es. Estado perfeito. Vendida pelo comprador original. Pouco uso. Vidro nunca foi tocado ou limpo. Portanto vidro perfeito sem qualquer<\/p>\n<div class=\"more-link\">\n\t\t\t\t <a href=\"https:\/\/site.astrofoto.com.pt\/welcome\/produto\/canon-ef-400mm-f-5-6-l-usm-usada\/\" class=\"btn theme-btn inverted\"><span>Continuar a Ler <\/span><\/a>\n\t\t\t<\/div>\n","protected":false},"featured_media":10655,"comment_status":"closed","ping_status":"closed","template":"","meta":[],"product_brand":[],"product_cat":[97],"product_tag":[],"class_list":{"0":"post-10652","1":"product","2":"type-product","3":"status-publish","4":"has-post-thumbnail","6":"product_cat-teleobjetivas","8":"first","9":"instock","10":"sale","11":"shipping-taxable","12":"purchasable","13":"product-type-simple"},"_links":{"self":[{"href":"https:\/\/site.astrofoto.com.pt\/welcome\/wp-json\/wp\/v2\/product\/10652","targetHints":{"allow":["GET"]}}],"collection":[{"href":"https:\/\/site.astrofoto.com.pt\/welcome\/wp-json\/wp\/v2\/product"}],"about":[{"href":"https:\/\/site.astrofoto.com.pt\/welcome\/wp-json\/wp\/v2\/types\/product"}],"replies":[{"embeddable":true,"href":"https:\/\/site.astrofoto.com.pt\/welcome\/wp-json\/wp\/v2\/comments?post=10652"}],"wp:featuredmedia":[{"embeddable":true,"href":"https:\/\/site.astrofoto.com.pt\/welcome\/wp-json\/wp\/v2\/media\/10655"}],"wp:attachment":[{"href":"https:\/\/site.astrofoto.com.pt\/welcome\/wp-json\/wp\/v2\/media?parent=10652"}],"wp:term":[{"taxonomy":"product_brand","embeddable":true,"href":"https:\/\/site.astrofoto.com.pt\/welcome\/wp-json\/wp\/v2\/product_brand?post=10652"},{"taxonomy":"product_cat","embeddable":true,"href":"https:\/\/site.astrofoto.com.pt\/welcome\/wp-json\/wp\/v2\/product_cat?post=10652"},{"taxonomy":"product_tag","embeddable":true,"href":"https:\/\/site.astrofoto.com.pt\/welcome\/wp-json\/wp\/v2\/product_tag?post=10652"}],"curies":[{"name":"wp","href":"https:\/\/api.w.org\/{rel}","templated":true}]}}