{"id":1064,"date":"2015-10-13T15:12:10","date_gmt":"2015-10-13T15:12:10","guid":{"rendered":"http:\/\/site.astrofoto.com.pt\/welcome\/?post_type=product&#038;p=1064"},"modified":"2021-07-01T14:42:55","modified_gmt":"2021-07-01T14:42:55","slug":"telescopio-gso-dobson-12","status":"publish","type":"product","link":"https:\/\/site.astrofoto.com.pt\/welcome\/produto\/telescopio-gso-dobson-12\/","title":{"rendered":"Telescopio GSO Dobson 12\u201d deluxe"},"content":{"rendered":"<p><strong>Telescopio GSO Dobson 12\u201d deluxe<br \/>\n<\/strong><\/p>\n<p>\u2022 Optica: Espelho parabolico em vidro optico BK-7<br \/>\n\u2022 Abertura: 300 mm \u2013 12\u2033<br \/>\n\u2022 Dist\u00e2ncia Focal: 1500 mm<br \/>\n\u2022 Raz\u00e3o Focal: f\/5<br \/>\n\u2022 Espelho secundario: 70 mm de diametro<br \/>\n\u2022 Obstru\u00e7\u00e3o: 23.3% linear<br \/>\n\u2022 Ajuda na colima\u00e7\u00e3o: Marca central no espelho prim\u00e1rio<br \/>\n\u2022 Focador: Crayford 2\u2033 com redutor a 1,25\u201d Dupla velocidade<br \/>\n\u2022 Ocular: PL25mm<br \/>\n\u2022 Tubo: A\u00e7o<br \/>\n\u2022 Peso do Tubo: 19.5 kg<br \/>\n\u2022 Comprimento do Tubo: 1450 mm<br \/>\n\u2022 Di\u00e2metro do Tubo: 356mm<br \/>\n\u2022 Peso da Montagem: 13.5 kg<br \/>\n\u2022 Dimens\u00f5es da montagem: Altura 640 mm \/ Diametro 635 mm<br \/>\n\u2022 Movimento: Eleva\u00e7\u00e3o por tensor\/ Azimutal por placa de rolamentos<br \/>\n\u2022 Inovador sistema de rolamentos em azimute <a href=\"http:\/\/astrofoto.com.pt\/imagenscatalogo\/GSO\/GSO_rol.jpg\"><img decoding=\"async\" src=\"http:\/\/astrofoto.com.pt\/imagenscatalogo\/GSO\/GSO_rol.sjpg.jpg\" alt=\"rolamentos\" width=\"38\" height=\"27\" \/><\/a><br \/>\n\u2022 Arrefecimento: Por ventoinha 12V<\/p>\n","protected":false},"excerpt":{"rendered":"<p>Telescopio GSO Dobson 12\u201d deluxe \u2022 Optica: Espelho parabolico em vidro optico BK-7 \u2022 Abertura: 300 mm \u2013 12\u2033 \u2022 Dist\u00e2ncia Focal: 1500 mm \u2022 Raz\u00e3o Focal: f\/5 \u2022 Espelho secundario: 70 mm de diametro \u2022 Obstru\u00e7\u00e3o: 23.3% linear \u2022 Ajuda na colima\u00e7\u00e3o: Marca central no espelho prim\u00e1rio \u2022 Focador: Crayford 2\u2033 com redutor a<\/p>\n<div class=\"more-link\">\n\t\t\t\t <a href=\"https:\/\/site.astrofoto.com.pt\/welcome\/produto\/telescopio-gso-dobson-12\/\" class=\"btn theme-btn inverted\"><span>Continuar a Ler <\/span><\/a>\n\t\t\t<\/div>\n","protected":false},"featured_media":6965,"comment_status":"open","ping_status":"closed","template":"","meta":[],"product_brand":[],"product_cat":[15],"product_tag":[],"class_list":{"0":"post-1064","1":"product","2":"type-product","3":"status-publish","4":"has-post-thumbnail","6":"product_cat-telescopios-reflectores","7":"product_shipping_class-taxa-media","9":"first","10":"onbackorder","11":"shipping-taxable","12":"purchasable","13":"product-type-simple"},"_links":{"self":[{"href":"https:\/\/site.astrofoto.com.pt\/welcome\/wp-json\/wp\/v2\/product\/1064","targetHints":{"allow":["GET"]}}],"collection":[{"href":"https:\/\/site.astrofoto.com.pt\/welcome\/wp-json\/wp\/v2\/product"}],"about":[{"href":"https:\/\/site.astrofoto.com.pt\/welcome\/wp-json\/wp\/v2\/types\/product"}],"replies":[{"embeddable":true,"href":"https:\/\/site.astrofoto.com.pt\/welcome\/wp-json\/wp\/v2\/comments?post=1064"}],"wp:featuredmedia":[{"embeddable":true,"href":"https:\/\/site.astrofoto.com.pt\/welcome\/wp-json\/wp\/v2\/media\/6965"}],"wp:attachment":[{"href":"https:\/\/site.astrofoto.com.pt\/welcome\/wp-json\/wp\/v2\/media?parent=1064"}],"wp:term":[{"taxonomy":"product_brand","embeddable":true,"href":"https:\/\/site.astrofoto.com.pt\/welcome\/wp-json\/wp\/v2\/product_brand?post=1064"},{"taxonomy":"product_cat","embeddable":true,"href":"https:\/\/site.astrofoto.com.pt\/welcome\/wp-json\/wp\/v2\/product_cat?post=1064"},{"taxonomy":"product_tag","embeddable":true,"href":"https:\/\/site.astrofoto.com.pt\/welcome\/wp-json\/wp\/v2\/product_tag?post=1064"}],"curies":[{"name":"wp","href":"https:\/\/api.w.org\/{rel}","templated":true}]}}