{"id":10638,"date":"2026-02-10T14:52:49","date_gmt":"2026-02-10T14:52:49","guid":{"rendered":"https:\/\/site.astrofoto.com.pt\/welcome\/?post_type=product&#038;p=10638"},"modified":"2026-02-11T13:13:33","modified_gmt":"2026-02-11T13:13:33","slug":"ponteiro-laser-verde","status":"publish","type":"product","link":"https:\/\/site.astrofoto.com.pt\/welcome\/produto\/ponteiro-laser-verde\/","title":{"rendered":"Ponteiro laser verde"},"content":{"rendered":"<p><strong>Ponteiro Laser Verde 5mW USB<\/strong><\/p>\n<p>\u2022 5 mW\u00a0 \u2022532nm<strong><br \/>\n<\/strong>\u2022 exclusivo o seu uso para astronomia<strong><br \/>\n<\/strong>\u2022 \u00fatil na amostragem do ceu noturno &#8211; feixe perfeitamente visivel<br \/>\n\u2022 Tambem como lanterna de trabalho (Manter premido o bot\u00e3o)<br \/>\n\u25bacarga por USB<\/p>\n<p>\u2022 A luz cont\u00ednua dos produtos a laser acelera o envelhecimento do cristal. Recomenda-se que a luz fique acesa no m\u00e1ximo 3 minutos, e n\u00e3o deve ser usada por mais de 1 minuto sob alta temperatura.<br \/>\n\u2022 As baterias de l\u00edtio devem ser carregadas com frequ\u00eancia e n\u00e3o devem estar a carregar por muito tempo.<\/p>\n<p>&nbsp;<\/p>\n","protected":false},"excerpt":{"rendered":"<p>Ponteiro Laser Verde 5mW USB \u2022 5 mW\u00a0 \u2022532nm \u2022 exclusivo o seu uso para astronomia \u2022 \u00fatil na amostragem do ceu noturno &#8211; feixe perfeitamente visivel \u2022 Tambem como lanterna de trabalho (Manter premido o bot\u00e3o) \u25bacarga por USB \u2022 A luz cont\u00ednua dos produtos a laser acelera o envelhecimento do cristal. Recomenda-se que<\/p>\n<div class=\"more-link\">\n\t\t\t\t <a href=\"https:\/\/site.astrofoto.com.pt\/welcome\/produto\/ponteiro-laser-verde\/\" class=\"btn theme-btn inverted\"><span>Continuar a Ler <\/span><\/a>\n\t\t\t<\/div>\n","protected":false},"featured_media":10639,"comment_status":"closed","ping_status":"closed","template":"","meta":[],"product_brand":[],"product_cat":[31],"product_tag":[],"class_list":{"0":"post-10638","1":"product","2":"type-product","3":"status-publish","4":"has-post-thumbnail","6":"product_cat-miscelanea","8":"first","9":"instock","10":"shipping-taxable","11":"purchasable","12":"product-type-simple"},"_links":{"self":[{"href":"https:\/\/site.astrofoto.com.pt\/welcome\/wp-json\/wp\/v2\/product\/10638","targetHints":{"allow":["GET"]}}],"collection":[{"href":"https:\/\/site.astrofoto.com.pt\/welcome\/wp-json\/wp\/v2\/product"}],"about":[{"href":"https:\/\/site.astrofoto.com.pt\/welcome\/wp-json\/wp\/v2\/types\/product"}],"replies":[{"embeddable":true,"href":"https:\/\/site.astrofoto.com.pt\/welcome\/wp-json\/wp\/v2\/comments?post=10638"}],"wp:featuredmedia":[{"embeddable":true,"href":"https:\/\/site.astrofoto.com.pt\/welcome\/wp-json\/wp\/v2\/media\/10639"}],"wp:attachment":[{"href":"https:\/\/site.astrofoto.com.pt\/welcome\/wp-json\/wp\/v2\/media?parent=10638"}],"wp:term":[{"taxonomy":"product_brand","embeddable":true,"href":"https:\/\/site.astrofoto.com.pt\/welcome\/wp-json\/wp\/v2\/product_brand?post=10638"},{"taxonomy":"product_cat","embeddable":true,"href":"https:\/\/site.astrofoto.com.pt\/welcome\/wp-json\/wp\/v2\/product_cat?post=10638"},{"taxonomy":"product_tag","embeddable":true,"href":"https:\/\/site.astrofoto.com.pt\/welcome\/wp-json\/wp\/v2\/product_tag?post=10638"}],"curies":[{"name":"wp","href":"https:\/\/api.w.org\/{rel}","templated":true}]}}