{"id":10631,"date":"2026-02-05T11:43:16","date_gmt":"2026-02-05T11:43:16","guid":{"rendered":"https:\/\/site.astrofoto.com.pt\/welcome\/?post_type=product&#038;p=10631"},"modified":"2026-02-05T11:52:56","modified_gmt":"2026-02-05T11:52:56","slug":"estrela-artificial-geoptik","status":"publish","type":"product","link":"https:\/\/site.astrofoto.com.pt\/welcome\/produto\/estrela-artificial-geoptik\/","title":{"rendered":"Estrela Artificial Geoptik"},"content":{"rendered":"<p><strong>Estrela Artificial Geoptik<\/strong><\/p>\n<p>\u2022Fibra optica de 50 micron<br \/>\n\u20229 posi\u00e7\u00f5es de intensidade<br \/>\n\u2022Pode ser colocada num trip\u00e9 fotografico<br \/>\n\u2022Peso: 200gr<br \/>\n\u2022Dimens\u00f5es: 9,6&#215;6,1&#215;2,5cm<br \/>\n\u2022Bateria de 9v\u00a0 (n\u00e3o incluida)<\/p>\n<p>Uma estrela artificial \u00e9 uma excelente alternativa \u00e0 verdadeira estrela. Com uma estrela artificial, os testes podem ser realizados com precis\u00e3o a qualquer hora e em qualquer lugar.<br \/>\nConforme o telescopio a testar o tamanho da estrela pode ser importante por isso este dispositivo tem varias intensidades.<\/p>\n<p>Ver <a href=\"https:\/\/www.youtube.com\/watch?v=TSxuPWV0Znc&amp;t=4s\">Youtube<\/a><\/p>\n<p><a href=\"http:\/\/www.astrophoto.fr\/collim.html\">\u25baver info <\/a>\u201ccolimar\u201d por Thierry Legault<\/p>\n<p>&nbsp;<\/p>\n<p>*5976<\/p>\n","protected":false},"excerpt":{"rendered":"<p>Estrela Artificial Geoptik \u2022Fibra optica de 50 micron \u20229 posi\u00e7\u00f5es de intensidade \u2022Pode ser colocada num trip\u00e9 fotografico \u2022Peso: 200gr \u2022Dimens\u00f5es: 9,6&#215;6,1&#215;2,5cm \u2022Bateria de 9v\u00a0 (n\u00e3o incluida) Uma estrela artificial \u00e9 uma excelente alternativa \u00e0 verdadeira estrela. Com uma estrela artificial, os testes podem ser realizados com precis\u00e3o a qualquer hora e em qualquer lugar.<\/p>\n<div class=\"more-link\">\n\t\t\t\t <a href=\"https:\/\/site.astrofoto.com.pt\/welcome\/produto\/estrela-artificial-geoptik\/\" class=\"btn theme-btn inverted\"><span>Continuar a Ler <\/span><\/a>\n\t\t\t<\/div>\n","protected":false},"featured_media":10632,"comment_status":"closed","ping_status":"closed","template":"","meta":[],"product_brand":[],"product_cat":[78],"product_tag":[],"class_list":{"0":"post-10631","1":"product","2":"type-product","3":"status-publish","4":"has-post-thumbnail","6":"product_cat-colimacao","8":"first","9":"onbackorder","10":"shipping-taxable","11":"purchasable","12":"product-type-simple"},"_links":{"self":[{"href":"https:\/\/site.astrofoto.com.pt\/welcome\/wp-json\/wp\/v2\/product\/10631","targetHints":{"allow":["GET"]}}],"collection":[{"href":"https:\/\/site.astrofoto.com.pt\/welcome\/wp-json\/wp\/v2\/product"}],"about":[{"href":"https:\/\/site.astrofoto.com.pt\/welcome\/wp-json\/wp\/v2\/types\/product"}],"replies":[{"embeddable":true,"href":"https:\/\/site.astrofoto.com.pt\/welcome\/wp-json\/wp\/v2\/comments?post=10631"}],"wp:featuredmedia":[{"embeddable":true,"href":"https:\/\/site.astrofoto.com.pt\/welcome\/wp-json\/wp\/v2\/media\/10632"}],"wp:attachment":[{"href":"https:\/\/site.astrofoto.com.pt\/welcome\/wp-json\/wp\/v2\/media?parent=10631"}],"wp:term":[{"taxonomy":"product_brand","embeddable":true,"href":"https:\/\/site.astrofoto.com.pt\/welcome\/wp-json\/wp\/v2\/product_brand?post=10631"},{"taxonomy":"product_cat","embeddable":true,"href":"https:\/\/site.astrofoto.com.pt\/welcome\/wp-json\/wp\/v2\/product_cat?post=10631"},{"taxonomy":"product_tag","embeddable":true,"href":"https:\/\/site.astrofoto.com.pt\/welcome\/wp-json\/wp\/v2\/product_tag?post=10631"}],"curies":[{"name":"wp","href":"https:\/\/api.w.org\/{rel}","templated":true}]}}