{"id":10621,"date":"2026-01-28T18:14:21","date_gmt":"2026-01-28T18:14:21","guid":{"rendered":"https:\/\/site.astrofoto.com.pt\/welcome\/?post_type=product&#038;p=10621"},"modified":"2026-01-28T18:14:22","modified_gmt":"2026-01-28T18:14:22","slug":"zwo-am7-harmonica","status":"publish","type":"product","link":"https:\/\/site.astrofoto.com.pt\/welcome\/produto\/zwo-am7-harmonica\/","title":{"rendered":"ZWO AM7 HARMONICA"},"content":{"rendered":"<p><strong>ZWO AM7 HARMONICA <\/strong><\/p>\n<p>A AM7 \u00e9 a montagem mais potente da ZWO, apresentando uma engrenagem tipo industrial. Isso torna a montagem particularmente compacta e, ao mesmo tempo, muito resiliente. Ela pode suportar 20 kg sem contrapesos, o que \u00e9 ideal para astrofotografia m\u00f3vel. Se voc\u00ea quiser usar a montagem em uma posi\u00e7\u00e3o fixa, pode equip\u00e1-la com contrapesos opcionais e carreg\u00e1-la com at\u00e9 30 kg.<\/p>\n<p>Motores de passo com correias dentadas s\u00e3o usados \u200b\u200bna engrenagem prim\u00e1ria em ambos os eixos. O erro peri\u00f3dico \u00e9 inferior a 10 segundos de arco e n\u00e3o h\u00e1 folga. A AM7 funciona de forma particularmente suave. Cada montagem \u00e9 medida individualmente e entregue com um relat\u00f3rio de teste PE.<\/p>\n<p>A AM7 suporta o modo equatorial para fotografia e o modo azimutal para observa\u00e7\u00e3o visual e pode ser usada em todo o mundo gra\u00e7as ao seu ajuste de eleva\u00e7\u00e3o de 0\u00b0 a 90\u00b0.<\/p>\n<p>O suporte de montagem permite o uso de dovetails Vixen ou Losmandy.<br \/>\nFonte de alimenta\u00e7\u00e3o: CC 12 volts, 3 amperes m\u00ednimo, ficha: D5,5&#215;2,1mm, positivo ao centro.<br \/>\nA ZWO prima pela conectividade sem fio de todos os componentes importantes: astrofotografia inteligente! Para isso, a montagem est\u00e1 equipada com Bluetooth e Wi-Fi. Assim, a AM7 pode ser controlada sem fio com o aplicativo Sky Atlas para iOS ou Android ou conectada sem fio ao computador ASIAIR da ZWO.<\/p>\n<p>Se preferir, a montagem tamb\u00e9m pode ser operada sem um smartphone usando o controle manual.<\/p>\n","protected":false},"excerpt":{"rendered":"<p>ZWO AM7 HARMONICA A AM7 \u00e9 a montagem mais potente da ZWO, apresentando uma engrenagem tipo industrial. Isso torna a montagem particularmente compacta e, ao mesmo tempo, muito resiliente. Ela pode suportar 20 kg sem contrapesos, o que \u00e9 ideal para astrofotografia m\u00f3vel. Se voc\u00ea quiser usar a montagem em uma posi\u00e7\u00e3o fixa, pode equip\u00e1-la<\/p>\n<div class=\"more-link\">\n\t\t\t\t <a href=\"https:\/\/site.astrofoto.com.pt\/welcome\/produto\/zwo-am7-harmonica\/\" class=\"btn theme-btn inverted\"><span>Continuar a Ler <\/span><\/a>\n\t\t\t<\/div>\n","protected":false},"featured_media":10622,"comment_status":"closed","ping_status":"closed","template":"","meta":[],"product_brand":[],"product_cat":[79,67],"product_tag":[],"class_list":{"0":"post-10621","1":"product","2":"type-product","3":"status-publish","4":"has-post-thumbnail","6":"product_cat-montagens-goto","7":"product_cat-https-site-astrofoto-com-pt-welcome-categoria-produto-novidade","9":"first","10":"instock","11":"shipping-taxable","12":"purchasable","13":"product-type-simple"},"_links":{"self":[{"href":"https:\/\/site.astrofoto.com.pt\/welcome\/wp-json\/wp\/v2\/product\/10621","targetHints":{"allow":["GET"]}}],"collection":[{"href":"https:\/\/site.astrofoto.com.pt\/welcome\/wp-json\/wp\/v2\/product"}],"about":[{"href":"https:\/\/site.astrofoto.com.pt\/welcome\/wp-json\/wp\/v2\/types\/product"}],"replies":[{"embeddable":true,"href":"https:\/\/site.astrofoto.com.pt\/welcome\/wp-json\/wp\/v2\/comments?post=10621"}],"wp:featuredmedia":[{"embeddable":true,"href":"https:\/\/site.astrofoto.com.pt\/welcome\/wp-json\/wp\/v2\/media\/10622"}],"wp:attachment":[{"href":"https:\/\/site.astrofoto.com.pt\/welcome\/wp-json\/wp\/v2\/media?parent=10621"}],"wp:term":[{"taxonomy":"product_brand","embeddable":true,"href":"https:\/\/site.astrofoto.com.pt\/welcome\/wp-json\/wp\/v2\/product_brand?post=10621"},{"taxonomy":"product_cat","embeddable":true,"href":"https:\/\/site.astrofoto.com.pt\/welcome\/wp-json\/wp\/v2\/product_cat?post=10621"},{"taxonomy":"product_tag","embeddable":true,"href":"https:\/\/site.astrofoto.com.pt\/welcome\/wp-json\/wp\/v2\/product_tag?post=10621"}],"curies":[{"name":"wp","href":"https:\/\/api.w.org\/{rel}","templated":true}]}}