{"id":10596,"date":"2026-01-19T13:57:21","date_gmt":"2026-01-19T13:57:21","guid":{"rendered":"https:\/\/site.astrofoto.com.pt\/welcome\/?post_type=product&#038;p=10596"},"modified":"2026-01-19T14:21:40","modified_gmt":"2026-01-19T14:21:40","slug":"atlas-fotografico-das-constelacoes","status":"publish","type":"product","link":"https:\/\/site.astrofoto.com.pt\/welcome\/produto\/atlas-fotografico-das-constelacoes\/","title":{"rendered":"Atlas Fotogr\u00e1fico das Constela\u00e7\u00f5es"},"content":{"rendered":"<p><strong>Atlas Fotogr\u00e1fico das Constela\u00e7\u00f5es<br \/>\n<em>por: Paolo Candy<\/em><\/strong><\/p>\n<p>\u25baencomenda direta ao autor: <a href=\"mailto:paolosimeis@gmail.com\">encomendar<\/a><br \/>\nVer mais: <a href=\"https:\/\/www.belliroberto.com\/candy\/books-libri\/\"><em>info<\/em><\/a><br \/>\nrevis\u00e3o de Richard Harris <a href=\"https:\/\/scopetrader.com\/photo-atlas-of-the-constellations-by-paolo-candy\/\"><em>Ver<\/em><\/a><\/p>\n<p>Paperback, mesh-bound.<br \/>\nBilingual ITA\/ENG (native speaker translation)<br \/>\n176 pages<br \/>\nA4 format, weight 840gr<br \/>\nPub: October 2025 (1st pub. 2004)<br \/>\nCover price: \u20ac30 (27\u00a3)<br \/>\nInternal preface: Margherita Hack (Prof.)<br \/>\nBack cover introduction: Paolo Maffei (Prof.)<\/p>\n<p>\u25baUma obra impressa em alta qualidade que entusiasma quem gosta de olhar o C\u00e9u.<br \/>\n\u25ba em ingl\u00eas e italiano<br \/>\n\u25baA encomenda dever\u00e1 ser feita diretamente para o autor que enviar\u00e1 para Portugal com portes de 9,15\u20ac<\/p>\n<p>&nbsp;<\/p>\n<p>&nbsp;<\/p>\n","protected":false},"excerpt":{"rendered":"<p>Atlas Fotogr\u00e1fico das Constela\u00e7\u00f5es por: Paolo Candy \u25baencomenda direta ao autor: encomendar Ver mais: info revis\u00e3o de Richard Harris Ver Paperback, mesh-bound. Bilingual ITA\/ENG (native speaker translation) 176 pages A4 format, weight 840gr Pub: October 2025 (1st pub. 2004) Cover price: \u20ac30 (27\u00a3) Internal preface: Margherita Hack (Prof.) Back cover introduction: Paolo Maffei (Prof.) \u25baUma<\/p>\n<div class=\"more-link\">\n\t\t\t\t <a href=\"https:\/\/site.astrofoto.com.pt\/welcome\/produto\/atlas-fotografico-das-constelacoes\/\" class=\"btn theme-btn inverted\"><span>Continuar a Ler <\/span><\/a>\n\t\t\t<\/div>\n","protected":false},"featured_media":10597,"comment_status":"closed","ping_status":"closed","template":"","meta":[],"product_brand":[],"product_cat":[35],"product_tag":[],"class_list":{"0":"post-10596","1":"product","2":"type-product","3":"status-publish","4":"has-post-thumbnail","6":"product_cat-livro-e-dvd","8":"first","9":"outofstock","10":"shipping-taxable","11":"purchasable","12":"product-type-simple"},"_links":{"self":[{"href":"https:\/\/site.astrofoto.com.pt\/welcome\/wp-json\/wp\/v2\/product\/10596","targetHints":{"allow":["GET"]}}],"collection":[{"href":"https:\/\/site.astrofoto.com.pt\/welcome\/wp-json\/wp\/v2\/product"}],"about":[{"href":"https:\/\/site.astrofoto.com.pt\/welcome\/wp-json\/wp\/v2\/types\/product"}],"replies":[{"embeddable":true,"href":"https:\/\/site.astrofoto.com.pt\/welcome\/wp-json\/wp\/v2\/comments?post=10596"}],"wp:featuredmedia":[{"embeddable":true,"href":"https:\/\/site.astrofoto.com.pt\/welcome\/wp-json\/wp\/v2\/media\/10597"}],"wp:attachment":[{"href":"https:\/\/site.astrofoto.com.pt\/welcome\/wp-json\/wp\/v2\/media?parent=10596"}],"wp:term":[{"taxonomy":"product_brand","embeddable":true,"href":"https:\/\/site.astrofoto.com.pt\/welcome\/wp-json\/wp\/v2\/product_brand?post=10596"},{"taxonomy":"product_cat","embeddable":true,"href":"https:\/\/site.astrofoto.com.pt\/welcome\/wp-json\/wp\/v2\/product_cat?post=10596"},{"taxonomy":"product_tag","embeddable":true,"href":"https:\/\/site.astrofoto.com.pt\/welcome\/wp-json\/wp\/v2\/product_tag?post=10596"}],"curies":[{"name":"wp","href":"https:\/\/api.w.org\/{rel}","templated":true}]}}