{"id":10595,"date":"2026-01-15T17:51:32","date_gmt":"2026-01-15T17:51:32","guid":{"rendered":"https:\/\/site.astrofoto.com.pt\/welcome\/?post_type=product&#038;p=10595"},"modified":"2026-01-15T17:58:37","modified_gmt":"2026-01-15T17:58:37","slug":"telescopio-zwo-seestar-s50-usado","status":"publish","type":"product","link":"https:\/\/site.astrofoto.com.pt\/welcome\/produto\/telescopio-zwo-seestar-s50-usado\/","title":{"rendered":"Telesc\u00f3pio ZWO Seestar S50 usado"},"content":{"rendered":"<p><strong>Telesc\u00f3pio ZWO Seestar S50 usado<br \/>\n\u25bacomo novo<br \/>\n<\/strong><em>\u25baAs negocia\u00e7\u00f5es ser\u00e3o diretas entre vendedor e comprador<\/em><br \/>\n<em>Apenas garantimos o estado do equipamento e, neste caso, a idoneidade do vendedor.<\/em><br \/>\n<em>\u25baN\u00e3o\u00a0 efetue pagamentos antes da conclus\u00e3o das negocia\u00e7\u00f5es.<\/em><\/p>\n<p>&nbsp;<\/p>\n<p><strong><em>Com o novo Seestar S50, a ZWO democratiza os telesc\u00f3pios autom\u00e1ticos!<\/em><\/strong><\/p>\n<p>\u25ba ver<a href=\"https:\/\/pedroreastrophotography.com\/seestar_s50.html\">Youtube\u00a0<\/a>(Pedro Re)<\/p>\n<p>\u25ba ver<a href=\"https:\/\/www.youtube.com\/watch?v=X36C3NHjm4c\"> Youtube<\/a> (Franc\u00eas)<br \/>\n\u25ba ver <a href=\"https:\/\/www.youtube.com\/watch?v=yJvXWrsT4So\">Youtube<\/a> (Frances)<br \/>\n\u25ba<a href=\"https:\/\/www.youtube.com\/watch?v=CgXpgUwt5iE\">Ver no Youtube &#8220;Seestar Tutorial&#8221;<\/a><br \/>\n\u25baM42\/B33\/NGC2244 por Pedro Re <a href=\"https:\/\/www.youtube.com\/watch?v=HNG8xbh2K5c&amp;t=50s\"><em>VER<\/em><\/a><\/p>\n<p>Depois de ter oferecido separadamente todos os componentes necess\u00e1rios para imagens astron\u00f3micas para o grande p\u00fablico aficionado a ZWO reuniu-os num \u00fanico instrumento de apenas 3 kg.<br \/>\nDe fato, o Seestar S50 incorpora:<br \/>\n\u2022 um tubo \u00f3ptico refrator triplo <strong>apocrom\u00e1tico<\/strong>,<br \/>\n\u2022 um sistema de <strong>autofocus<\/strong>,<br \/>\n\u2022 uma montagem <strong>azimutal GoTo<\/strong>,<br \/>\n\u2022 uma <strong>c\u00e2mara<\/strong>,<br \/>\n\u2022 uma <strong>roda de filtros<\/strong><br \/>\n\u2022 um sistema <strong>tipo ASIAIR<\/strong> para controlar tudo!<\/p>\n<p>Tipo de objetiva: Triplet apocromatica<br \/>\nDi\u00e2metro da objetiva 50 mm<br \/>\nDist\u00e2ncia focal: 250 mm<br \/>\nMontagem: Azimutal computorizada GoTo<br \/>\nChip: Sony IMX462<br \/>\nResolu\u00e7\u00e3o do chip 1920 x 1080 px<br \/>\nFormato de imagens TIFF (imagem), MP4 + AVI (video)<br \/>\nLiga\u00e7\u00e3o: Bluetooth \/ Wi-Fi (5 Ghz + 2,4 GHz)<br \/>\nAutonomia da bateria: 6 h<br \/>\nTemperatura ambiente : 0\u00b0C \u00e0 40\u00b0C \/ Humidade inferior a 60%<br \/>\nFiltro Solar incluido<br \/>\nPeso: 3 kg<br \/>\nDimens\u00f5es 142 x 129 x 257 mm<\/p>\n<p>O sistema cuida das suas fotos. Voc\u00ea s\u00f3 precisa verificar as condi\u00e7\u00f5es meteorol\u00f3gicas e potenciais alvos noturnos, ent\u00e3o selecione o modo de imagem, paisagem ou observa\u00e7\u00e3o de estrelas.<br \/>\n\u00c9 assim t\u00e3o simples!<\/p>\n<p>Voc\u00ea observar\u00e1 os objetos invis\u00edveis do c\u00e9u noturno. O Seestar S50 tira fotografias e combina-as automaticamente, conforme voc\u00ea avan\u00e7a. Quanto maior o n\u00famero de fotos gravadas, mais rica e colorida ser\u00e1 a imagem resultante, revelando detalhes insuspeitos sobre objetos normalmente invis\u00edveis a olho nu.<\/p>\n<p>O instrumento \u00e9 f\u00e1cil de usar e de aprendizagem simples. O controle \u00e9 realizado por um aplicativo dedicado atrav\u00e9s do Wi-Fi ou Bluetooth integrado. O aplicativo, o GPS do seu telefone e os sensores internos ajudam a nivelar o instrumento, para inicializar o sistema e calibr\u00e1-lo no c\u00e9u.<br \/>\nVoc\u00ea n\u00e3o precisa ser um especialista; o Seestar S50 vai guia-lo por todas essas etapas.<br \/>\n\u25baAcessorios incluidos:<br \/>\n\u2022 <a href=\"https:\/\/site.astrofoto.com.pt\/welcome\/produto\/dewshield-wega-para-seestar-50\/\">DewShield<\/a><br \/>\n\u2022 <a href=\"https:\/\/site.astrofoto.com.pt\/welcome\/produto\/tampa-artesky-p-seestar\/\">Tampa<\/a><br \/>\n\u2022 <a href=\"https:\/\/site.astrofoto.com.pt\/welcome\/produto\/mascara-bahtinov-wega-p-seestar\/\">Bahtinov<\/a><\/p>\n<p>\u25ba extra: <a href=\"https:\/\/site.astrofoto.com.pt\/welcome\/produto\/wedge-equatorial-sw\/\">wedge equatorial SW <\/a><br \/>\npara compensar rota\u00e7\u00e3o de campo<\/p>\n<p>\u25baAcessorios recomendados:<br \/>\n\u2022 <a href=\"https:\/\/site.astrofoto.com.pt\/welcome\/produto\/nivel-de-tripe-para-seestar-s50\/\">Nivelador para trip\u00e9<\/a><br \/>\n\u2022 <a href=\"https:\/\/site.astrofoto.com.pt\/welcome\/produto\/dewshield-wega-para-seestar-50\/\">DewShield<\/a><br \/>\n\u2022 <a href=\"https:\/\/site.astrofoto.com.pt\/welcome\/produto\/mascara-bahtinov-wega-p-seestar\/\">Bahtinov<\/a><br \/>\n\u2022 <a href=\"https:\/\/site.astrofoto.com.pt\/welcome\/produto\/tampa-artesky-p-seestar\/\">Tampa<\/a><br \/>\n\u2022 <a href=\"https:\/\/site.astrofoto.com.pt\/welcome\/produto\/suporte-wega-de-powerbank-p-seestar\/\">Suporte de Powerbank<\/a><\/p>\n<p>*MG<\/p>\n","protected":false},"excerpt":{"rendered":"<p>Telesc\u00f3pio ZWO Seestar S50 usado \u25bacomo novo \u25baAs negocia\u00e7\u00f5es ser\u00e3o diretas entre vendedor e comprador Apenas garantimos o estado do equipamento e, neste caso, a idoneidade do vendedor. \u25baN\u00e3o\u00a0 efetue pagamentos antes da conclus\u00e3o das negocia\u00e7\u00f5es. &nbsp; Com o novo Seestar S50, a ZWO democratiza os telesc\u00f3pios autom\u00e1ticos! \u25ba verYoutube\u00a0(Pedro Re) \u25ba ver Youtube (Franc\u00eas)<\/p>\n<div class=\"more-link\">\n\t\t\t\t <a href=\"https:\/\/site.astrofoto.com.pt\/welcome\/produto\/telescopio-zwo-seestar-s50-usado\/\" class=\"btn theme-btn inverted\"><span>Continuar a Ler <\/span><\/a>\n\t\t\t<\/div>\n","protected":false},"featured_media":9050,"comment_status":"closed","ping_status":"closed","template":"","meta":[],"product_brand":[],"product_cat":[84,67,16,46,68],"product_tag":[],"class_list":{"0":"post-10595","1":"product","2":"type-product","3":"status-publish","4":"has-post-thumbnail","6":"product_cat-goto","7":"product_cat-https-site-astrofoto-com-pt-welcome-categoria-produto-novidade","8":"product_cat-telescopios-refractores","9":"product_cat-usados","10":"product_cat-wi-fi","12":"first","13":"onbackorder","14":"sale","15":"shipping-taxable","16":"purchasable","17":"product-type-simple"},"_links":{"self":[{"href":"https:\/\/site.astrofoto.com.pt\/welcome\/wp-json\/wp\/v2\/product\/10595","targetHints":{"allow":["GET"]}}],"collection":[{"href":"https:\/\/site.astrofoto.com.pt\/welcome\/wp-json\/wp\/v2\/product"}],"about":[{"href":"https:\/\/site.astrofoto.com.pt\/welcome\/wp-json\/wp\/v2\/types\/product"}],"replies":[{"embeddable":true,"href":"https:\/\/site.astrofoto.com.pt\/welcome\/wp-json\/wp\/v2\/comments?post=10595"}],"wp:featuredmedia":[{"embeddable":true,"href":"https:\/\/site.astrofoto.com.pt\/welcome\/wp-json\/wp\/v2\/media\/9050"}],"wp:attachment":[{"href":"https:\/\/site.astrofoto.com.pt\/welcome\/wp-json\/wp\/v2\/media?parent=10595"}],"wp:term":[{"taxonomy":"product_brand","embeddable":true,"href":"https:\/\/site.astrofoto.com.pt\/welcome\/wp-json\/wp\/v2\/product_brand?post=10595"},{"taxonomy":"product_cat","embeddable":true,"href":"https:\/\/site.astrofoto.com.pt\/welcome\/wp-json\/wp\/v2\/product_cat?post=10595"},{"taxonomy":"product_tag","embeddable":true,"href":"https:\/\/site.astrofoto.com.pt\/welcome\/wp-json\/wp\/v2\/product_tag?post=10595"}],"curies":[{"name":"wp","href":"https:\/\/api.w.org\/{rel}","templated":true}]}}