{"id":1058,"date":"2015-10-13T14:59:04","date_gmt":"2015-10-13T14:59:04","guid":{"rendered":"http:\/\/site.astrofoto.com.pt\/welcome\/?post_type=product&#038;p=1058"},"modified":"2023-07-31T23:15:20","modified_gmt":"2023-07-31T23:15:20","slug":"telescopio-gso-dobson-8","status":"publish","type":"product","link":"https:\/\/site.astrofoto.com.pt\/welcome\/produto\/telescopio-gso-dobson-8\/","title":{"rendered":"Telescopio GSO Dobson 8\u201d"},"content":{"rendered":"<p>&nbsp;<\/p>\n<p><strong>Telescopio GSO Dobson 8\u201d<\/strong><\/p>\n<p>Optica: Espelho parabolico em vidro optico BK-7<br \/>\nAbertura: 200 mm \u2013 8\u2033<br \/>\nDist\u00e2ncia Focal: 1200 mm<br \/>\nRaz\u00e3o Focal: f\/6<br \/>\nEspelho secundario: 50 mm de diametro<br \/>\nObstru\u00e7\u00e3o: 25% linear<br \/>\nAjuda na colima\u00e7\u00e3o: Marca central no espelho prim\u00e1rio<br \/>\nFocador: Crayford 2\u2033 com redutor a 1,25\u201d<br \/>\nTubo: A\u00e7o<br \/>\nPeso do Tubo: 9.5 kg<br \/>\nComprimento do Tubo: 1150 mm<br \/>\nDi\u00e2metro do Tubo: 230mm<br \/>\nPeso da Montagem: 9.5 kg<br \/>\nDimens\u00f5es da montagem: Altura 600 mm \/ Diametro 500 mm<br \/>\nMovimento: Eleva\u00e7\u00e3o por tensor\/<br \/>\nArrefecimento: Por ventoinha 12V<\/p>\n<p>&nbsp;<\/p>\n","protected":false},"excerpt":{"rendered":"<p>&nbsp; Telescopio GSO Dobson 8\u201d Optica: Espelho parabolico em vidro optico BK-7 Abertura: 200 mm \u2013 8\u2033 Dist\u00e2ncia Focal: 1200 mm Raz\u00e3o Focal: f\/6 Espelho secundario: 50 mm de diametro Obstru\u00e7\u00e3o: 25% linear Ajuda na colima\u00e7\u00e3o: Marca central no espelho prim\u00e1rio Focador: Crayford 2\u2033 com redutor a 1,25\u201d Tubo: A\u00e7o Peso do Tubo: 9.5 kg<\/p>\n<div class=\"more-link\">\n\t\t\t\t <a href=\"https:\/\/site.astrofoto.com.pt\/welcome\/produto\/telescopio-gso-dobson-8\/\" class=\"btn theme-btn inverted\"><span>Continuar a Ler <\/span><\/a>\n\t\t\t<\/div>\n","protected":false},"featured_media":1061,"comment_status":"open","ping_status":"closed","template":"","meta":[],"product_brand":[],"product_cat":[15],"product_tag":[],"class_list":{"0":"post-1058","1":"product","2":"type-product","3":"status-publish","4":"has-post-thumbnail","6":"product_cat-telescopios-reflectores","7":"product_shipping_class-taxa-media","9":"first","10":"onbackorder","11":"shipping-taxable","12":"purchasable","13":"product-type-simple"},"_links":{"self":[{"href":"https:\/\/site.astrofoto.com.pt\/welcome\/wp-json\/wp\/v2\/product\/1058","targetHints":{"allow":["GET"]}}],"collection":[{"href":"https:\/\/site.astrofoto.com.pt\/welcome\/wp-json\/wp\/v2\/product"}],"about":[{"href":"https:\/\/site.astrofoto.com.pt\/welcome\/wp-json\/wp\/v2\/types\/product"}],"replies":[{"embeddable":true,"href":"https:\/\/site.astrofoto.com.pt\/welcome\/wp-json\/wp\/v2\/comments?post=1058"}],"wp:featuredmedia":[{"embeddable":true,"href":"https:\/\/site.astrofoto.com.pt\/welcome\/wp-json\/wp\/v2\/media\/1061"}],"wp:attachment":[{"href":"https:\/\/site.astrofoto.com.pt\/welcome\/wp-json\/wp\/v2\/media?parent=1058"}],"wp:term":[{"taxonomy":"product_brand","embeddable":true,"href":"https:\/\/site.astrofoto.com.pt\/welcome\/wp-json\/wp\/v2\/product_brand?post=1058"},{"taxonomy":"product_cat","embeddable":true,"href":"https:\/\/site.astrofoto.com.pt\/welcome\/wp-json\/wp\/v2\/product_cat?post=1058"},{"taxonomy":"product_tag","embeddable":true,"href":"https:\/\/site.astrofoto.com.pt\/welcome\/wp-json\/wp\/v2\/product_tag?post=1058"}],"curies":[{"name":"wp","href":"https:\/\/api.w.org\/{rel}","templated":true}]}}