{"id":10579,"date":"2026-01-09T14:00:18","date_gmt":"2026-01-09T14:00:18","guid":{"rendered":"https:\/\/site.astrofoto.com.pt\/welcome\/?post_type=product&#038;p=10579"},"modified":"2026-03-13T13:14:51","modified_gmt":"2026-03-13T13:14:51","slug":"celestron-c9-25-avx-usado","status":"publish","type":"product","link":"https:\/\/site.astrofoto.com.pt\/welcome\/produto\/celestron-c9-25-avx-usado\/","title":{"rendered":"Celestron &#8211; C9.25 AVX usado"},"content":{"rendered":"<p><strong>Celestron &#8211; C9.25 AVX usado<br \/>\n*como novo <\/strong>(usado apenas 1 vez)<strong><br \/>\n<\/strong><em>\u25baAs negocia\u00e7\u00f5es ser\u00e3o diretas entre vendedor e comprador<\/em><br \/>\n<em>Apenas garantimos o estado do equipamento e, em alguns casos, a idoneidade do vendedor.<\/em><br \/>\n<em>\u25baN\u00e3o\u00a0 efetue pagamentos antes da conclus\u00e3o das negocia\u00e7\u00f5es.<\/em><strong><br \/>\n<\/strong><\/p>\n<p>\u2022 Abertura: 235 mm<br \/>\n\u2022 Dist\u00e2ncia focal : 2350 mm<br \/>\n\u2022 Raz\u00e3o focal: f\/10<br \/>\n\u2022 Ocular Pl\u00f6ssl 1.25\u201d 25mm (94x)<br \/>\n\u2022 Buscador 6&#215;30 com suporte<br \/>\n\u2022 Diagonal 1.25\u201d<br \/>\n\u2022 CD-ROM \u201cThe Sky\u201d N\u00edvel 1<br \/>\n\u2022 Montagem equatorial CG-5 e trip\u00e9<br \/>\n\u2022 Tabuleiro de acess\u00f3rios<\/p>\n<p><strong>Montagem AVX: <\/strong><\/p>\n<p>\u2022 Motores: Servomotores DC<br \/>\n\u2022 Velocidades : 9 velocidades; m\u00e1xima 4\u00ba\/seg<br \/>\n\u2022 Modos de seguimento: Sideral, Lunar, Solar<br \/>\n\u2022 Alinhamento: Alinhamento por 2 estrelas, 1 estrela, r\u00e1pido, ultimo alinhamento e com o Sistema Solar.<br \/>\n\u2022 Portas de comunica\u00e7\u00e3o: 2 portas AUX, 1 Porta para Autoguiagem, 1 Porta RS-232<br \/>\n\u2022 Controlador: Nexstar + Computorizado, com LCD e 19 teclas retro-iluminadas<br \/>\n\u2022 Base de dados: Mais de 40 000 objetos, 100 objetos program\u00e1veisr e\u00a0 200 mais populares<br \/>\n\u2022 Requisitos da alimenta\u00e7\u00e3o: 12V DC\/ 3,5A<br \/>\n\u2022 Fun\u00e7\u00e3o PEC. Integrada e program\u00e1vel<br \/>\n\u2022 Rel\u00f3gio Interno<\/p>\n<p>\u2022 Carga max carga: 14kg<br \/>\n\u2022 Trip\u00e9 de a\u00e7o<br \/>\n\u2022 Altura do trip\u00e9: 112cm a 163cm<br \/>\n\u2022 Di\u00e2metro das sapatas do trip\u00e9: 50,8mm<br \/>\n\u2022 Peso do trip\u00e9: 8kg<br \/>\n\u2022 Peso da montagem: 7kg<br \/>\n\u2022 Contrapesos: 1 de 5kg<br \/>\n\u2022 Alimenta\u00e7\u00e3o: Cabo de liga\u00e7\u00e3o a Isqueiro<br \/>\n\u2022 Escala de Latitude:\u00a0 7\u00ba a 77\u00ba<\/p>\n<p>Extra incluido: Mala de oculares e filtros Omegon <a href=\"https:\/\/site.astrofoto.com.pt\/welcome\/produto\/mala-de-oculares\/\">*ver<\/a><\/p>\n<p>&nbsp;<\/p>\n<p>*M.Esp<\/p>\n<p>&nbsp;<\/p>\n<p>&nbsp;<\/p>\n<p class=\"style1\">\n","protected":false},"excerpt":{"rendered":"<p>Celestron &#8211; C9.25 AVX usado *como novo (usado apenas 1 vez) \u25baAs negocia\u00e7\u00f5es ser\u00e3o diretas entre vendedor e comprador Apenas garantimos o estado do equipamento e, em alguns casos, a idoneidade do vendedor. \u25baN\u00e3o\u00a0 efetue pagamentos antes da conclus\u00e3o das negocia\u00e7\u00f5es. \u2022 Abertura: 235 mm \u2022 Dist\u00e2ncia focal : 2350 mm \u2022 Raz\u00e3o focal: f\/10<\/p>\n<div class=\"more-link\">\n\t\t\t\t <a href=\"https:\/\/site.astrofoto.com.pt\/welcome\/produto\/celestron-c9-25-avx-usado\/\" class=\"btn theme-btn inverted\"><span>Continuar a Ler <\/span><\/a>\n\t\t\t<\/div>\n","protected":false},"featured_media":1421,"comment_status":"open","ping_status":"closed","template":"","meta":[],"product_brand":[],"product_cat":[17,46],"product_tag":[],"class_list":{"0":"post-10579","1":"product","2":"type-product","3":"status-publish","4":"has-post-thumbnail","6":"product_cat-telescopios-catadioptricos","7":"product_cat-usados","9":"first","10":"instock","11":"sale","12":"shipping-taxable","13":"purchasable","14":"product-type-simple"},"_links":{"self":[{"href":"https:\/\/site.astrofoto.com.pt\/welcome\/wp-json\/wp\/v2\/product\/10579","targetHints":{"allow":["GET"]}}],"collection":[{"href":"https:\/\/site.astrofoto.com.pt\/welcome\/wp-json\/wp\/v2\/product"}],"about":[{"href":"https:\/\/site.astrofoto.com.pt\/welcome\/wp-json\/wp\/v2\/types\/product"}],"replies":[{"embeddable":true,"href":"https:\/\/site.astrofoto.com.pt\/welcome\/wp-json\/wp\/v2\/comments?post=10579"}],"wp:featuredmedia":[{"embeddable":true,"href":"https:\/\/site.astrofoto.com.pt\/welcome\/wp-json\/wp\/v2\/media\/1421"}],"wp:attachment":[{"href":"https:\/\/site.astrofoto.com.pt\/welcome\/wp-json\/wp\/v2\/media?parent=10579"}],"wp:term":[{"taxonomy":"product_brand","embeddable":true,"href":"https:\/\/site.astrofoto.com.pt\/welcome\/wp-json\/wp\/v2\/product_brand?post=10579"},{"taxonomy":"product_cat","embeddable":true,"href":"https:\/\/site.astrofoto.com.pt\/welcome\/wp-json\/wp\/v2\/product_cat?post=10579"},{"taxonomy":"product_tag","embeddable":true,"href":"https:\/\/site.astrofoto.com.pt\/welcome\/wp-json\/wp\/v2\/product_tag?post=10579"}],"curies":[{"name":"wp","href":"https:\/\/api.w.org\/{rel}","templated":true}]}}