{"id":10574,"date":"2026-01-07T18:48:24","date_gmt":"2026-01-07T18:48:24","guid":{"rendered":"https:\/\/site.astrofoto.com.pt\/welcome\/?post_type=product&#038;p=10574"},"modified":"2026-01-07T18:56:33","modified_gmt":"2026-01-07T18:56:33","slug":"montagem-skywatcher-neq5-synscan-goto-usada","status":"publish","type":"product","link":"https:\/\/site.astrofoto.com.pt\/welcome\/produto\/montagem-skywatcher-neq5-synscan-goto-usada\/","title":{"rendered":"Montagem SkyWatcher NEQ5 Synscan GOTO usada"},"content":{"rendered":"<p>&nbsp;<\/p>\n<p class=\"style10\"><strong>\u2022Montagem NEQ5 PRO GOTO usada<\/strong><\/p>\n<p class=\"style10\"><strong><em>\u25baA<b>s negocia\u00e7\u00f5es ser\u00e3o diretas entre vendedor e comprador<br \/>\n<\/b><b>Apenas garantimos o estado do equipamento e, neste caso, a idoneidade do vendedor.<br \/>\n\u25baN\u00e3o\u00a0 efetue pagamentos antes da conclus\u00e3o das negocia\u00e7\u00f5es.<\/b><\/em><\/strong><\/p>\n<p><em>\u25ba<\/em><em>A montagem SkyWatcher SynScan GOTO encarrega-se de mover o instrumento em dire\u00e7\u00e3o ao alvo que voc\u00ea deseja observar e at\u00e9 vai sugerindo objetos disponiveis na sua zona de observa\u00e7\u00e3o e na data em que est\u00e1.<\/em><strong><br \/>\n<\/strong><\/p>\n<p class=\"style10\"><strong>\u2022<\/strong> Base de dados com <span class=\"PBLongTxt PBItemDesc ng-scope ng-isolate-scope c-app-product-tabs c-app-product-tabs--tabs c-app-product-tabs--horizontal c-app-product-tabs--left\"> 42 900 <\/span>objectos<br \/>\n<strong>\u2022<\/strong> velocidade: 4x, 8x, 32x, 64x, <strong>800x<br \/>\n\u2022 <\/strong>Velocidade de guiagem: 1x, 0.75x, 0.5x, 0.25x<br \/>\n\u2022 <span class=\"PBLongTxt PBItemDesc ng-scope ng-isolate-scope c-app-product-tabs c-app-product-tabs--tabs c-app-product-tabs--horizontal c-app-product-tabs--left\">Modo de seguimento : Sideral, Lunar ou Solar<br \/>\n\u2022 Fun\u00e7\u00f5es: Park, Sincroniza\u00e7\u00e3o, Backlash, Identifica\u00e7\u00e3o, Tour<\/span><br \/>\n\u2022 Capacidade de carga: 9Kg<br \/>\n<strong>\u2022<\/strong> 2 contrapesos<br \/>\n<strong>\u2022 <\/strong>Trip\u00e9 de a\u00e7o<\/p>\n<p>\u25ba Kit GoTo montado<br \/>\n\u25ba buscador polar incluido<\/p>\n<p class=\"style10\"><a href=\"http:\/\/www.skywatcher.com\/download\/software\/\"><img decoding=\"async\" src=\"http:\/\/astrofoto.com.pt\/imagenscatalogo\/SW\/SWcom01s.jpg\" alt=\"actualizar hardware\" width=\"15\" height=\"32\" border=\"0\" \/><\/a>\u00a0\u00a0\u2022 actualizar firmware<\/p>\n<p>*RM<\/p>\n","protected":false},"excerpt":{"rendered":"<p>&nbsp; \u2022Montagem NEQ5 PRO GOTO usada \u25baAs negocia\u00e7\u00f5es ser\u00e3o diretas entre vendedor e comprador Apenas garantimos o estado do equipamento e, neste caso, a idoneidade do vendedor. \u25baN\u00e3o\u00a0 efetue pagamentos antes da conclus\u00e3o das negocia\u00e7\u00f5es. \u25baA montagem SkyWatcher SynScan GOTO encarrega-se de mover o instrumento em dire\u00e7\u00e3o ao alvo que voc\u00ea deseja observar e at\u00e9<\/p>\n<div class=\"more-link\">\n\t\t\t\t <a href=\"https:\/\/site.astrofoto.com.pt\/welcome\/produto\/montagem-skywatcher-neq5-synscan-goto-usada\/\" class=\"btn theme-btn inverted\"><span>Continuar a Ler <\/span><\/a>\n\t\t\t<\/div>\n","protected":false},"featured_media":3286,"comment_status":"open","ping_status":"closed","template":"","meta":[],"product_brand":[],"product_cat":[14,79,46],"product_tag":[],"class_list":{"0":"post-10574","1":"product","2":"type-product","3":"status-publish","4":"has-post-thumbnail","6":"product_cat-montagens","7":"product_cat-montagens-goto","8":"product_cat-usados","9":"product_shipping_class-taxa-media","11":"first","12":"instock","13":"sale","14":"shipping-taxable","15":"purchasable","16":"product-type-simple"},"_links":{"self":[{"href":"https:\/\/site.astrofoto.com.pt\/welcome\/wp-json\/wp\/v2\/product\/10574","targetHints":{"allow":["GET"]}}],"collection":[{"href":"https:\/\/site.astrofoto.com.pt\/welcome\/wp-json\/wp\/v2\/product"}],"about":[{"href":"https:\/\/site.astrofoto.com.pt\/welcome\/wp-json\/wp\/v2\/types\/product"}],"replies":[{"embeddable":true,"href":"https:\/\/site.astrofoto.com.pt\/welcome\/wp-json\/wp\/v2\/comments?post=10574"}],"wp:featuredmedia":[{"embeddable":true,"href":"https:\/\/site.astrofoto.com.pt\/welcome\/wp-json\/wp\/v2\/media\/3286"}],"wp:attachment":[{"href":"https:\/\/site.astrofoto.com.pt\/welcome\/wp-json\/wp\/v2\/media?parent=10574"}],"wp:term":[{"taxonomy":"product_brand","embeddable":true,"href":"https:\/\/site.astrofoto.com.pt\/welcome\/wp-json\/wp\/v2\/product_brand?post=10574"},{"taxonomy":"product_cat","embeddable":true,"href":"https:\/\/site.astrofoto.com.pt\/welcome\/wp-json\/wp\/v2\/product_cat?post=10574"},{"taxonomy":"product_tag","embeddable":true,"href":"https:\/\/site.astrofoto.com.pt\/welcome\/wp-json\/wp\/v2\/product_tag?post=10574"}],"curies":[{"name":"wp","href":"https:\/\/api.w.org\/{rel}","templated":true}]}}