{"id":10564,"date":"2026-01-02T14:09:38","date_gmt":"2026-01-02T14:09:38","guid":{"rendered":"https:\/\/site.astrofoto.com.pt\/welcome\/?post_type=product&#038;p=10564"},"modified":"2026-02-10T11:55:50","modified_gmt":"2026-02-10T11:55:50","slug":"zwo-seestar-s30-pro","status":"publish","type":"product","link":"https:\/\/site.astrofoto.com.pt\/welcome\/produto\/zwo-seestar-s30-pro\/","title":{"rendered":"ZWO Seestar S30 PRO"},"content":{"rendered":"<p><strong>ZWO Seestar S30 PRO<\/strong><\/p>\n<p><em>\u25baprevis\u00e3o de entrega: Mar\u00e7o<br \/>\nentregas limitadas inicialmente \u25ba<a href=\"mailto:astrofotoportugal@gmail.com\">reserve ja<\/a><\/em><\/p>\n<p>Depois do Seestar S50 e do S30, agora o S30 PRO!<br \/>\n\u25ba Dupla objectiva: Tele e grande angular.<br \/>\nAp\u00f3s ter oferecido separadamente todos os componentes necess\u00e1rios para imagens astron\u00f3micas para o grande p\u00fablico aficionado a ZWO reuniu-os num \u00fanico instrumento.<\/p>\n<p>De fato, o Seestar S30 PRO incorpora:<br \/>\n\u2022 um tubo \u00f3ptico refrator quadruplet <strong>apocrom\u00e1tico<\/strong>,<br \/>\n\u2022 um sistema de\u00a0<strong>autofocus<\/strong>,<br \/>\n\u2022 uma montagem\u00a0<strong>azimutal GoTo<\/strong>,<br \/>\n\u2022 duas <strong>c\u00e2maras<\/strong>,<br \/>\n\u2022 uma\u00a0<strong>roda de filtros<\/strong><br \/>\n\u2022 um sistema\u00a0<strong>tipo ASIAIR<\/strong>\u00a0para controlar tudo!<\/p>\n<p><strong>\u25ba Novidades do S30 PRO:<\/strong><\/p>\n<p><em><strong>\u2022 Design \u00f3ptico aprimorado: Quatro lentes (em vez de tr\u00eas) para melhor corre\u00e7\u00e3o de cores<\/strong><\/em><br \/>\n<em><strong>\u2022 Armazenamento interno ampliado: 128 GB em vez dos 64 GB anteriores (devido \u00e0 maior resolu\u00e7\u00e3o da c\u00e2mara)<\/strong><\/em><br \/>\n<em><strong>\u2022 Emparelhamento NFC dispon\u00edvel: Basta aproximar seu smartphone ou tablet para conectar facilmente<\/strong><\/em><br \/>\n<em><strong>\u2022 C\u00e2mara dupla: Modo teleobjetiva para o IMX585 (campo de vis\u00e3o aparente de 4,6\u00b0) \/ Modo ultra-amplo para o IMX586 (63\u00b0)<\/strong><\/em><\/p>\n<p>Chip: Sony IMX585 (Tele) + IMX586 (Wide)<br \/>\nResolu\u00e7\u00e3o do chip 3840 x 2160 (8.3 megapixels) + 8000 x 6000 (48 megapixels)<br \/>\nTamanho dos pixeis: 2.9 x 2.9 \u00b5m + 0.8 x 0.8 \u00b5m<br \/>\nTipo de objetiva: Quadruplet apocromatica<br \/>\nDi\u00e2metro da objetiva 30 mm<br \/>\nDist\u00e2ncia focal: 160 mm<br \/>\nMontagem: Azimutal computorizada GoTo<br \/>\nLiga\u00e7\u00e3o: Bluetooth \/ Wi-Fi (5 Ghz + 2,4 GHz)<br \/>\nAutonomia da bateria: 6 h<br \/>\nTemperatura ambiente : 0\u00b0C \u00e0 40\u00b0C \/ Humidade inferior a 60%<br \/>\n<strong>\u25baPeso: 1,65Kg<br \/>\n<\/strong>Dimens\u00f5es: 210x140x80mm<br \/>\nFiltro Solar incluido<\/p>\n<p>O sistema cuida das suas fotos. Voc\u00ea s\u00f3 precisa verificar as condi\u00e7\u00f5es meteorol\u00f3gicas e potenciais alvos noturnos, ent\u00e3o selecione o modo de imagem, paisagem ou observa\u00e7\u00e3o de estrelas.<br \/>\n\u00c9 assim t\u00e3o simples!<\/p>\n<p>Voc\u00ea observar\u00e1 os objetos invis\u00edveis do c\u00e9u noturno. O Seestar S30 tira fotografias e combina-as automaticamente, conforme voc\u00ea avan\u00e7a. Quanto maior o n\u00famero de fotos gravadas, mais rica e colorida ser\u00e1 a imagem resultante, revelando detalhes insuspeitos sobre objetos normalmente invis\u00edveis a olho nu.<\/p>\n<p>O instrumento \u00e9 f\u00e1cil de usar e de aprendizagem simples. O controle \u00e9 realizado por um aplicativo dedicado atrav\u00e9s do Wi-Fi ou Bluetooth integrado. O aplicativo, o GPS do seu telefone e os sensores internos ajudam a nivelar o instrumento, para inicializar o sistema e calibr\u00e1-lo no c\u00e9u.<br \/>\nVoc\u00ea n\u00e3o precisa ser um especialista; o Seestar S30 vai guia-lo por todas essas etapas.<\/p>\n<p>\u25baver no <a href=\"https:\/\/www.youtube.com\/watch?v=BEb2UyrHwfM\">youtube<\/a><\/p>\n<p>\u25ba extra:\u00a0<a href=\"https:\/\/site.astrofoto.com.pt\/welcome\/produto\/wedge-equatorial-sw\/\">wedge equatorial SW<\/a><br \/>\npara compensar rota\u00e7\u00e3o de campo<\/p>\n<p><strong>Filtros triplos para v\u00e1rios cen\u00e1rios de disparo<\/strong><br \/>\nFiltro de campo escuro: reduz automaticamente o ru\u00eddo gerado por longas exposi\u00e7\u00f5es durante a fotografia do c\u00e9u profundo.<br \/>\nFiltro de corte UV\/IR: bloqueia efetivamente a interfer\u00eancia da luz infravermelha para capturas celestiais mais n\u00edtidas.<br \/>\nFiltro de polui\u00e7\u00e3o luminosa astron\u00f3mica: otimizado para comprimentos de onda OIII e Ha, minimiza o impacto do luar e da polui\u00e7\u00e3o luminosa urbana, fornecendo imagens cristalinas de nebulosas de emiss\u00e3o.<\/p>\n<p><strong>Redu\u00e7\u00e3o inteligente de ru\u00eddo com p\u00f3s-processamento autom\u00e1tico<\/strong><br \/>\nA cria\u00e7\u00e3o de imagens com um toque, reduzindo o ru\u00eddo e preservando os detalhes do alvo, garante clareza mesmo em \u00e1reas com muita polui\u00e7\u00e3o luminosa. Voc\u00ea tamb\u00e9m pode ajustar o estilo da sua imagem de acordo com seu gosto e compartilhar sua imagem impressionante instantaneamente.<\/p>\n","protected":false},"excerpt":{"rendered":"<p>ZWO Seestar S30 PRO \u25baprevis\u00e3o de entrega: Mar\u00e7o entregas limitadas inicialmente \u25bareserve ja Depois do Seestar S50 e do S30, agora o S30 PRO! \u25ba Dupla objectiva: Tele e grande angular. Ap\u00f3s ter oferecido separadamente todos os componentes necess\u00e1rios para imagens astron\u00f3micas para o grande p\u00fablico aficionado a ZWO reuniu-os num \u00fanico instrumento. De fato,<\/p>\n<div class=\"more-link\">\n\t\t\t\t <a href=\"https:\/\/site.astrofoto.com.pt\/welcome\/produto\/zwo-seestar-s30-pro\/\" class=\"btn theme-btn inverted\"><span>Continuar a Ler <\/span><\/a>\n\t\t\t<\/div>\n","protected":false},"featured_media":10571,"comment_status":"closed","ping_status":"closed","template":"","meta":[],"product_brand":[],"product_cat":[24,67,68],"product_tag":[],"class_list":{"0":"post-10564","1":"product","2":"type-product","3":"status-publish","4":"has-post-thumbnail","6":"product_cat-fotografia-astronomica","7":"product_cat-https-site-astrofoto-com-pt-welcome-categoria-produto-novidade","8":"product_cat-wi-fi","10":"first","11":"onbackorder","12":"shipping-taxable","13":"purchasable","14":"product-type-simple"},"_links":{"self":[{"href":"https:\/\/site.astrofoto.com.pt\/welcome\/wp-json\/wp\/v2\/product\/10564","targetHints":{"allow":["GET"]}}],"collection":[{"href":"https:\/\/site.astrofoto.com.pt\/welcome\/wp-json\/wp\/v2\/product"}],"about":[{"href":"https:\/\/site.astrofoto.com.pt\/welcome\/wp-json\/wp\/v2\/types\/product"}],"replies":[{"embeddable":true,"href":"https:\/\/site.astrofoto.com.pt\/welcome\/wp-json\/wp\/v2\/comments?post=10564"}],"wp:featuredmedia":[{"embeddable":true,"href":"https:\/\/site.astrofoto.com.pt\/welcome\/wp-json\/wp\/v2\/media\/10571"}],"wp:attachment":[{"href":"https:\/\/site.astrofoto.com.pt\/welcome\/wp-json\/wp\/v2\/media?parent=10564"}],"wp:term":[{"taxonomy":"product_brand","embeddable":true,"href":"https:\/\/site.astrofoto.com.pt\/welcome\/wp-json\/wp\/v2\/product_brand?post=10564"},{"taxonomy":"product_cat","embeddable":true,"href":"https:\/\/site.astrofoto.com.pt\/welcome\/wp-json\/wp\/v2\/product_cat?post=10564"},{"taxonomy":"product_tag","embeddable":true,"href":"https:\/\/site.astrofoto.com.pt\/welcome\/wp-json\/wp\/v2\/product_tag?post=10564"}],"curies":[{"name":"wp","href":"https:\/\/api.w.org\/{rel}","templated":true}]}}