{"id":10542,"date":"2025-12-02T20:56:53","date_gmt":"2025-12-02T20:56:53","guid":{"rendered":"https:\/\/site.astrofoto.com.pt\/welcome\/?post_type=product&#038;p=10542"},"modified":"2026-02-11T14:03:44","modified_gmt":"2026-02-11T14:03:44","slug":"telescopio-sw-mak150-staradventurer-gti-wi-fi-goto","status":"publish","type":"product","link":"https:\/\/site.astrofoto.com.pt\/welcome\/produto\/telescopio-sw-mak150-staradventurer-gti-wi-fi-goto\/","title":{"rendered":"Telescopio SW Mak150 StarAdventurer GTi Wi-Fi GoTo"},"content":{"rendered":"<p><strong>Telescopio SW Mak150 StarAdventurer GTi Wi-Fi<\/strong> GoTo<\/p>\n<p>\u25baTubo Optico Alum\u00ednio<br \/>\n\u2022 Dovetail integrada + Dovetail em L<br \/>\n\u2022 Dist\u00e2ncia Focal 1800mm<br \/>\n\u2022 DiagonaL 2\u2033<br \/>\n\u2022 Adaptador 2\u2033 a 1.25\u2033<br \/>\n\u2022 Ocular LET 28mm 2\u2033<br \/>\n\u2022 Buscador 9\u00d750<br \/>\n\u2022 Peso do tubo 5.6kg<br \/>\n\u2022 Dimens\u00e3o do tubo \u00d8 183mm x 400mm<br \/>\n\u2022 Poder de resolu\u00e7\u00e3o 0.8\u2033<br \/>\n\u2022 Magnitude limite 13<\/p>\n<p>\u25baMontagem Skywatcher StarAdventurer GTi Wi-Fi GoTo Trip\u00e9<strong><br \/>\n<\/strong>\u2022 Capacidade de carga 5kg<br \/>\n\u2022 Ajuste de latitude 0\u00b0 a 70\u00b0<br \/>\n\u2022 Motoriza\u00e7\u00e3o de eixo duplo<br \/>\n\u2022 Velocidades de seguimento sideral, lunar e solar.<br \/>\n\u2022 Apontamento autom\u00e1tico: GOTO SynScan.<br \/>\n\u2022 Interfaces de controle Wi-Fi, USB (cabo opcional) e controlador de m\u00e3o SynScan (opcional)<br \/>\n\u2022 Fonte de alimenta\u00e7\u00e3o 8 baterias LR6 (n\u00e3o inclu\u00eddas) ou 12V externo<br \/>\n\u2022 Visor polar fornecido<br \/>\n\u2022 Dovetail F\u00eamea tipo Vixen<br \/>\n\u2022 Extens\u00e3o de trip\u00e9 com 21,6cm<br \/>\n\u2022 Rosca de trip\u00e9: 3\/8\u2033-16<br \/>\n\u2022 Barra de contrapeso Di\u00e2metro 20 mm, comprimento 213 mm<br \/>\n\u2022 Contrapeso de 2,3Kg<br \/>\n\u2022 Peso da montagem, excluindo contrapeso 2,6 kg<br \/>\n\u2022 Peso Total do conjunto: 14Kg<\/p>\n<p>\u25ba <a href=\"http:\/\/www.skywatcher.com\/download\/software\/\">Downloads<\/a><\/p>\n<p>\u25ba revis\u00e3o de Pedro Re: <a href=\"https:\/\/pedroreastrophotography.com\/ZWO_ASIAIR_MINI_SW_Gti_WIDE-FIELD_ASTROPHOTOGRAPHY_20250919.pdf\">VER<\/a><\/p>\n","protected":false},"excerpt":{"rendered":"<p>Telescopio SW Mak150 StarAdventurer GTi Wi-Fi GoTo \u25baTubo Optico Alum\u00ednio \u2022 Dovetail integrada + Dovetail em L \u2022 Dist\u00e2ncia Focal 1800mm \u2022 DiagonaL 2\u2033 \u2022 Adaptador 2\u2033 a 1.25\u2033 \u2022 Ocular LET 28mm 2\u2033 \u2022 Buscador 9\u00d750 \u2022 Peso do tubo 5.6kg \u2022 Dimens\u00e3o do tubo \u00d8 183mm x 400mm \u2022 Poder de resolu\u00e7\u00e3o 0.8\u2033<\/p>\n<div class=\"more-link\">\n\t\t\t\t <a href=\"https:\/\/site.astrofoto.com.pt\/welcome\/produto\/telescopio-sw-mak150-staradventurer-gti-wi-fi-goto\/\" class=\"btn theme-btn inverted\"><span>Continuar a Ler <\/span><\/a>\n\t\t\t<\/div>\n","protected":false},"featured_media":10543,"comment_status":"closed","ping_status":"closed","template":"","meta":[],"product_brand":[],"product_cat":[17,68],"product_tag":[],"class_list":{"0":"post-10542","1":"product","2":"type-product","3":"status-publish","4":"has-post-thumbnail","6":"product_cat-telescopios-catadioptricos","7":"product_cat-wi-fi","9":"first","10":"outofstock","11":"shipping-taxable","12":"purchasable","13":"product-type-simple"},"_links":{"self":[{"href":"https:\/\/site.astrofoto.com.pt\/welcome\/wp-json\/wp\/v2\/product\/10542","targetHints":{"allow":["GET"]}}],"collection":[{"href":"https:\/\/site.astrofoto.com.pt\/welcome\/wp-json\/wp\/v2\/product"}],"about":[{"href":"https:\/\/site.astrofoto.com.pt\/welcome\/wp-json\/wp\/v2\/types\/product"}],"replies":[{"embeddable":true,"href":"https:\/\/site.astrofoto.com.pt\/welcome\/wp-json\/wp\/v2\/comments?post=10542"}],"wp:featuredmedia":[{"embeddable":true,"href":"https:\/\/site.astrofoto.com.pt\/welcome\/wp-json\/wp\/v2\/media\/10543"}],"wp:attachment":[{"href":"https:\/\/site.astrofoto.com.pt\/welcome\/wp-json\/wp\/v2\/media?parent=10542"}],"wp:term":[{"taxonomy":"product_brand","embeddable":true,"href":"https:\/\/site.astrofoto.com.pt\/welcome\/wp-json\/wp\/v2\/product_brand?post=10542"},{"taxonomy":"product_cat","embeddable":true,"href":"https:\/\/site.astrofoto.com.pt\/welcome\/wp-json\/wp\/v2\/product_cat?post=10542"},{"taxonomy":"product_tag","embeddable":true,"href":"https:\/\/site.astrofoto.com.pt\/welcome\/wp-json\/wp\/v2\/product_tag?post=10542"}],"curies":[{"name":"wp","href":"https:\/\/api.w.org\/{rel}","templated":true}]}}