{"id":10469,"date":"2025-10-07T14:45:01","date_gmt":"2025-10-07T14:45:01","guid":{"rendered":"https:\/\/site.astrofoto.com.pt\/welcome\/?post_type=product&#038;p=10469"},"modified":"2025-10-07T14:45:02","modified_gmt":"2025-10-07T14:45:02","slug":"polarizador-variavel-baader-2","status":"publish","type":"product","link":"https:\/\/site.astrofoto.com.pt\/welcome\/produto\/polarizador-variavel-baader-2\/","title":{"rendered":"Polarizador Variavel Baader 2&#8243;"},"content":{"rendered":"<p><strong>Polarizador Variavel Baader 2&#8243;<\/strong><\/p>\n<p>\u2022 Filtro duplo para polariza\u00e7\u00e3o vari\u00e1vel<br \/>\n\u2022 Para enroscar por dentro das oculares de 2&#8243;<br \/>\n\u2022 Rosca macho de 48mm<\/p>\n","protected":false},"excerpt":{"rendered":"<p>Polarizador Variavel Baader 2&#8243; \u2022 Filtro duplo para polariza\u00e7\u00e3o vari\u00e1vel \u2022 Para enroscar por dentro das oculares de 2&#8243; \u2022 Rosca macho de 48mm<\/p>\n","protected":false},"featured_media":10470,"comment_status":"closed","ping_status":"closed","template":"","meta":[],"product_brand":[],"product_cat":[80],"product_tag":[],"class_list":{"0":"post-10469","1":"product","2":"type-product","3":"status-publish","4":"has-post-thumbnail","6":"product_cat-filtros","8":"first","9":"onbackorder","10":"shipping-taxable","11":"purchasable","12":"product-type-simple"},"_links":{"self":[{"href":"https:\/\/site.astrofoto.com.pt\/welcome\/wp-json\/wp\/v2\/product\/10469","targetHints":{"allow":["GET"]}}],"collection":[{"href":"https:\/\/site.astrofoto.com.pt\/welcome\/wp-json\/wp\/v2\/product"}],"about":[{"href":"https:\/\/site.astrofoto.com.pt\/welcome\/wp-json\/wp\/v2\/types\/product"}],"replies":[{"embeddable":true,"href":"https:\/\/site.astrofoto.com.pt\/welcome\/wp-json\/wp\/v2\/comments?post=10469"}],"wp:featuredmedia":[{"embeddable":true,"href":"https:\/\/site.astrofoto.com.pt\/welcome\/wp-json\/wp\/v2\/media\/10470"}],"wp:attachment":[{"href":"https:\/\/site.astrofoto.com.pt\/welcome\/wp-json\/wp\/v2\/media?parent=10469"}],"wp:term":[{"taxonomy":"product_brand","embeddable":true,"href":"https:\/\/site.astrofoto.com.pt\/welcome\/wp-json\/wp\/v2\/product_brand?post=10469"},{"taxonomy":"product_cat","embeddable":true,"href":"https:\/\/site.astrofoto.com.pt\/welcome\/wp-json\/wp\/v2\/product_cat?post=10469"},{"taxonomy":"product_tag","embeddable":true,"href":"https:\/\/site.astrofoto.com.pt\/welcome\/wp-json\/wp\/v2\/product_tag?post=10469"}],"curies":[{"name":"wp","href":"https:\/\/api.w.org\/{rel}","templated":true}]}}