{"id":10452,"date":"2025-09-24T15:28:25","date_gmt":"2025-09-24T15:28:25","guid":{"rendered":"https:\/\/site.astrofoto.com.pt\/welcome\/?post_type=product&#038;p=10452"},"modified":"2025-09-24T21:35:41","modified_gmt":"2025-09-24T21:35:41","slug":"refrator-sw-apo-150-1050-esprit-10-edx","status":"publish","type":"product","link":"https:\/\/site.astrofoto.com.pt\/welcome\/produto\/refrator-sw-apo-150-1050-esprit-10-edx\/","title":{"rendered":"Refrator SW APO 150\/1050 Esprit 150 EDX"},"content":{"rendered":"<p><strong>Refrator SW APO 150\/1050 Esprit 15<\/strong>0 EDX<\/p>\n<p><em>Projetados para o astr\u00f3nomo amador exigente! Com seu design exclusivo de tr\u00eas elementos espa\u00e7ados a ar, a aberra\u00e7\u00e3o crom\u00e1tica \u00e9 completamente controlada, proporcionando imagens com nitidez e contraste excepcionais. O &#8220;esp\u00edrito&#8221; desta linha reside em uma objetiva com tripleto ED de alta qualidade. <\/em><br \/>\n<em>Gra\u00e7as a uma lente ED central (do famoso fabricante japon\u00eas Hoya), a Sky-Watcher optou pelo melhor para oferecer \u00f3ptica de alto desempenho tanto em planeta de Ceu profundo. Al\u00e9m disso, o anel de sa\u00edda \u00e9 ajust\u00e1vel, ao contr\u00e1rio de outros fabricantes.<\/em><\/p>\n<p><em>O uso de revestimentos multicamadas em todas as superf\u00edcies limita significativamente as perdas devido \u00e0 passagem pela lente, tornando o Esprit 100EDX mais brilhante e com mais contraste do que os refratores convencionais. O revestimento &#8220;Metallic High-Transmission&#8221; (MHC) \u00e9 aplicado \u00e0s superf\u00edcies de vidro-ar, garantindo resultados impressionantes (transmiss\u00e3o pr\u00f3xima a 99,5%).<\/em><\/p>\n<p>Abertura: 150mm<br \/>\nDist\u00e2ncia Focal: 1050mm<br \/>\nRaz\u00e3o focal: f\/7<br \/>\nResolu\u00e7\u00e3o: 0,92<br \/>\nMagnitude Limite: 12,7<br \/>\nObjectiva: Triplet vidro OHARA FPL-53<br \/>\nPeso do tubo: 14,5Kg<br \/>\nComprimento do tubo: 1030mm<br \/>\nComprimento recolhido: 920mm<br \/>\nRevestimento (coating): MHTC<br \/>\nBaffles internos<br \/>\nFocador: Cremalheira Linear Power 3&#8243;c\/redu\u00e7\u00e3o 1\/11<br \/>\nRota\u00e7\u00e3o de 360\u00ba<br \/>\nSa\u00edda: 2&#8243; c\/ adaptador 1.25&#8243;<br \/>\nLiga\u00e7\u00e3o a camara: rosca de M74 1F<br \/>\nAnel T WA M48x0,75 F<br \/>\nAbertura livre: 76mm<br \/>\nDovetail tipo Losmandy<br \/>\nBra\u00e7adeiras<br \/>\nPega para transporte<br \/>\nMala rigida<\/p>\n","protected":false},"excerpt":{"rendered":"<p>Refrator SW APO 150\/1050 Esprit 150 EDX Projetados para o astr\u00f3nomo amador exigente! Com seu design exclusivo de tr\u00eas elementos espa\u00e7ados a ar, a aberra\u00e7\u00e3o crom\u00e1tica \u00e9 completamente controlada, proporcionando imagens com nitidez e contraste excepcionais. O &#8220;esp\u00edrito&#8221; desta linha reside em uma objetiva com tripleto ED de alta qualidade. Gra\u00e7as a uma lente ED<\/p>\n<div class=\"more-link\">\n\t\t\t\t <a href=\"https:\/\/site.astrofoto.com.pt\/welcome\/produto\/refrator-sw-apo-150-1050-esprit-10-edx\/\" class=\"btn theme-btn inverted\"><span>Continuar a Ler <\/span><\/a>\n\t\t\t<\/div>\n","protected":false},"featured_media":10451,"comment_status":"closed","ping_status":"closed","template":"","meta":[],"product_brand":[],"product_cat":[67,96,16],"product_tag":[],"class_list":{"0":"post-10452","1":"product","2":"type-product","3":"status-publish","4":"has-post-thumbnail","6":"product_cat-https-site-astrofoto-com-pt-welcome-categoria-produto-novidade","7":"product_cat-sw_edx","8":"product_cat-telescopios-refractores","10":"first","11":"instock","12":"sale","13":"shipping-taxable","14":"purchasable","15":"product-type-simple"},"_links":{"self":[{"href":"https:\/\/site.astrofoto.com.pt\/welcome\/wp-json\/wp\/v2\/product\/10452","targetHints":{"allow":["GET"]}}],"collection":[{"href":"https:\/\/site.astrofoto.com.pt\/welcome\/wp-json\/wp\/v2\/product"}],"about":[{"href":"https:\/\/site.astrofoto.com.pt\/welcome\/wp-json\/wp\/v2\/types\/product"}],"replies":[{"embeddable":true,"href":"https:\/\/site.astrofoto.com.pt\/welcome\/wp-json\/wp\/v2\/comments?post=10452"}],"wp:featuredmedia":[{"embeddable":true,"href":"https:\/\/site.astrofoto.com.pt\/welcome\/wp-json\/wp\/v2\/media\/10451"}],"wp:attachment":[{"href":"https:\/\/site.astrofoto.com.pt\/welcome\/wp-json\/wp\/v2\/media?parent=10452"}],"wp:term":[{"taxonomy":"product_brand","embeddable":true,"href":"https:\/\/site.astrofoto.com.pt\/welcome\/wp-json\/wp\/v2\/product_brand?post=10452"},{"taxonomy":"product_cat","embeddable":true,"href":"https:\/\/site.astrofoto.com.pt\/welcome\/wp-json\/wp\/v2\/product_cat?post=10452"},{"taxonomy":"product_tag","embeddable":true,"href":"https:\/\/site.astrofoto.com.pt\/welcome\/wp-json\/wp\/v2\/product_tag?post=10452"}],"curies":[{"name":"wp","href":"https:\/\/api.w.org\/{rel}","templated":true}]}}