{"id":10437,"date":"2025-09-24T14:39:52","date_gmt":"2025-09-24T14:39:52","guid":{"rendered":"https:\/\/site.astrofoto.com.pt\/welcome\/?post_type=product&#038;p=10437"},"modified":"2025-09-24T14:47:12","modified_gmt":"2025-09-24T14:47:12","slug":"refrator-sw-apo-150-1200-evostar-150-edx","status":"publish","type":"product","link":"https:\/\/site.astrofoto.com.pt\/welcome\/produto\/refrator-sw-apo-150-1200-evostar-150-edx\/","title":{"rendered":"Refrator SW APO 150\/1200 Evostar 150 EDX"},"content":{"rendered":"<p><strong>Refrator SW APO 150\/1200 Evostar 150 E<\/strong>DX<\/p>\n<p><em>A Sky-Watcher oferece a linha EvoStar EDX de 80 a 150mm para atender a uma ampla gama de necessidades Tanto em visual como em fotografia O EvoStar 150EDX tem di\u00e2metro grande e \u00e9 voltado para amadores que buscam um instrumento vers\u00e1til: tanto para observa\u00e7\u00e3o de planetas quanto para fotografia do c\u00e9u profundo. Gra\u00e7as \u00e0 sua raz\u00e3o focal de f\/8\u00a0 permite a pr\u00e1tica da astrofotografia. <\/em><br \/>\n<em>Nebulosas e gal\u00e1xias ser\u00e3o bem vindas. Sua alta qualidade \u00f3ptica, gra\u00e7as \u00e0 boa corre\u00e7\u00e3o do cromatismo permite uma boa observa\u00e7\u00e3o de Lua, J\u00fapiter e Saturno.<\/em><\/p>\n<p>Abertura: 150mm<br \/>\nDist\u00e2ncia Focal: 1200mm<br \/>\nRaz\u00e3o focal: f\/8<br \/>\nResolu\u00e7\u00e3o: 0,92<br \/>\nMagnitude Limite: 12,2<br \/>\nObjetiva: vidro OHARA FPL-53<br \/>\nPeso do tubo: 9,7Kg<br \/>\nComprimento do tubo: 1250mm<br \/>\nComprimento recolhido: 1067mm<br \/>\nRevestimento (coating): MHTC<br \/>\nBaffles internos<br \/>\nFocador: Crayford c\/ redu\u00e7\u00e3o 1\/11<br \/>\nRota\u00e7\u00e3o de 360\u00ba<br \/>\nSa\u00edda: 2&#8243; c\/ adaptador 1.25&#8243;<br \/>\nLiga\u00e7\u00e3o a camara: rosca de 56mm<br \/>\nAbertura livre: 76mm<br \/>\nDovetail tipo vixen\/SW<br \/>\nBra\u00e7adeiras<br \/>\nPega para transporte<br \/>\nMala rigida<\/p>\n","protected":false},"excerpt":{"rendered":"<p>Refrator SW APO 150\/1200 Evostar 150 EDX A Sky-Watcher oferece a linha EvoStar EDX de 80 a 150mm para atender a uma ampla gama de necessidades Tanto em visual como em fotografia O EvoStar 150EDX tem di\u00e2metro grande e \u00e9 voltado para amadores que buscam um instrumento vers\u00e1til: tanto para observa\u00e7\u00e3o de planetas quanto para<\/p>\n<div class=\"more-link\">\n\t\t\t\t <a href=\"https:\/\/site.astrofoto.com.pt\/welcome\/produto\/refrator-sw-apo-150-1200-evostar-150-edx\/\" class=\"btn theme-btn inverted\"><span>Continuar a Ler <\/span><\/a>\n\t\t\t<\/div>\n","protected":false},"featured_media":10438,"comment_status":"closed","ping_status":"closed","template":"","meta":[],"product_brand":[],"product_cat":[67,16],"product_tag":[],"class_list":{"0":"post-10437","1":"product","2":"type-product","3":"status-publish","4":"has-post-thumbnail","6":"product_cat-https-site-astrofoto-com-pt-welcome-categoria-produto-novidade","7":"product_cat-telescopios-refractores","9":"first","10":"onbackorder","11":"sale","12":"shipping-taxable","13":"purchasable","14":"product-type-simple"},"_links":{"self":[{"href":"https:\/\/site.astrofoto.com.pt\/welcome\/wp-json\/wp\/v2\/product\/10437","targetHints":{"allow":["GET"]}}],"collection":[{"href":"https:\/\/site.astrofoto.com.pt\/welcome\/wp-json\/wp\/v2\/product"}],"about":[{"href":"https:\/\/site.astrofoto.com.pt\/welcome\/wp-json\/wp\/v2\/types\/product"}],"replies":[{"embeddable":true,"href":"https:\/\/site.astrofoto.com.pt\/welcome\/wp-json\/wp\/v2\/comments?post=10437"}],"wp:featuredmedia":[{"embeddable":true,"href":"https:\/\/site.astrofoto.com.pt\/welcome\/wp-json\/wp\/v2\/media\/10438"}],"wp:attachment":[{"href":"https:\/\/site.astrofoto.com.pt\/welcome\/wp-json\/wp\/v2\/media?parent=10437"}],"wp:term":[{"taxonomy":"product_brand","embeddable":true,"href":"https:\/\/site.astrofoto.com.pt\/welcome\/wp-json\/wp\/v2\/product_brand?post=10437"},{"taxonomy":"product_cat","embeddable":true,"href":"https:\/\/site.astrofoto.com.pt\/welcome\/wp-json\/wp\/v2\/product_cat?post=10437"},{"taxonomy":"product_tag","embeddable":true,"href":"https:\/\/site.astrofoto.com.pt\/welcome\/wp-json\/wp\/v2\/product_tag?post=10437"}],"curies":[{"name":"wp","href":"https:\/\/api.w.org\/{rel}","templated":true}]}}