{"id":10410,"date":"2025-09-11T15:34:57","date_gmt":"2025-09-11T15:34:57","guid":{"rendered":"https:\/\/site.astrofoto.com.pt\/welcome\/?post_type=product&#038;p=10410"},"modified":"2025-09-12T17:29:44","modified_gmt":"2025-09-12T17:29:44","slug":"montagem-equatorial-azimutal-zwo-am5-n-tripe","status":"publish","type":"product","link":"https:\/\/site.astrofoto.com.pt\/welcome\/produto\/montagem-equatorial-azimutal-zwo-am5-n-tripe\/","title":{"rendered":"Montagem Equatorial\/Azimutal ZWO AM5 N com trip\u00e9"},"content":{"rendered":"<p><strong>Montagem Equatorial\/Azimutal ZWO AM5 N com tripe<\/strong><\/p>\n<p>Nova vers\u00e3o &#8220;N&#8221;<br \/>\n\u25baver no <a href=\"https:\/\/www.youtube.com\/watch?v=qRnIsxbHMJc\">youtube<\/a><\/p>\n<p><em>\u25baUtiliza tecnologia de motor de acionamento harm\u00f3nico, comprovada e amplamente utilizada em rob\u00f3tica e aeron\u00e1utica, baseada no uso de caixas de engrenagens el\u00edpticas e correias s\u00edncronas. A montagem AM5 oferece assim uma impressionante capacidade de carga de 15 kg sem a utiliza\u00e7\u00e3o de contrapesos (20 kg utilizando contrapesos adicionais) para um peso de apenas 5,5 kg. A AM5 pode ser colocada em posi\u00e7\u00e3o azimutal ou equatorial, dependendo da necessidade. Pode ser controlado de 3 maneiras diferentes: com um painel de controle, atrav\u00e9s de um aplicativo de smartphone ou diretamente pelo computador.<\/em><br \/>\n\u2666 Suporta telesc\u00f3pios de at\u00e9 15 kg sem contrapeso e telesc\u00f3pios de at\u00e9 20 kg com contrapeso (contrapeso e veio de contrapeso s\u00e3o opcionais).<br \/>\n\u2666 Pode ser usado no modo equatorial para astrofotografia e no modo azimutal para observa\u00e7\u00e3o visual<br \/>\n\u2666 O controlador port\u00e1til e o aplicativo para controle est\u00e3o inclu\u00eddos &#8211; n\u00e3o s\u00e3o precisos cabos gra\u00e7as ao WiFi<br \/>\n\u2666 Projetado para astrofotografia com alta precis\u00e3o de seguimento &#8211; cada montagem \u00e9 testada com precis\u00e3o pela ZWO antes da entrega.<br \/>\n\u2666 Interface ST-4 para exposi\u00e7\u00f5es de longa dura\u00e7\u00e3o com guiagem<br \/>\n\u2666 O suporte pode ser usado em qualquer ponto da terra, do equador aos p\u00f3los<br \/>\n\u2666 GoTo, Live Preview e muito mais facilmente control\u00e1vel via smartphone &#8211; ideal tamb\u00e9m para ASIAIR<br \/>\n\u2666 Compat\u00edvel com ASCOM (protocolo LX200)<br \/>\n\u2666 Caixa de m\u00e3o compacta para STeuering sem fio inclu\u00edda na entrega<br \/>\n\u2666 Ajuste de altitude est\u00e1vel com ajuste fino em azimute e eleva\u00e7\u00e3o para alinhamento polar preciso<\/p>\n<p>\u2022 Modo de opera\u00e7\u00e3o: Equatorial ou altazimutal<br \/>\n\u2022 Motor: Harmonic Drive<br \/>\n\u2022 Erro peri\u00f3dico: <strong>menos de +\/- 10&#8243;<\/strong> &#8211; durante 288 segundos<br \/>\n\u2022 Motor RA: Motor de passos NEMA 14 com redutor eliptico + correia s\u00edncrona + freio<br \/>\n\u2022 Motor Dec:\u00a0 Motor de passos NEMA 14 com redutor eliptico + correia s\u00edncrona<br \/>\n\u2022 Capacidade M\u00e1xima: 13kg sem contrapesos &#8211; 20kg com contrapesos<br \/>\n\u2022 Peso da montagem:: 5,5kg<br \/>\n\u2022 Amplitude de trabalho: latitude 0\u00b0 a 90\u00b0 norte \/ sul<br \/>\n\u2022 Encaixe para dovetails: Losmandy e Vixen<br \/>\n\u2022 Liga\u00e7\u00e3o a veio de contrapesos: rosca M12 femea<br \/>\n\u2022 Velocidade maxima de acerto: 6\u00b0 por segundo<br \/>\n\u2022 Velocidades: 0.5x, 1x, 2x, 4x, 8x, 20x, 60x, 720x e 1440x<br \/>\n\u2022 Alimenta\u00e7\u00e3o: 12V &#8211; max 1.5A (com GoTo)<br \/>\n\u2022 Guiagem: porta ST4<br \/>\n\u2022 Interfaces: USB \/ Wi-Fi \/ Bluetooth \/ saida USBC<\/p>\n<p>\u25ba<strong>Trip\u00e9 ZWO TC40<\/strong><br \/>\nPernas em fibra de carbono<br \/>\nPeso: 2,3Kg<br \/>\nCarga m\u00e1xima: 50Kg<br \/>\nTamanho recolhido: 50cm<br \/>\nTamanho m\u00e1ximo: 80cm<br \/>\n\u25bacompatibilidade com marcas como iOptron, Sky-Watcher ou Rainbow Astro<\/p>\n<p>&nbsp;<\/p>\n","protected":false},"excerpt":{"rendered":"<p>Montagem Equatorial\/Azimutal ZWO AM5 N com tripe Nova vers\u00e3o &#8220;N&#8221; \u25baver no youtube \u25baUtiliza tecnologia de motor de acionamento harm\u00f3nico, comprovada e amplamente utilizada em rob\u00f3tica e aeron\u00e1utica, baseada no uso de caixas de engrenagens el\u00edpticas e correias s\u00edncronas. A montagem AM5 oferece assim uma impressionante capacidade de carga de 15 kg sem a utiliza\u00e7\u00e3o<\/p>\n<div class=\"more-link\">\n\t\t\t\t <a href=\"https:\/\/site.astrofoto.com.pt\/welcome\/produto\/montagem-equatorial-azimutal-zwo-am5-n-tripe\/\" class=\"btn theme-btn inverted\"><span>Continuar a Ler <\/span><\/a>\n\t\t\t<\/div>\n","protected":false},"featured_media":10403,"comment_status":"closed","ping_status":"closed","template":"","meta":[],"product_brand":[],"product_cat":[79,67,68],"product_tag":[],"class_list":{"0":"post-10410","1":"product","2":"type-product","3":"status-publish","4":"has-post-thumbnail","6":"product_cat-montagens-goto","7":"product_cat-https-site-astrofoto-com-pt-welcome-categoria-produto-novidade","8":"product_cat-wi-fi","10":"first","11":"onbackorder","12":"shipping-taxable","13":"purchasable","14":"product-type-simple"},"_links":{"self":[{"href":"https:\/\/site.astrofoto.com.pt\/welcome\/wp-json\/wp\/v2\/product\/10410","targetHints":{"allow":["GET"]}}],"collection":[{"href":"https:\/\/site.astrofoto.com.pt\/welcome\/wp-json\/wp\/v2\/product"}],"about":[{"href":"https:\/\/site.astrofoto.com.pt\/welcome\/wp-json\/wp\/v2\/types\/product"}],"replies":[{"embeddable":true,"href":"https:\/\/site.astrofoto.com.pt\/welcome\/wp-json\/wp\/v2\/comments?post=10410"}],"wp:featuredmedia":[{"embeddable":true,"href":"https:\/\/site.astrofoto.com.pt\/welcome\/wp-json\/wp\/v2\/media\/10403"}],"wp:attachment":[{"href":"https:\/\/site.astrofoto.com.pt\/welcome\/wp-json\/wp\/v2\/media?parent=10410"}],"wp:term":[{"taxonomy":"product_brand","embeddable":true,"href":"https:\/\/site.astrofoto.com.pt\/welcome\/wp-json\/wp\/v2\/product_brand?post=10410"},{"taxonomy":"product_cat","embeddable":true,"href":"https:\/\/site.astrofoto.com.pt\/welcome\/wp-json\/wp\/v2\/product_cat?post=10410"},{"taxonomy":"product_tag","embeddable":true,"href":"https:\/\/site.astrofoto.com.pt\/welcome\/wp-json\/wp\/v2\/product_tag?post=10410"}],"curies":[{"name":"wp","href":"https:\/\/api.w.org\/{rel}","templated":true}]}}