{"id":10395,"date":"2025-08-31T22:15:07","date_gmt":"2025-08-31T22:15:07","guid":{"rendered":"https:\/\/site.astrofoto.com.pt\/welcome\/?post_type=product&#038;p=10395"},"modified":"2025-08-31T22:20:37","modified_gmt":"2025-08-31T22:20:37","slug":"telescopio-meade-lx200-classico-10-usado","status":"publish","type":"product","link":"https:\/\/site.astrofoto.com.pt\/welcome\/produto\/telescopio-meade-lx200-classico-10-usado\/","title":{"rendered":"Telescopio Meade LX200 Classico 10&#8243; usado"},"content":{"rendered":"<p><strong>Telescopio Meade LX200 Classico 10&#8243; usado<br \/>\n<\/strong><em>\u25baAs negocia\u00e7\u00f5es ser\u00e3o diretas entre vendedor e comprador<br \/>\nApenas garantimos o estado do equipamento e, neste caso, a idoneidade do vendedor.<br \/>\n\u25baN\u00e3o\u00a0 efetue pagamentos antes da conclus\u00e3o das negocia\u00e7\u00f5es.<\/em><strong><br \/>\n<\/strong><\/p>\n<p>\u2022 Scmidt Cassegrain 10&#8243; f\/10<br \/>\n\u2022 Abertura: 254mm<br \/>\n\u2022 Dist\u00e2ncia focal: 2.500mm<br \/>\n\u2022 Sistema de busca e seguimento<br \/>\n\u2022 Base de dados com mais de 64.000 objectos<br \/>\n\u2022 Controle SmartDrive com 9 velocidades<br \/>\n\u2022 Buscador 8x50mm<br \/>\n\u2022 Alimenta\u00e7\u00e3o : 18V<br \/>\n\u2022 Trip\u00e9 em a\u00e7o<\/p>\n<p>&nbsp;<\/p>\n<p>&nbsp;<\/p>\n<p>*AM<\/p>\n<p>&nbsp;<\/p>\n","protected":false},"excerpt":{"rendered":"<p>Telescopio Meade LX200 Classico 10&#8243; usado \u25baAs negocia\u00e7\u00f5es ser\u00e3o diretas entre vendedor e comprador Apenas garantimos o estado do equipamento e, neste caso, a idoneidade do vendedor. \u25baN\u00e3o\u00a0 efetue pagamentos antes da conclus\u00e3o das negocia\u00e7\u00f5es. \u2022 Scmidt Cassegrain 10&#8243; f\/10 \u2022 Abertura: 254mm \u2022 Dist\u00e2ncia focal: 2.500mm \u2022 Sistema de busca e seguimento \u2022 Base<\/p>\n<div class=\"more-link\">\n\t\t\t\t <a href=\"https:\/\/site.astrofoto.com.pt\/welcome\/produto\/telescopio-meade-lx200-classico-10-usado\/\" class=\"btn theme-btn inverted\"><span>Continuar a Ler <\/span><\/a>\n\t\t\t<\/div>\n","protected":false},"featured_media":10396,"comment_status":"closed","ping_status":"closed","template":"","meta":[],"product_brand":[],"product_cat":[17,46],"product_tag":[],"class_list":{"0":"post-10395","1":"product","2":"type-product","3":"status-publish","4":"has-post-thumbnail","6":"product_cat-telescopios-catadioptricos","7":"product_cat-usados","9":"first","10":"onbackorder","11":"sale","12":"shipping-taxable","13":"purchasable","14":"product-type-simple"},"_links":{"self":[{"href":"https:\/\/site.astrofoto.com.pt\/welcome\/wp-json\/wp\/v2\/product\/10395","targetHints":{"allow":["GET"]}}],"collection":[{"href":"https:\/\/site.astrofoto.com.pt\/welcome\/wp-json\/wp\/v2\/product"}],"about":[{"href":"https:\/\/site.astrofoto.com.pt\/welcome\/wp-json\/wp\/v2\/types\/product"}],"replies":[{"embeddable":true,"href":"https:\/\/site.astrofoto.com.pt\/welcome\/wp-json\/wp\/v2\/comments?post=10395"}],"wp:featuredmedia":[{"embeddable":true,"href":"https:\/\/site.astrofoto.com.pt\/welcome\/wp-json\/wp\/v2\/media\/10396"}],"wp:attachment":[{"href":"https:\/\/site.astrofoto.com.pt\/welcome\/wp-json\/wp\/v2\/media?parent=10395"}],"wp:term":[{"taxonomy":"product_brand","embeddable":true,"href":"https:\/\/site.astrofoto.com.pt\/welcome\/wp-json\/wp\/v2\/product_brand?post=10395"},{"taxonomy":"product_cat","embeddable":true,"href":"https:\/\/site.astrofoto.com.pt\/welcome\/wp-json\/wp\/v2\/product_cat?post=10395"},{"taxonomy":"product_tag","embeddable":true,"href":"https:\/\/site.astrofoto.com.pt\/welcome\/wp-json\/wp\/v2\/product_tag?post=10395"}],"curies":[{"name":"wp","href":"https:\/\/api.w.org\/{rel}","templated":true}]}}