{"id":10356,"date":"2025-07-29T15:42:12","date_gmt":"2025-07-29T15:42:12","guid":{"rendered":"https:\/\/site.astrofoto.com.pt\/welcome\/?post_type=product&#038;p=10356"},"modified":"2025-07-29T15:47:57","modified_gmt":"2025-07-29T15:47:57","slug":"ocular-baader-hyperion-mark-iv-2-8-24mm-zoom-kit","status":"publish","type":"product","link":"https:\/\/site.astrofoto.com.pt\/welcome\/produto\/ocular-baader-hyperion-mark-iv-2-8-24mm-zoom-kit\/","title":{"rendered":"Ocular Baader Hyperion Mark IV 2&#8243; 8-24mm zoom Kit"},"content":{"rendered":"<p><a href=\"http:\/\/site.astrofoto.com.pt\/welcome\/wp-content\/uploads\/2017\/01\/BaaderHyperionMarkIV8-24a.jpg\"><img fetchpriority=\"high\" decoding=\"async\" class=\"alignleft size-full wp-image-4333\" src=\"http:\/\/site.astrofoto.com.pt\/welcome\/wp-content\/uploads\/2017\/01\/BaaderHyperionMarkIV8-24a.jpg\" alt=\"\" width=\"300\" height=\"300\" srcset=\"https:\/\/site.astrofoto.com.pt\/welcome\/wp-content\/uploads\/2017\/01\/BaaderHyperionMarkIV8-24a.jpg 300w, https:\/\/site.astrofoto.com.pt\/welcome\/wp-content\/uploads\/2017\/01\/BaaderHyperionMarkIV8-24a-100x100.jpg 100w, https:\/\/site.astrofoto.com.pt\/welcome\/wp-content\/uploads\/2017\/01\/BaaderHyperionMarkIV8-24a-150x150.jpg 150w\" sizes=\"(max-width: 300px) 100vw, 300px\" \/><\/a><strong>Ocular Baader Hyperion Mark IV 2&#8243; &amp; 1.25&#8243;8-24mm zoom Kit com barlow<\/strong><\/p>\n<p>\u2022 Distancia focal: zoom 8-24mm<br \/>\n\u2022 Campo de vista aparente: 68\u00ba (24mm: 48\u00b0; 8mm: 68\u00b0)<br \/>\n\u2022 Eye relief: 19mm<br \/>\n\u2022 Numero de elementos: 7<br \/>\n\u2022 Numero de grupos: 4<br \/>\n\u2022 Barril da ocular: 2\u2033 e 1\/25\u2033<br \/>\n\u2022 Lado da c\u00e2mara: M43<br \/>\n\u2022 Revestimento: multicoated<br \/>\n\u2022 Tipo de constru\u00e7\u00e3o: SWA<\/p>\n<p>\u25ba <span class=\"VIiyi\" lang=\"pt\"><span class=\"JLqJ4b ChMk0b\" data-language-for-alternatives=\"pt\" data-language-to-translate-into=\"en\" data-phrase-index=\"3\" data-number-of-phrases=\"10\">lado da c\u00e2mara &#8211; rosca de adaptador de c\u00e2mara \/ v\u00eddeo M43 para fotografia de proje\u00e7\u00e3o afocal<\/span><\/span><\/p>\n<p><span class=\"VIiyi\" lang=\"pt\"><span class=\"JLqJ4b ChMk0b\" data-language-for-alternatives=\"pt\" data-language-to-translate-into=\"en\" data-phrase-index=\"5\" data-number-of-phrases=\"10\">\u25ba inclui Barlow\u00a0 Baader Hyperion Zoom\u00a0 de 2,25x<\/span><\/span><\/p>\n","protected":false},"excerpt":{"rendered":"<p>Ocular Baader Hyperion Mark IV 2&#8243; &amp; 1.25&#8243;8-24mm zoom Kit com barlow \u2022 Distancia focal: zoom 8-24mm \u2022 Campo de vista aparente: 68\u00ba (24mm: 48\u00b0; 8mm: 68\u00b0) \u2022 Eye relief: 19mm \u2022 Numero de elementos: 7 \u2022 Numero de grupos: 4 \u2022 Barril da ocular: 2\u2033 e 1\/25\u2033 \u2022 Lado da c\u00e2mara: M43 \u2022 Revestimento:<\/p>\n<div class=\"more-link\">\n\t\t\t\t <a href=\"https:\/\/site.astrofoto.com.pt\/welcome\/produto\/ocular-baader-hyperion-mark-iv-2-8-24mm-zoom-kit\/\" class=\"btn theme-btn inverted\"><span>Continuar a Ler <\/span><\/a>\n\t\t\t<\/div>\n","protected":false},"featured_media":4333,"comment_status":"closed","ping_status":"closed","template":"","meta":[],"product_brand":[],"product_cat":[23],"product_tag":[],"class_list":{"0":"post-10356","1":"product","2":"type-product","3":"status-publish","4":"has-post-thumbnail","6":"product_cat-oculares","8":"first","9":"onbackorder","10":"shipping-taxable","11":"purchasable","12":"product-type-simple"},"_links":{"self":[{"href":"https:\/\/site.astrofoto.com.pt\/welcome\/wp-json\/wp\/v2\/product\/10356","targetHints":{"allow":["GET"]}}],"collection":[{"href":"https:\/\/site.astrofoto.com.pt\/welcome\/wp-json\/wp\/v2\/product"}],"about":[{"href":"https:\/\/site.astrofoto.com.pt\/welcome\/wp-json\/wp\/v2\/types\/product"}],"replies":[{"embeddable":true,"href":"https:\/\/site.astrofoto.com.pt\/welcome\/wp-json\/wp\/v2\/comments?post=10356"}],"wp:featuredmedia":[{"embeddable":true,"href":"https:\/\/site.astrofoto.com.pt\/welcome\/wp-json\/wp\/v2\/media\/4333"}],"wp:attachment":[{"href":"https:\/\/site.astrofoto.com.pt\/welcome\/wp-json\/wp\/v2\/media?parent=10356"}],"wp:term":[{"taxonomy":"product_brand","embeddable":true,"href":"https:\/\/site.astrofoto.com.pt\/welcome\/wp-json\/wp\/v2\/product_brand?post=10356"},{"taxonomy":"product_cat","embeddable":true,"href":"https:\/\/site.astrofoto.com.pt\/welcome\/wp-json\/wp\/v2\/product_cat?post=10356"},{"taxonomy":"product_tag","embeddable":true,"href":"https:\/\/site.astrofoto.com.pt\/welcome\/wp-json\/wp\/v2\/product_tag?post=10356"}],"curies":[{"name":"wp","href":"https:\/\/api.w.org\/{rel}","templated":true}]}}