{"id":10338,"date":"2025-07-03T12:11:35","date_gmt":"2025-07-03T12:11:35","guid":{"rendered":"https:\/\/site.astrofoto.com.pt\/welcome\/?post_type=product&#038;p=10338"},"modified":"2025-07-03T13:50:36","modified_gmt":"2025-07-03T13:50:36","slug":"suporte-de-adaptacao-eaf-a-c11","status":"publish","type":"product","link":"https:\/\/site.astrofoto.com.pt\/welcome\/produto\/suporte-de-adaptacao-eaf-a-c11\/","title":{"rendered":"Suporte de adapta\u00e7\u00e3o EAF a C11"},"content":{"rendered":"<p><strong>Suporte de adapta\u00e7\u00e3o EAF a C11<\/strong><\/p>\n<div class=\"ng-scope ng-isolate-scope c-cs-grab\">\n<div class=\"c-app-product-tabs__description ng-scope\">\n<ul class=\"ng-scope\">\n<li>Suporte de fixa\u00e7\u00e3o do ZWO EAF com adaptador<\/li>\n<li>Unicamente para Celestron C11<\/li>\n<li>Constru\u00e7\u00e3o s\u00f3lida em aluminio<\/li>\n<li>Parafusos incluidos<\/li>\n<\/ul>\n<p>\u25baUm sistema de montagem simples de instalar<br \/>\nPara montar o focador ZWO EAF, \u00e9 necess\u00e1rio um adaptador devido ao n\u00famero de montagens de focadores dispon\u00edveis (n\u00e3o h\u00e1 um padr\u00e3o para este componente em equipamentos astron\u00f3micos). Para usadores de telesc\u00f3pios Celestron C11 e C14 (280 e 355 mm), a ZWO oferece um suporte de montagem especial. Ele consiste simplesmente em um acoplador de eixo que se fixa no lugar da roda do focador na parte traseira do tubo \u00f3ptico e um suporte em forma de U para fixar o EAF. Parafusos s\u00e3o fornecidos para fixar os v\u00e1rios componentes juntos. Ambas as pe\u00e7as s\u00e3o feitas de alum\u00ednio anodizado e usinado em CNC.<\/p>\n<\/div>\n<\/div>\n","protected":false},"excerpt":{"rendered":"<p>Suporte de adapta\u00e7\u00e3o EAF a C11 Suporte de fixa\u00e7\u00e3o do ZWO EAF com adaptador Unicamente para Celestron C11 Constru\u00e7\u00e3o s\u00f3lida em aluminio Parafusos incluidos \u25baUm sistema de montagem simples de instalar Para montar o focador ZWO EAF, \u00e9 necess\u00e1rio um adaptador devido ao n\u00famero de montagens de focadores dispon\u00edveis (n\u00e3o h\u00e1 um padr\u00e3o para este<\/p>\n<div class=\"more-link\">\n\t\t\t\t <a href=\"https:\/\/site.astrofoto.com.pt\/welcome\/produto\/suporte-de-adaptacao-eaf-a-c11\/\" class=\"btn theme-btn inverted\"><span>Continuar a Ler <\/span><\/a>\n\t\t\t<\/div>\n","protected":false},"featured_media":9507,"comment_status":"closed","ping_status":"closed","template":"","meta":[],"product_brand":[],"product_cat":[51],"product_tag":[],"class_list":{"0":"post-10338","1":"product","2":"type-product","3":"status-publish","4":"has-post-thumbnail","6":"product_cat-acessorios-para-telescopios","8":"first","9":"onbackorder","10":"shipping-taxable","11":"purchasable","12":"product-type-simple"},"_links":{"self":[{"href":"https:\/\/site.astrofoto.com.pt\/welcome\/wp-json\/wp\/v2\/product\/10338","targetHints":{"allow":["GET"]}}],"collection":[{"href":"https:\/\/site.astrofoto.com.pt\/welcome\/wp-json\/wp\/v2\/product"}],"about":[{"href":"https:\/\/site.astrofoto.com.pt\/welcome\/wp-json\/wp\/v2\/types\/product"}],"replies":[{"embeddable":true,"href":"https:\/\/site.astrofoto.com.pt\/welcome\/wp-json\/wp\/v2\/comments?post=10338"}],"wp:featuredmedia":[{"embeddable":true,"href":"https:\/\/site.astrofoto.com.pt\/welcome\/wp-json\/wp\/v2\/media\/9507"}],"wp:attachment":[{"href":"https:\/\/site.astrofoto.com.pt\/welcome\/wp-json\/wp\/v2\/media?parent=10338"}],"wp:term":[{"taxonomy":"product_brand","embeddable":true,"href":"https:\/\/site.astrofoto.com.pt\/welcome\/wp-json\/wp\/v2\/product_brand?post=10338"},{"taxonomy":"product_cat","embeddable":true,"href":"https:\/\/site.astrofoto.com.pt\/welcome\/wp-json\/wp\/v2\/product_cat?post=10338"},{"taxonomy":"product_tag","embeddable":true,"href":"https:\/\/site.astrofoto.com.pt\/welcome\/wp-json\/wp\/v2\/product_tag?post=10338"}],"curies":[{"name":"wp","href":"https:\/\/api.w.org\/{rel}","templated":true}]}}