{"id":10331,"date":"2025-06-20T17:06:52","date_gmt":"2025-06-20T17:06:52","guid":{"rendered":"https:\/\/site.astrofoto.com.pt\/welcome\/?post_type=product&#038;p=10331"},"modified":"2025-07-03T13:03:10","modified_gmt":"2025-07-03T13:03:10","slug":"zwo-eaf-motofocus-usb-c","status":"publish","type":"product","link":"https:\/\/site.astrofoto.com.pt\/welcome\/produto\/zwo-eaf-motofocus-usb-c\/","title":{"rendered":"ZWO EAF N MotoFocus USB C"},"content":{"rendered":"<p><strong>ZWO EAF N MotoFocus USB C<\/strong><\/p>\n<p>\u25baO motofocus do ZWO permite o foco motorizado preciso do seu telesc\u00f3pio para astrofotografia e observa\u00e7\u00e3o.<\/p>\n<p>\u2666 Novo: Fonte de alimenta\u00e7\u00e3o via USB &#8211; tamb\u00e9m funciona via computador ou ASIAIR<br \/>\n\u2666 Pode mover facilmente at\u00e9 5 kg<br \/>\n\u2666 ASCOM, ASIAIR e INDI s\u00e3o suportados<br \/>\n\u2666 ZWO EAF funciona com todos os softwares de captura<br \/>\n\u2666 Controle o foco via smartphone ou tablet<br \/>\n\u2666 Com placa de conex\u00e3o vers\u00e1til para todos os focalizadores comuns, por exemplo, de TS-Optics, Astro Tech, Feather Touch &#8230;<br \/>\n\u2666 Vers\u00e3o padr\u00e3o com foco do motor, barramento flex\u00edvel e cabo USB 2.0 (Tamb\u00e9m usado para alimenta\u00e7\u00e3o)<br \/>\n\u2666 Se voc\u00ea precisa de um controlador manual e um sensor de temperatura, voc\u00ea deve optar pelo ZWO-EAF-A.<\/p>\n<p>\u2022 Dimens\u00f5es: 59x52x41 mm<br \/>\n\u2022 Motor: Motor de passos &#8211; 5760 passos<br \/>\n\u2022 Alimenta\u00e7\u00e3o: 5 V via USB<br \/>\n\u2022 Saida de dados: USB C<br \/>\n\u2022 Peso: 277gr<br \/>\n\u2022 Capacidade: At\u00e9 5 kg<br \/>\n\u2022 Temperatura de opera\u00e7\u00e3o: -5\u00b0C a +50\u00b0C<\/p>\n<p>\u25baZWO 5V EAF Motofocus com liga\u00e7\u00e3o USB<br \/>\nEsta unidade de focagem motorizada permite uma focagem precisa. O controle remoto tamb\u00e9m pode ser feito via smartphone ou tablet porque o EAF suporta ASIAIR e ASCOM. O controle tamb\u00e9m pode ser feito via PC ou laptop. Como alternativa, h\u00e1 tamb\u00e9m um comando manuel para controle local.<\/p>\n<p>\u25baA placa de adapta\u00e7\u00e3o vers\u00e1til permite que seja ligado a telesc\u00f3pios TS-Optics, SharpStar, Astro Tech, Starlight Feather Touch e muitos mais.<\/p>\n<p>A mudan\u00e7a mais importante do 5V EAF \u00e9 que a alimenta\u00e7\u00e3o de 12 V foi removida. Agora voc\u00ea pode ligar o EAF diretamente \u00e0 sua c\u00e2mara, laptop ou ASIAIR PRO atrav\u00e9s da porta e cabo USB 2.0 para transfer\u00eancia de dados e alimenta\u00e7\u00e3o. Isso torna a gest\u00e3o de cabos muito mais f\u00e1cil.<\/p>\n<p><strong>\u25baCompatibilidade<\/strong><br \/>\nZWO est\u00e1 constantemente expandindo a lista de focadores que s\u00e3o diretamente compat\u00edveis com o motofocus EAF. Aqui est\u00e1 o link para a lista de focadores no site da ZWO: <em><a href=\"https:\/\/www.yuque.com\/zwopkb\/hardware\/eaf-support-list\">VER.<\/a><\/em><\/p>\n<p>\u25ba<a href=\"http:\/\/astronomy-imaging-camera.com\/software-drivers\">Drivers<\/a><\/p>\n<p>&nbsp;<\/p>\n","protected":false},"excerpt":{"rendered":"<p>ZWO EAF N MotoFocus USB C \u25baO motofocus do ZWO permite o foco motorizado preciso do seu telesc\u00f3pio para astrofotografia e observa\u00e7\u00e3o. \u2666 Novo: Fonte de alimenta\u00e7\u00e3o via USB &#8211; tamb\u00e9m funciona via computador ou ASIAIR \u2666 Pode mover facilmente at\u00e9 5 kg \u2666 ASCOM, ASIAIR e INDI s\u00e3o suportados \u2666 ZWO EAF funciona com<\/p>\n<div class=\"more-link\">\n\t\t\t\t <a href=\"https:\/\/site.astrofoto.com.pt\/welcome\/produto\/zwo-eaf-motofocus-usb-c\/\" class=\"btn theme-btn inverted\"><span>Continuar a Ler <\/span><\/a>\n\t\t\t<\/div>\n","protected":false},"featured_media":10332,"comment_status":"closed","ping_status":"closed","template":"","meta":[],"product_brand":[],"product_cat":[51,34],"product_tag":[],"class_list":{"0":"post-10331","1":"product","2":"type-product","3":"status-publish","4":"has-post-thumbnail","6":"product_cat-acessorios-para-telescopios","7":"product_cat-acessoriosfotografia","9":"first","10":"onbackorder","11":"sale","12":"shipping-taxable","13":"purchasable","14":"product-type-simple"},"_links":{"self":[{"href":"https:\/\/site.astrofoto.com.pt\/welcome\/wp-json\/wp\/v2\/product\/10331","targetHints":{"allow":["GET"]}}],"collection":[{"href":"https:\/\/site.astrofoto.com.pt\/welcome\/wp-json\/wp\/v2\/product"}],"about":[{"href":"https:\/\/site.astrofoto.com.pt\/welcome\/wp-json\/wp\/v2\/types\/product"}],"replies":[{"embeddable":true,"href":"https:\/\/site.astrofoto.com.pt\/welcome\/wp-json\/wp\/v2\/comments?post=10331"}],"wp:featuredmedia":[{"embeddable":true,"href":"https:\/\/site.astrofoto.com.pt\/welcome\/wp-json\/wp\/v2\/media\/10332"}],"wp:attachment":[{"href":"https:\/\/site.astrofoto.com.pt\/welcome\/wp-json\/wp\/v2\/media?parent=10331"}],"wp:term":[{"taxonomy":"product_brand","embeddable":true,"href":"https:\/\/site.astrofoto.com.pt\/welcome\/wp-json\/wp\/v2\/product_brand?post=10331"},{"taxonomy":"product_cat","embeddable":true,"href":"https:\/\/site.astrofoto.com.pt\/welcome\/wp-json\/wp\/v2\/product_cat?post=10331"},{"taxonomy":"product_tag","embeddable":true,"href":"https:\/\/site.astrofoto.com.pt\/welcome\/wp-json\/wp\/v2\/product_tag?post=10331"}],"curies":[{"name":"wp","href":"https:\/\/api.w.org\/{rel}","templated":true}]}}