{"id":10317,"date":"2025-06-20T14:26:40","date_gmt":"2025-06-20T14:26:40","guid":{"rendered":"https:\/\/site.astrofoto.com.pt\/welcome\/?post_type=product&#038;p=10317"},"modified":"2025-06-21T11:23:03","modified_gmt":"2025-06-21T11:23:03","slug":"telescopio-solar-skywatcher-heliostar-76-h-alpha","status":"publish","type":"product","link":"https:\/\/site.astrofoto.com.pt\/welcome\/produto\/telescopio-solar-skywatcher-heliostar-76-h-alpha\/","title":{"rendered":"Telesc\u00f3pio solar SkyWatcher Heliostar-76 H-alpha"},"content":{"rendered":"<p><strong>Telesc\u00f3pio solar SkyWatcher Heliostar-76 H-alpha OTA<\/strong><\/p>\n<p>Abertura: 76mm<br \/>\nDist\u00e2ncia focal: 630mm<br \/>\nRaz\u00e3o focal: 8,3<br \/>\nPeso do tubo: 3,8 Kg<br \/>\nComprimento do tubo: 600mm<br \/>\n\u25baBlocking Filter:<strong> 11,5mm<\/strong><br \/>\nAcerto por Inclina\u00e7\u00e3o de etalon<br \/>\n\u25baLargura de banda: &lt; <strong>0,5 Angstrom<\/strong><br \/>\nFocador: Crayford<br \/>\nLiga\u00e7\u00e3o lado da ocular: 2&#8243;<br \/>\nAdaptador 2&#8243; a 1.25&#8243;<br \/>\nRosca: T2<br \/>\nDesmultiplica\u00e7\u00e3o do focador: 1\/10<br \/>\nOcular: 20mm 1.25&#8243;<br \/>\nBuscador solar seguro<br \/>\nDiagonal: 90\u00ba<br \/>\nDovetail tipo Vixen<br \/>\nParassol<br \/>\nMala r\u00edgida<br \/>\nBra\u00e7adeiras<br \/>\nAdaptador de Smartphone<\/p>\n<p>A caracter\u00edstica \u00fanica do Heliostar da Sky-Watcher \u00e9 que ele reduz os custos de produ\u00e7\u00e3o ao incluir o filtro etalon dentro do instrumento&#8230; em vez de ser na parte frontal da lente. Como os raios de luz convergem da sa\u00edda da lente para o ponto focal, o componente principal (o etalon interno) \u00e9 menor, sem reduzir a quantidade de luz (que depende do tamanho da lente). Todo o sistema est\u00e1 em conformidade com a norma ISO 12312-2 para filtros destinados \u00e0 observa\u00e7\u00e3o direta do Sol; cada instrumento \u00e9 testado em um laborat\u00f3rio e diretamente no Sol.<\/p>\n<p>A largura de banda \u00e9 ajustada por meio de um sistema de sintoniza\u00e7\u00e3o que modifica a press\u00e3o e o \u00e2ngulo de inclina\u00e7\u00e3o das l\u00e2minas etalon de Fabry-Perot. Certifique-se de que o Heliostar 76\u03b1 seja colocado ao ar livre por mais de meia hora antes de cada uso para garantir uma temperatura constante dentro e fora do padr\u00e3o, o que aprimorar\u00e1 suas observa\u00e7\u00f5es e fotografias.<\/p>\n<p>Em termos de acess\u00f3rios, a Sky-Watcher oferece uma ampla gama de acess\u00f3rios para complementar o Heliostar 76 mm. Vem em um estojo r\u00edgido, tornando-o muito pr\u00e1tico para viagens. Um buscador solar permite orientar o instrumento em segundos. Uma ocular de alta qualidade com dist\u00e2ncia focal de 20 mm e um campo de vis\u00e3o aparente de 70\u00b0 exibe todo o globo solar. O filtro de bloqueio de 11,5 mm (diagonal) permite a montagem de sensores de tamanho razo\u00e1vel, como a camara ZWO ASI 715MC ou a 585MC, para suas sess\u00f5es de imagem. O focador \u00e9 um Crayford de 2&#8243; e desmultiplica\u00e7\u00e3o de 10:1, muito \u00fatil para visualiza\u00e7\u00e3o em alta amplia\u00e7\u00e3o ou astrofotografia. Um adaptador para smartphone permite que voc\u00ea comece a tirar suas primeiras fotos!<\/p>\n<p>&nbsp;<\/p>\n","protected":false},"excerpt":{"rendered":"<p>Telesc\u00f3pio solar SkyWatcher Heliostar-76 H-alpha OTA Abertura: 76mm Dist\u00e2ncia focal: 630mm Raz\u00e3o focal: 8,3 Peso do tubo: 3,8 Kg Comprimento do tubo: 600mm \u25baBlocking Filter: 11,5mm Acerto por Inclina\u00e7\u00e3o de etalon \u25baLargura de banda: &lt; 0,5 Angstrom Focador: Crayford Liga\u00e7\u00e3o lado da ocular: 2&#8243; Adaptador 2&#8243; a 1.25&#8243; Rosca: T2 Desmultiplica\u00e7\u00e3o do focador: 1\/10 Ocular:<\/p>\n<div class=\"more-link\">\n\t\t\t\t <a href=\"https:\/\/site.astrofoto.com.pt\/welcome\/produto\/telescopio-solar-skywatcher-heliostar-76-h-alpha\/\" class=\"btn theme-btn inverted\"><span>Continuar a Ler <\/span><\/a>\n\t\t\t<\/div>\n","protected":false},"featured_media":10320,"comment_status":"closed","ping_status":"closed","template":"","meta":[],"product_brand":[],"product_cat":[19],"product_tag":[],"class_list":{"0":"post-10317","1":"product","2":"type-product","3":"status-publish","4":"has-post-thumbnail","6":"product_cat-telescopios-solares","8":"first","9":"onbackorder","10":"sale","11":"shipping-taxable","12":"purchasable","13":"product-type-simple"},"_links":{"self":[{"href":"https:\/\/site.astrofoto.com.pt\/welcome\/wp-json\/wp\/v2\/product\/10317","targetHints":{"allow":["GET"]}}],"collection":[{"href":"https:\/\/site.astrofoto.com.pt\/welcome\/wp-json\/wp\/v2\/product"}],"about":[{"href":"https:\/\/site.astrofoto.com.pt\/welcome\/wp-json\/wp\/v2\/types\/product"}],"replies":[{"embeddable":true,"href":"https:\/\/site.astrofoto.com.pt\/welcome\/wp-json\/wp\/v2\/comments?post=10317"}],"wp:featuredmedia":[{"embeddable":true,"href":"https:\/\/site.astrofoto.com.pt\/welcome\/wp-json\/wp\/v2\/media\/10320"}],"wp:attachment":[{"href":"https:\/\/site.astrofoto.com.pt\/welcome\/wp-json\/wp\/v2\/media?parent=10317"}],"wp:term":[{"taxonomy":"product_brand","embeddable":true,"href":"https:\/\/site.astrofoto.com.pt\/welcome\/wp-json\/wp\/v2\/product_brand?post=10317"},{"taxonomy":"product_cat","embeddable":true,"href":"https:\/\/site.astrofoto.com.pt\/welcome\/wp-json\/wp\/v2\/product_cat?post=10317"},{"taxonomy":"product_tag","embeddable":true,"href":"https:\/\/site.astrofoto.com.pt\/welcome\/wp-json\/wp\/v2\/product_tag?post=10317"}],"curies":[{"name":"wp","href":"https:\/\/api.w.org\/{rel}","templated":true}]}}