{"id":1029,"date":"2015-09-28T17:23:55","date_gmt":"2015-09-28T17:23:55","guid":{"rendered":"http:\/\/site.astrofoto.com.pt\/welcome\/?post_type=product&#038;p=1029"},"modified":"2025-04-10T17:19:58","modified_gmt":"2025-04-10T17:19:58","slug":"montagem-paramount-me","status":"publish","type":"product","link":"https:\/\/site.astrofoto.com.pt\/welcome\/produto\/montagem-paramount-me\/","title":{"rendered":"Montagem Paramount ME II"},"content":{"rendered":"<p><a href=\"http:\/\/site.astrofoto.com.pt\/welcome\/wp-content\/uploads\/2015\/09\/Paramount-MEII.jpg\"><img fetchpriority=\"high\" decoding=\"async\" class=\"alignleft size-medium wp-image-3722\" src=\"http:\/\/site.astrofoto.com.pt\/welcome\/wp-content\/uploads\/2015\/09\/Paramount-MEII-300x247.jpg\" alt=\"\" width=\"300\" height=\"247\" srcset=\"https:\/\/site.astrofoto.com.pt\/welcome\/wp-content\/uploads\/2015\/09\/Paramount-MEII-300x247.jpg 300w, https:\/\/site.astrofoto.com.pt\/welcome\/wp-content\/uploads\/2015\/09\/Paramount-MEII-450x370.jpg 450w, https:\/\/site.astrofoto.com.pt\/welcome\/wp-content\/uploads\/2015\/09\/Paramount-MEII-600x493.jpg 600w, https:\/\/site.astrofoto.com.pt\/welcome\/wp-content\/uploads\/2015\/09\/Paramount-MEII-768x632.jpg 768w, https:\/\/site.astrofoto.com.pt\/welcome\/wp-content\/uploads\/2015\/09\/Paramount-MEII-1024x842.jpg 1024w, https:\/\/site.astrofoto.com.pt\/welcome\/wp-content\/uploads\/2015\/09\/Paramount-MEII.jpg 1644w\" sizes=\"(max-width: 300px) 100vw, 300px\" \/><\/a><\/p>\n<hr \/>\n<p>Paramount ME<br \/>\n\u2022 Super montagem equatorial alem\u00e3 rob\u00f3tica<br \/>\n\u2022 a\u00e7o inoxid\u00e1vel e alum\u00ednio anodizado,<br \/>\n\u2022 carga m\u00e1xima at\u00e9 68kg sem contra-pesos<br \/>\n\u2022 rodas dentadas em alum\u00ednio, com 576 e 375 dentes<br \/>\n\u2022 erro peri\u00f3dico pico-a-pico: 5 segundos de arco<br \/>\n\u2022 controlo de azimute de +\/- 4\u00ba<br \/>\n\u2022 software para controlo da montagem, an\u00e1lise e correc\u00e7\u00e3o de erros de GOTO<br \/>\n\u2022 controlo de c\u00e2maras CCD,<br \/>\n\u2022 tratamento e an\u00e1lise de imagens CCD<br \/>\n\u2022 planet\u00e1rio virtual.<br \/>\n\u2022 controlador MK4000<br \/>\n\u2022 interface USB.<\/p>\n<p>mais info: <a href=\"http:\/\/www.bisque.com\" target=\"_self\" rel=\"noopener noreferrer\">http:\/\/www.bisque.com\/me<\/a><\/p>\n","protected":false},"excerpt":{"rendered":"<p>Paramount ME \u2022 Super montagem equatorial alem\u00e3 rob\u00f3tica \u2022 a\u00e7o inoxid\u00e1vel e alum\u00ednio anodizado, \u2022 carga m\u00e1xima at\u00e9 68kg sem contra-pesos \u2022 rodas dentadas em alum\u00ednio, com 576 e 375 dentes \u2022 erro peri\u00f3dico pico-a-pico: 5 segundos de arco \u2022 controlo de azimute de +\/- 4\u00ba \u2022 software para controlo da montagem, an\u00e1lise e correc\u00e7\u00e3o<\/p>\n<div class=\"more-link\">\n\t\t\t\t <a href=\"https:\/\/site.astrofoto.com.pt\/welcome\/produto\/montagem-paramount-me\/\" class=\"btn theme-btn inverted\"><span>Continuar a Ler <\/span><\/a>\n\t\t\t<\/div>\n","protected":false},"featured_media":3722,"comment_status":"open","ping_status":"closed","template":"","meta":[],"product_brand":[],"product_cat":[14],"product_tag":[],"class_list":{"0":"post-1029","1":"product","2":"type-product","3":"status-publish","4":"has-post-thumbnail","6":"product_cat-montagens","7":"product_shipping_class-taxa-media","9":"first","10":"onbackorder","11":"shipping-taxable","12":"purchasable","13":"product-type-simple"},"_links":{"self":[{"href":"https:\/\/site.astrofoto.com.pt\/welcome\/wp-json\/wp\/v2\/product\/1029","targetHints":{"allow":["GET"]}}],"collection":[{"href":"https:\/\/site.astrofoto.com.pt\/welcome\/wp-json\/wp\/v2\/product"}],"about":[{"href":"https:\/\/site.astrofoto.com.pt\/welcome\/wp-json\/wp\/v2\/types\/product"}],"replies":[{"embeddable":true,"href":"https:\/\/site.astrofoto.com.pt\/welcome\/wp-json\/wp\/v2\/comments?post=1029"}],"wp:featuredmedia":[{"embeddable":true,"href":"https:\/\/site.astrofoto.com.pt\/welcome\/wp-json\/wp\/v2\/media\/3722"}],"wp:attachment":[{"href":"https:\/\/site.astrofoto.com.pt\/welcome\/wp-json\/wp\/v2\/media?parent=1029"}],"wp:term":[{"taxonomy":"product_brand","embeddable":true,"href":"https:\/\/site.astrofoto.com.pt\/welcome\/wp-json\/wp\/v2\/product_brand?post=1029"},{"taxonomy":"product_cat","embeddable":true,"href":"https:\/\/site.astrofoto.com.pt\/welcome\/wp-json\/wp\/v2\/product_cat?post=1029"},{"taxonomy":"product_tag","embeddable":true,"href":"https:\/\/site.astrofoto.com.pt\/welcome\/wp-json\/wp\/v2\/product_tag?post=1029"}],"curies":[{"name":"wp","href":"https:\/\/api.w.org\/{rel}","templated":true}]}}