{"id":10283,"date":"2025-06-02T18:43:49","date_gmt":"2025-06-02T18:43:49","guid":{"rendered":"https:\/\/site.astrofoto.com.pt\/welcome\/?post_type=product&#038;p=10283"},"modified":"2025-06-02T18:43:49","modified_gmt":"2025-06-02T18:43:49","slug":"camara-zwo-asi-678mc-cor","status":"publish","type":"product","link":"https:\/\/site.astrofoto.com.pt\/welcome\/produto\/camara-zwo-asi-678mc-cor\/","title":{"rendered":"C\u00e2mara Zwo ASI 678MC COR"},"content":{"rendered":"<p><strong>C\u00e2mara Zwo ASI 678MC COR<\/strong><\/p>\n<p>\u2022 Sensor: CMOS (Sony IMX678)<br \/>\n\u2022 Megapixel: 8,3<br \/>\n\u2022 Resolu\u00e7\u00e3o: 3840 x 2160 px<br \/>\n\u2022 Tamanho de pixel: 2 x 2 \u00b5m<br \/>\n\u2022 Interfaces:USB 3.0 ST4<br \/>\n\u2022 Bit: 12<br \/>\n\u2022 Temperatura de funcionamento: -5\u00ba a +45\u00ba<br \/>\n\u2022 Tempo de exposi\u00e7\u00e3o m\u00e1xima: 33,3 m<br \/>\n\u2022 Tempo de exposi\u00e7\u00e3o min.: 32 \u00b5s<br \/>\n\u2022 Imagens por segundo: 47,5<br \/>\n\u2022 Chip \u2013 Diagonal: 6,4 mm<br \/>\n\u2022 Reading noise: 0,6<br \/>\n\u2022 Full Well Capacity: 11270<br \/>\n\u2022 Folga focal: 12,5mm<br \/>\n\u2022 Tamanho do chip: 7,7 x 4,3mm<br \/>\n\u2022 Alimenta\u00e7\u00e3o 5v (USB)<br \/>\n\u2022 Entrada (Telescopio): T2<br \/>\n\u2022 Peso: 126gr<\/p>\n","protected":false},"excerpt":{"rendered":"<p>C\u00e2mara Zwo ASI 678MC COR \u2022 Sensor: CMOS (Sony IMX678) \u2022 Megapixel: 8,3 \u2022 Resolu\u00e7\u00e3o: 3840 x 2160 px \u2022 Tamanho de pixel: 2 x 2 \u00b5m \u2022 Interfaces:USB 3.0 ST4 \u2022 Bit: 12 \u2022 Temperatura de funcionamento: -5\u00ba a +45\u00ba \u2022 Tempo de exposi\u00e7\u00e3o m\u00e1xima: 33,3 m \u2022 Tempo de exposi\u00e7\u00e3o min.: 32 \u00b5s<\/p>\n<div class=\"more-link\">\n\t\t\t\t <a href=\"https:\/\/site.astrofoto.com.pt\/welcome\/produto\/camara-zwo-asi-678mc-cor\/\" class=\"btn theme-btn inverted\"><span>Continuar a Ler <\/span><\/a>\n\t\t\t<\/div>\n","protected":false},"featured_media":10284,"comment_status":"closed","ping_status":"closed","template":"","meta":[],"product_brand":[],"product_cat":[24],"product_tag":[],"class_list":{"0":"post-10283","1":"product","2":"type-product","3":"status-publish","4":"has-post-thumbnail","6":"product_cat-fotografia-astronomica","8":"first","9":"onbackorder","10":"shipping-taxable","11":"purchasable","12":"product-type-simple"},"_links":{"self":[{"href":"https:\/\/site.astrofoto.com.pt\/welcome\/wp-json\/wp\/v2\/product\/10283","targetHints":{"allow":["GET"]}}],"collection":[{"href":"https:\/\/site.astrofoto.com.pt\/welcome\/wp-json\/wp\/v2\/product"}],"about":[{"href":"https:\/\/site.astrofoto.com.pt\/welcome\/wp-json\/wp\/v2\/types\/product"}],"replies":[{"embeddable":true,"href":"https:\/\/site.astrofoto.com.pt\/welcome\/wp-json\/wp\/v2\/comments?post=10283"}],"wp:featuredmedia":[{"embeddable":true,"href":"https:\/\/site.astrofoto.com.pt\/welcome\/wp-json\/wp\/v2\/media\/10284"}],"wp:attachment":[{"href":"https:\/\/site.astrofoto.com.pt\/welcome\/wp-json\/wp\/v2\/media?parent=10283"}],"wp:term":[{"taxonomy":"product_brand","embeddable":true,"href":"https:\/\/site.astrofoto.com.pt\/welcome\/wp-json\/wp\/v2\/product_brand?post=10283"},{"taxonomy":"product_cat","embeddable":true,"href":"https:\/\/site.astrofoto.com.pt\/welcome\/wp-json\/wp\/v2\/product_cat?post=10283"},{"taxonomy":"product_tag","embeddable":true,"href":"https:\/\/site.astrofoto.com.pt\/welcome\/wp-json\/wp\/v2\/product_tag?post=10283"}],"curies":[{"name":"wp","href":"https:\/\/api.w.org\/{rel}","templated":true}]}}